{"id":867,"date":"2019-05-02T19:09:30","date_gmt":"2019-05-02T17:09:30","guid":{"rendered":"http:\/\/apr-europe.s13.blizz.eu\/product\/25-64-18-porsche-cup-n2\/"},"modified":"2026-04-14T12:01:22","modified_gmt":"2026-04-14T10:01:22","slug":"25-64-18-porsche-cup-n2","status":"publish","type":"product","link":"https:\/\/apr-europe.com\/en\/tires\/25-64-18-porsche-cup-n2\/","title":{"rendered":"25\/64 &#8211; 18 PORSCHE CUP N2"},"content":{"rendered":"<p>25\/64-18 PORSCHE CUP N2<\/p>\n","protected":false},"excerpt":{"rendered":"<table style=\"height: 509px\" width=\"826\">\n<tbody>\n<tr>\n<td width=\"199\">Dimension<\/td>\n<td width=\"83\">25\/64-18<\/td>\n<\/tr>\n<tr>\n<td width=\"199\">Gamme \/ Range<\/td>\n<td width=\"83\">PORSCHE CUP<\/td>\n<\/tr>\n<tr>\n<td width=\"199\">CRAN \/ COMPOUND<\/td>\n<td width=\"83\">N2<\/td>\n<\/tr>\n<tr>\n<td width=\"199\">PROFIL<\/td>\n<td width=\"83\">Slick<\/td>\n<\/tr>\n<tr>\n<td width=\"199\">JANTE RECOMMANDEE (pouce)\/ RECOMMENDED RIM (inch)<\/td>\n<td width=\"83\">9,5<\/td>\n<\/tr>\n<tr>\n<td width=\"199\">LARGEUR BANDE DE ROULEMENT \/ TREAD WIDTH (mm)<\/td>\n<td width=\"83\">249<\/td>\n<\/tr>\n<tr>\n<td width=\"199\">SECTION DU PNEU \/ TYRE SECTION (mm)<\/td>\n<td width=\"83\">271<\/td>\n<\/tr>\n<tr>\n<td width=\"199\">DIAMETRE GONFLE (mm) \/ INFLATED DIAMETER (mm)<\/td>\n<td width=\"83\">642<\/td>\n<\/tr>\n<tr>\n<td width=\"199\">CIRCONFERENCE DE ROULEMENT \/ ROLLING CIRCUMFERENCE (mm)<\/td>\n<td width=\"83\">1990<\/td>\n<\/tr>\n<\/tbody>\n<\/table>\n<p><a href=\"https:\/\/apr-europe.com\/wp-content\/uploads\/2019\/05\/256418-CUP-N2.jpg\"><img decoding=\"async\" class=\"alignnone size-full wp-image-48517\" src=\"https:\/\/apr-europe.com\/wp-content\/uploads\/2019\/05\/256418-CUP-N2.jpg\" alt=\"\" width=\"1510\" height=\"539\" srcset=\"https:\/\/apr-europe.com\/wp-content\/uploads\/2019\/05\/256418-CUP-N2.jpg 1510w, https:\/\/apr-europe.com\/wp-content\/uploads\/2019\/05\/256418-CUP-N2-300x107.jpg 300w, https:\/\/apr-europe.com\/wp-content\/uploads\/2019\/05\/256418-CUP-N2-1024x366.jpg 1024w, https:\/\/apr-europe.com\/wp-content\/uploads\/2019\/05\/256418-CUP-N2-768x274.jpg 768w, https:\/\/apr-europe.com\/wp-content\/uploads\/2019\/05\/256418-CUP-N2-600x214.jpg 600w\" sizes=\"(max-width: 1510px) 100vw, 1510px\" \/><\/a><\/p>\n","protected":false},"featured_media":40832,"template":"","meta":{"_acf_changed":false},"product_brand":[],"product_cat":[550],"product_tag":[],"class_list":{"0":"post-867","1":"product","2":"type-product","3":"status-publish","4":"has-post-thumbnail","6":"product_cat-auto","8":"first","9":"instock","10":"taxable","11":"shipping-taxable","12":"purchasable","13":"product-type-simple"},"acf":[],"yoast_head":"<!-- This site is optimized with the Yoast SEO plugin v27.3 - https:\/\/yoast.com\/product\/yoast-seo-wordpress\/ -->\n<title>Pneu Michelin 25\/64 - 18 PORSCHE CUP N2 - APR | Le sp\u00e9cialiste des pneus de comp\u00e9tition circuit auto et moto<\/title>\n<meta name=\"description\" content=\"Ces pneumatiques MICHELIN Porsche Cup ont \u00e9t\u00e9 con\u00e7us sur mesure pour r\u00e9pondre aux exigences du constructeur allemand.\" \/>\n<meta name=\"robots\" content=\"index, follow, max-snippet:-1, max-image-preview:large, max-video-preview:-1\" \/>\n<link rel=\"canonical\" href=\"https:\/\/apr-europe.com\/en\/tires\/25-64-18-porsche-cup-n2\/\" \/>\n<meta property=\"og:locale\" content=\"en_US\" \/>\n<meta property=\"og:type\" content=\"article\" \/>\n<meta property=\"og:title\" content=\"Pneu Michelin 25\/64 - 18 PORSCHE CUP N2 - APR | Le sp\u00e9cialiste des pneus de comp\u00e9tition circuit auto et moto\" \/>\n<meta property=\"og:description\" content=\"Ces pneumatiques MICHELIN Porsche Cup ont \u00e9t\u00e9 con\u00e7us sur mesure pour r\u00e9pondre aux exigences du constructeur allemand.\" \/>\n<meta property=\"og:url\" content=\"https:\/\/apr-europe.com\/en\/tires\/25-64-18-porsche-cup-n2\/\" \/>\n<meta property=\"og:site_name\" content=\"APR\" \/>\n<meta property=\"article:modified_time\" content=\"2026-04-14T10:01:22+00:00\" \/>\n<meta property=\"og:image\" content=\"https:\/\/apr-europe.com\/wp-content\/uploads\/2020\/05\/033685-276518-S9L.png\" \/>\n\t<meta property=\"og:image:width\" content=\"2048\" \/>\n\t<meta property=\"og:image:height\" content=\"2048\" \/>\n\t<meta property=\"og:image:type\" content=\"image\/png\" \/>\n<meta name=\"twitter:card\" content=\"summary_large_image\" \/>\n<meta name=\"twitter:label1\" content=\"Est. reading time\" \/>\n\t<meta name=\"twitter:data1\" content=\"1 minute\" \/>\n<script type=\"application\/ld+json\" class=\"yoast-schema-graph\">{\"@context\":\"https:\\\/\\\/schema.org\",\"@graph\":[{\"@type\":\"WebPage\",\"@id\":\"https:\\\/\\\/apr-europe.com\\\/en\\\/tires\\\/25-64-18-porsche-cup-n2\\\/\",\"url\":\"https:\\\/\\\/apr-europe.com\\\/en\\\/tires\\\/25-64-18-porsche-cup-n2\\\/\",\"name\":\"Pneu Michelin 25\\\/64 - 18 PORSCHE CUP N2 - APR | Le sp\u00e9cialiste des pneus de comp\u00e9tition circuit auto et moto\",\"isPartOf\":{\"@id\":\"https:\\\/\\\/apr-europe.com\\\/en\\\/#website\"},\"primaryImageOfPage\":{\"@id\":\"https:\\\/\\\/apr-europe.com\\\/en\\\/tires\\\/25-64-18-porsche-cup-n2\\\/#primaryimage\"},\"image\":{\"@id\":\"https:\\\/\\\/apr-europe.com\\\/en\\\/tires\\\/25-64-18-porsche-cup-n2\\\/#primaryimage\"},\"thumbnailUrl\":\"https:\\\/\\\/apr-europe.com\\\/wp-content\\\/uploads\\\/2020\\\/05\\\/033685-276518-S9L.png\",\"datePublished\":\"2019-05-02T17:09:30+00:00\",\"dateModified\":\"2026-04-14T10:01:22+00:00\",\"description\":\"Ces pneumatiques MICHELIN Porsche Cup ont \u00e9t\u00e9 con\u00e7us sur mesure pour r\u00e9pondre aux exigences du constructeur allemand.\",\"breadcrumb\":{\"@id\":\"https:\\\/\\\/apr-europe.com\\\/en\\\/tires\\\/25-64-18-porsche-cup-n2\\\/#breadcrumb\"},\"inLanguage\":\"en-US\",\"potentialAction\":[{\"@type\":\"ReadAction\",\"target\":[\"https:\\\/\\\/apr-europe.com\\\/en\\\/tires\\\/25-64-18-porsche-cup-n2\\\/\"]}]},{\"@type\":\"ImageObject\",\"inLanguage\":\"en-US\",\"@id\":\"https:\\\/\\\/apr-europe.com\\\/en\\\/tires\\\/25-64-18-porsche-cup-n2\\\/#primaryimage\",\"url\":\"https:\\\/\\\/apr-europe.com\\\/wp-content\\\/uploads\\\/2020\\\/05\\\/033685-276518-S9L.png\",\"contentUrl\":\"https:\\\/\\\/apr-europe.com\\\/wp-content\\\/uploads\\\/2020\\\/05\\\/033685-276518-S9L.png\",\"width\":2048,\"height\":2048},{\"@type\":\"BreadcrumbList\",\"@id\":\"https:\\\/\\\/apr-europe.com\\\/en\\\/tires\\\/25-64-18-porsche-cup-n2\\\/#breadcrumb\",\"itemListElement\":[{\"@type\":\"ListItem\",\"position\":1,\"name\":\"Home\",\"item\":\"https:\\\/\\\/apr-europe.com\\\/en\\\/\"},{\"@type\":\"ListItem\",\"position\":2,\"name\":\"Shop\",\"item\":\"https:\\\/\\\/apr-europe.com\\\/en\\\/shop\\\/\"},{\"@type\":\"ListItem\",\"position\":3,\"name\":\"25\\\/64 &#8211; 18 PORSCHE CUP N2\"}]},{\"@type\":\"WebSite\",\"@id\":\"https:\\\/\\\/apr-europe.com\\\/en\\\/#website\",\"url\":\"https:\\\/\\\/apr-europe.com\\\/en\\\/\",\"name\":\"APR\",\"description\":\"Le sp\u00e9cialiste des pneus de comp\u00e9tition circuit auto et moto\",\"potentialAction\":[{\"@type\":\"SearchAction\",\"target\":{\"@type\":\"EntryPoint\",\"urlTemplate\":\"https:\\\/\\\/apr-europe.com\\\/en\\\/?s={search_term_string}\"},\"query-input\":{\"@type\":\"PropertyValueSpecification\",\"valueRequired\":true,\"valueName\":\"search_term_string\"}}],\"inLanguage\":\"en-US\"}]}<\/script>\n<!-- \/ Yoast SEO plugin. -->","yoast_head_json":{"title":"Pneu Michelin 25\/64 - 18 PORSCHE CUP N2 - APR | Le sp\u00e9cialiste des pneus de comp\u00e9tition circuit auto et moto","description":"Ces pneumatiques MICHELIN Porsche Cup ont \u00e9t\u00e9 con\u00e7us sur mesure pour r\u00e9pondre aux exigences du constructeur allemand.","robots":{"index":"index","follow":"follow","max-snippet":"max-snippet:-1","max-image-preview":"max-image-preview:large","max-video-preview":"max-video-preview:-1"},"canonical":"https:\/\/apr-europe.com\/en\/tires\/25-64-18-porsche-cup-n2\/","og_locale":"en_US","og_type":"article","og_title":"Pneu Michelin 25\/64 - 18 PORSCHE CUP N2 - APR | Le sp\u00e9cialiste des pneus de comp\u00e9tition circuit auto et moto","og_description":"Ces pneumatiques MICHELIN Porsche Cup ont \u00e9t\u00e9 con\u00e7us sur mesure pour r\u00e9pondre aux exigences du constructeur allemand.","og_url":"https:\/\/apr-europe.com\/en\/tires\/25-64-18-porsche-cup-n2\/","og_site_name":"APR","article_modified_time":"2026-04-14T10:01:22+00:00","og_image":[{"width":2048,"height":2048,"url":"https:\/\/apr-europe.com\/wp-content\/uploads\/2020\/05\/033685-276518-S9L.png","type":"image\/png"}],"twitter_card":"summary_large_image","twitter_misc":{"Est. reading time":"1 minute"},"schema":{"@context":"https:\/\/schema.org","@graph":[{"@type":"WebPage","@id":"https:\/\/apr-europe.com\/en\/tires\/25-64-18-porsche-cup-n2\/","url":"https:\/\/apr-europe.com\/en\/tires\/25-64-18-porsche-cup-n2\/","name":"Pneu Michelin 25\/64 - 18 PORSCHE CUP N2 - APR | Le sp\u00e9cialiste des pneus de comp\u00e9tition circuit auto et moto","isPartOf":{"@id":"https:\/\/apr-europe.com\/en\/#website"},"primaryImageOfPage":{"@id":"https:\/\/apr-europe.com\/en\/tires\/25-64-18-porsche-cup-n2\/#primaryimage"},"image":{"@id":"https:\/\/apr-europe.com\/en\/tires\/25-64-18-porsche-cup-n2\/#primaryimage"},"thumbnailUrl":"https:\/\/apr-europe.com\/wp-content\/uploads\/2020\/05\/033685-276518-S9L.png","datePublished":"2019-05-02T17:09:30+00:00","dateModified":"2026-04-14T10:01:22+00:00","description":"Ces pneumatiques MICHELIN Porsche Cup ont \u00e9t\u00e9 con\u00e7us sur mesure pour r\u00e9pondre aux exigences du constructeur allemand.","breadcrumb":{"@id":"https:\/\/apr-europe.com\/en\/tires\/25-64-18-porsche-cup-n2\/#breadcrumb"},"inLanguage":"en-US","potentialAction":[{"@type":"ReadAction","target":["https:\/\/apr-europe.com\/en\/tires\/25-64-18-porsche-cup-n2\/"]}]},{"@type":"ImageObject","inLanguage":"en-US","@id":"https:\/\/apr-europe.com\/en\/tires\/25-64-18-porsche-cup-n2\/#primaryimage","url":"https:\/\/apr-europe.com\/wp-content\/uploads\/2020\/05\/033685-276518-S9L.png","contentUrl":"https:\/\/apr-europe.com\/wp-content\/uploads\/2020\/05\/033685-276518-S9L.png","width":2048,"height":2048},{"@type":"BreadcrumbList","@id":"https:\/\/apr-europe.com\/en\/tires\/25-64-18-porsche-cup-n2\/#breadcrumb","itemListElement":[{"@type":"ListItem","position":1,"name":"Home","item":"https:\/\/apr-europe.com\/en\/"},{"@type":"ListItem","position":2,"name":"Shop","item":"https:\/\/apr-europe.com\/en\/shop\/"},{"@type":"ListItem","position":3,"name":"25\/64 &#8211; 18 PORSCHE CUP N2"}]},{"@type":"WebSite","@id":"https:\/\/apr-europe.com\/en\/#website","url":"https:\/\/apr-europe.com\/en\/","name":"APR","description":"Le sp\u00e9cialiste des pneus de comp\u00e9tition circuit auto et moto","potentialAction":[{"@type":"SearchAction","target":{"@type":"EntryPoint","urlTemplate":"https:\/\/apr-europe.com\/en\/?s={search_term_string}"},"query-input":{"@type":"PropertyValueSpecification","valueRequired":true,"valueName":"search_term_string"}}],"inLanguage":"en-US"}]}},"_links":{"self":[{"href":"https:\/\/apr-europe.com\/en\/wp-json\/wp\/v2\/product\/867","targetHints":{"allow":["GET"]}}],"collection":[{"href":"https:\/\/apr-europe.com\/en\/wp-json\/wp\/v2\/product"}],"about":[{"href":"https:\/\/apr-europe.com\/en\/wp-json\/wp\/v2\/types\/product"}],"wp:featuredmedia":[{"embeddable":true,"href":"https:\/\/apr-europe.com\/en\/wp-json\/wp\/v2\/media\/40832"}],"wp:attachment":[{"href":"https:\/\/apr-europe.com\/en\/wp-json\/wp\/v2\/media?parent=867"}],"wp:term":[{"taxonomy":"product_brand","embeddable":true,"href":"https:\/\/apr-europe.com\/en\/wp-json\/wp\/v2\/product_brand?post=867"},{"taxonomy":"product_cat","embeddable":true,"href":"https:\/\/apr-europe.com\/en\/wp-json\/wp\/v2\/product_cat?post=867"},{"taxonomy":"product_tag","embeddable":true,"href":"https:\/\/apr-europe.com\/en\/wp-json\/wp\/v2\/product_tag?post=867"}],"curies":[{"name":"wp","href":"https:\/\/api.w.org\/{rel}","templated":true}]}}