{"id":49975,"date":"2025-10-14T12:01:23","date_gmt":"2025-10-14T10:01:23","guid":{"rendered":"https:\/\/apr-europe.com\/pneus\/285-30zr20-99yxl-ps4-s\/"},"modified":"2026-01-05T12:21:04","modified_gmt":"2026-01-05T11:21:04","slug":"285-30zr20-99yxl-ps4-s","status":"publish","type":"product","link":"https:\/\/apr-europe.com\/en\/tires\/285-30zr20-99yxl-ps4-s\/","title":{"rendered":"285\/30ZR20 (99Y)XL PS4 S *"},"content":{"rendered":"<p>285\/30ZR20 (99Y)XL PS4 S *<\/p>\n","protected":false},"excerpt":{"rendered":"<table style=\"height: 480px\" width=\"640\">\n<tbody>\n<tr>\n<td width=\"189\">CAI<\/td>\n<td width=\"80\">701861<\/td>\n<\/tr>\n<tr>\n<td width=\"189\">Largeur (mm)<\/td>\n<td>285<\/td>\n<\/tr>\n<tr>\n<td width=\"189\">Serie<\/td>\n<td>30<\/td>\n<\/tr>\n<tr>\n<td width=\"189\">Diam\u00e8tre (pouces)<\/td>\n<td>20<\/td>\n<\/tr>\n<tr>\n<td width=\"189\">Indice de charge<\/td>\n<td>99<\/td>\n<\/tr>\n<tr>\n<td width=\"189\">Code Vitesse<\/td>\n<td>(Y)<\/td>\n<\/tr>\n<tr>\n<td width=\"189\">Designation Commerciale compl\u00e8te<\/td>\n<td>285\/30 ZR20 (99Y) XL TL PILOT SPORT 4 S * MI<\/td>\n<\/tr>\n<tr>\n<td width=\"189\">Profil<\/td>\n<td>PILOT SPORT 4 S<\/td>\n<\/tr>\n<tr>\n<td width=\"189\">Marquage sp\u00e9cifique<\/td>\n<td>*<\/td>\n<\/tr>\n<tr>\n<td width=\"189\">XL ou non<\/td>\n<td>XL<\/td>\n<\/tr>\n<\/tbody>\n<\/table>\n<h2>DESCRIPTION DU PNEU Pilot Sport 4S<\/h2>\n<h3>UTILISATION ET PERFORMANCE<\/h3>\n<p>LE PLAISIR DE LA ROUTE FAIT POUR DURER<\/p>\n<p>Ce pneumatique b\u00e9n\u00e9ficie des meilleures technologies\u00a0MICHELIN Pilot Sport, vous offrant contr\u00f4le et stabilit\u00e9, m\u00eame \u00e0 haute vitesse. Construit pour offrir des performances faites pour durer, il r\u00e9pondra \u00e9galement \u00e0 vos besoins de s\u00e9curit\u00e9 et de long\u00e9vit\u00e9.<\/p>\n<p>Con\u00e7u pour les v\u00e9hicules sportifs et hautes-performances, le pneu\u00a0MICHELIN Pilot Sport 4S\u00a0offre une exp\u00e9rience de conduite sans pr\u00e9c\u00e9dent gr\u00e2ce \u00e0 une pr\u00e9cision et une stabilit\u00e9 de direction exceptionnelles.<\/p>\n<h3>LES PLUS DU MOD\u00c8LE<\/h3>\n<ul>\n<li>Excellentes performances sur des caract\u00e9ristiques essentielles (1)*<\/li>\n<li>Leader en termes de long\u00e9vit\u00e9 et d&#8217;endurance sur piste (1)* (2)*<\/li>\n<li>Un proc\u00e9d\u00e9 de haute pr\u00e9cision et un savoir-faire unique associ\u00e9 \u00e0\u00a0 l&#8217;expertise des \u00e9quipes\u00a0Michelin<\/li>\n<li>Finition\u00a0&#8220;Premium Touch&#8221;\u00a0offrant un aspect effet velours sur tout le flanc ext\u00e9rieur pour sublimer votre v\u00e9hicule<\/li>\n<li>Le pneu\u00a0MICHELIN Pilot Sport 4S\u00a0\u00e9quipe en premi\u00e8re monte des v\u00e9hicules Hautes Performances prestigieux (Mercedes-AMG, Ferrari, Porsche, \u2026)<\/li>\n<\/ul>\n<h3>CARACT\u00c9RISTIQUES TECHNIQUES<\/h3>\n<ul>\n<li>Sculpture ultra-r\u00e9active qui s&#8217;adapte en permanence \u00e0 la route et optimise ainsi l&#8217;empreinte au sol<\/li>\n<li>Technologie\u00a0\u201cDynamic Response\u201d\u00a0: une ceinture hybride d\u2019aramide et de nylon qui transmet instantan\u00e9ment, et avec pr\u00e9cision, les informations du volant \u00e0 la route<\/li>\n<li>Technologie\u00a0&#8220;Multi-Compound&#8221;: diff\u00e9rents \u00e9lastom\u00e8res utilis\u00e9s dans la bande de roulement (3)* :\u00a0\u00c0 l&#8217;ext\u00e9rieur : un \u00e9lastom\u00e8re hybride pour l&#8217;adh\u00e9rence sur sol sec,\u00a0\u00c0 l&#8217;int\u00e9rieur : un nouveau m\u00e9lange de composants avec des \u00e9lastom\u00e8res &#8220;fonctionnels&#8221; sp\u00e9cifiques et de la silice pour l&#8217;adh\u00e9rence et le freinage sur sol mouill\u00e9<\/li>\n<\/ul>\n<p>&nbsp;<\/p>\n<h2>LA MARQUE MICHELIN<\/h2>\n<p>Parmi les leaders de l\u2019industrie pneumatique, Michelin a pour mission principale de contribuer \u00e0 la mobilit\u00e9 des personnes et des biens. Le groupe commercialise des pneus auto, 4&#215;4, camionnette, poids-lourd, agricoles, mais aussi deux roues (moto, scooter, v\u00e9lo), ainsi que des pneus d\u2019avion. En compl\u00e9ment, Michelin propose d\u2019autres types de produits et services d\u2019aide \u00e0 la mobilit\u00e9 : guides touristiques, guides h\u00f4tels et restaurants, cartes routi\u00e8res\u2026<\/p>\n<p>Depuis sa cr\u00e9ation en 1889, Michelin est implant\u00e9 \u00e0 Clermont-Ferrand (France). Pr\u00e9sent dans plus de 170 pays, le groupe emploie plus de 112 000 personnes \u00e0 travers le monde et dispose de 68 sites de production dans 17 pays diff\u00e9rents. La marque Michelin est associ\u00e9e \u00e0 son logo : le bonhomme Michelin appel\u00e9 Bibendum. Ce v\u00e9ritable embl\u00e8me est n\u00e9 en 1898 et a remport\u00e9 le titre de meilleur logo du monde en 2000.<\/p>\n","protected":false},"featured_media":530,"template":"","meta":{"_acf_changed":false},"product_brand":[],"product_cat":[550],"product_tag":[],"class_list":{"0":"post-49975","1":"product","2":"type-product","3":"status-publish","4":"has-post-thumbnail","6":"product_cat-auto","8":"first","9":"outofstock","10":"taxable","11":"shipping-taxable","12":"purchasable","13":"product-type-simple"},"acf":[],"yoast_head":"<!-- This site is optimized with the Yoast SEO plugin v27.3 - https:\/\/yoast.com\/product\/yoast-seo-wordpress\/ -->\n<title>Pneu Michelin 285\/30ZR20 (99Y)XL PS4 S * - APR | Le sp\u00e9cialiste des pneus de comp\u00e9tition circuit auto et moto<\/title>\n<meta name=\"robots\" content=\"index, follow, max-snippet:-1, max-image-preview:large, max-video-preview:-1\" \/>\n<link rel=\"canonical\" href=\"https:\/\/apr-europe.com\/en\/tires\/285-30zr20-99yxl-ps4-s\/\" \/>\n<meta property=\"og:locale\" content=\"en_US\" \/>\n<meta property=\"og:type\" content=\"article\" \/>\n<meta property=\"og:title\" content=\"Pneu Michelin 285\/30ZR20 (99Y)XL PS4 S * - APR | Le sp\u00e9cialiste des pneus de comp\u00e9tition circuit auto et moto\" \/>\n<meta property=\"og:description\" content=\"CAI 701861   Largeur (mm) 285   Serie 30   Diam\u00e8tre (pouces) 20   Indice de charge 99   Code Vitesse (Y)   Designation Commerciale compl\u00e8te 285\/30 ZR20 (99Y) XL TL PILOT SPORT 4 S * MI   Profil PILOT SPORT 4 S   Marquage sp\u00e9cifique *   XL ou non XL    DESCRIPTION DU PNEU Pilot Sport 4S UTILISATION ET PERFORMANCE LE PLAISIR DE LA ROUTE FAIT POUR DURER  Ce pneumatique b\u00e9n\u00e9ficie des meilleures technologies\u00a0MICHELIN Pilot Sport, vous offrant contr\u00f4le et stabilit\u00e9, m\u00eame \u00e0 haute vitesse. Construit pour offrir des performances faites pour durer, il r\u00e9pondra \u00e9galement \u00e0 vos besoins de s\u00e9curit\u00e9 et de long\u00e9vit\u00e9.  Con\u00e7u pour les v\u00e9hicules sportifs et hautes-performances, le pneu\u00a0MICHELIN Pilot Sport 4S\u00a0offre une exp\u00e9rience de conduite sans pr\u00e9c\u00e9dent gr\u00e2ce \u00e0 une pr\u00e9cision et une stabilit\u00e9 de direction exceptionnelles. LES PLUS DU MOD\u00c8LE   Excellentes performances sur des caract\u00e9ristiques essentielles (1)*  Leader en termes de long\u00e9vit\u00e9 et d&#039;endurance sur piste (1)* (2)*  Un proc\u00e9d\u00e9 de haute pr\u00e9cision et un savoir-faire unique associ\u00e9 \u00e0\u00a0 l&#039;expertise des \u00e9quipes\u00a0Michelin  Finition\u00a0&quot;Premium Touch&quot;\u00a0offrant un aspect effet velours sur tout le flanc ext\u00e9rieur pour sublimer votre v\u00e9hicule  Le pneu\u00a0MICHELIN Pilot Sport 4S\u00a0\u00e9quipe en premi\u00e8re monte des v\u00e9hicules Hautes Performances prestigieux (Mercedes-AMG, Ferrari, Porsche, \u2026)  CARACT\u00c9RISTIQUES TECHNIQUES   Sculpture ultra-r\u00e9active qui s&#039;adapte en permanence \u00e0 la route et optimise ainsi l&#039;empreinte au sol  Technologie\u00a0\u201cDynamic Response\u201d\u00a0: une ceinture hybride d\u2019aramide et de nylon qui transmet instantan\u00e9ment, et avec pr\u00e9cision, les informations du volant \u00e0 la route  Technologie\u00a0&quot;Multi-Compound&quot;: diff\u00e9rents \u00e9lastom\u00e8res utilis\u00e9s dans la bande de roulement (3)* :\u00a0\u00c0 l&#039;ext\u00e9rieur : un \u00e9lastom\u00e8re hybride pour l&#039;adh\u00e9rence sur sol sec,\u00a0\u00c0 l&#039;int\u00e9rieur : un nouveau m\u00e9lange de composants avec des \u00e9lastom\u00e8res &quot;fonctionnels&quot; sp\u00e9cifiques et de la silice pour l&#039;adh\u00e9rence et le freinage sur sol mouill\u00e9  &nbsp; LA MARQUE MICHELIN Parmi les leaders de l\u2019industrie pneumatique, Michelin a pour mission principale de contribuer \u00e0 la mobilit\u00e9 des personnes et des biens. Le groupe commercialise des pneus auto, 4x4, camionnette, poids-lourd, agricoles, mais aussi deux roues (moto, scooter, v\u00e9lo), ainsi que des pneus d\u2019avion. En compl\u00e9ment, Michelin propose d\u2019autres types de produits et services d\u2019aide \u00e0 la mobilit\u00e9 : guides touristiques, guides h\u00f4tels et restaurants, cartes routi\u00e8res\u2026  Depuis sa cr\u00e9ation en 1889, Michelin est implant\u00e9 \u00e0 Clermont-Ferrand (France). Pr\u00e9sent dans plus de 170 pays, le groupe emploie plus de 112 000 personnes \u00e0 travers le monde et dispose de 68 sites de production dans 17 pays diff\u00e9rents. La marque Michelin est associ\u00e9e \u00e0 son logo : le bonhomme Michelin appel\u00e9 Bibendum. Ce v\u00e9ritable embl\u00e8me est n\u00e9 en 1898 et a remport\u00e9 le titre de meilleur logo du monde en 2000.\" \/>\n<meta property=\"og:url\" content=\"https:\/\/apr-europe.com\/en\/tires\/285-30zr20-99yxl-ps4-s\/\" \/>\n<meta property=\"og:site_name\" content=\"APR\" \/>\n<meta property=\"article:modified_time\" content=\"2026-01-05T11:21:04+00:00\" \/>\n<meta property=\"og:image\" content=\"https:\/\/apr-europe.com\/wp-content\/uploads\/2019\/04\/PilotSport4S.png\" \/>\n\t<meta property=\"og:image:width\" content=\"495\" \/>\n\t<meta property=\"og:image:height\" content=\"468\" \/>\n\t<meta property=\"og:image:type\" content=\"image\/png\" \/>\n<meta name=\"twitter:card\" content=\"summary_large_image\" \/>\n<meta name=\"twitter:label1\" content=\"Est. reading time\" \/>\n\t<meta name=\"twitter:data1\" content=\"1 minute\" \/>\n<script type=\"application\/ld+json\" class=\"yoast-schema-graph\">{\"@context\":\"https:\\\/\\\/schema.org\",\"@graph\":[{\"@type\":\"WebPage\",\"@id\":\"https:\\\/\\\/apr-europe.com\\\/en\\\/tires\\\/285-30zr20-99yxl-ps4-s\\\/\",\"url\":\"https:\\\/\\\/apr-europe.com\\\/en\\\/tires\\\/285-30zr20-99yxl-ps4-s\\\/\",\"name\":\"Pneu Michelin 285\\\/30ZR20 (99Y)XL PS4 S * - APR | Le sp\u00e9cialiste des pneus de comp\u00e9tition circuit auto et moto\",\"isPartOf\":{\"@id\":\"https:\\\/\\\/apr-europe.com\\\/en\\\/#website\"},\"primaryImageOfPage\":{\"@id\":\"https:\\\/\\\/apr-europe.com\\\/en\\\/tires\\\/285-30zr20-99yxl-ps4-s\\\/#primaryimage\"},\"image\":{\"@id\":\"https:\\\/\\\/apr-europe.com\\\/en\\\/tires\\\/285-30zr20-99yxl-ps4-s\\\/#primaryimage\"},\"thumbnailUrl\":\"https:\\\/\\\/apr-europe.com\\\/wp-content\\\/uploads\\\/2019\\\/04\\\/PilotSport4S.png\",\"datePublished\":\"2025-10-14T10:01:23+00:00\",\"dateModified\":\"2026-01-05T11:21:04+00:00\",\"breadcrumb\":{\"@id\":\"https:\\\/\\\/apr-europe.com\\\/en\\\/tires\\\/285-30zr20-99yxl-ps4-s\\\/#breadcrumb\"},\"inLanguage\":\"en-US\",\"potentialAction\":[{\"@type\":\"ReadAction\",\"target\":[\"https:\\\/\\\/apr-europe.com\\\/en\\\/tires\\\/285-30zr20-99yxl-ps4-s\\\/\"]}]},{\"@type\":\"ImageObject\",\"inLanguage\":\"en-US\",\"@id\":\"https:\\\/\\\/apr-europe.com\\\/en\\\/tires\\\/285-30zr20-99yxl-ps4-s\\\/#primaryimage\",\"url\":\"https:\\\/\\\/apr-europe.com\\\/wp-content\\\/uploads\\\/2019\\\/04\\\/PilotSport4S.png\",\"contentUrl\":\"https:\\\/\\\/apr-europe.com\\\/wp-content\\\/uploads\\\/2019\\\/04\\\/PilotSport4S.png\",\"width\":495,\"height\":468},{\"@type\":\"BreadcrumbList\",\"@id\":\"https:\\\/\\\/apr-europe.com\\\/en\\\/tires\\\/285-30zr20-99yxl-ps4-s\\\/#breadcrumb\",\"itemListElement\":[{\"@type\":\"ListItem\",\"position\":1,\"name\":\"Home\",\"item\":\"https:\\\/\\\/apr-europe.com\\\/en\\\/\"},{\"@type\":\"ListItem\",\"position\":2,\"name\":\"Shop\",\"item\":\"https:\\\/\\\/apr-europe.com\\\/en\\\/shop\\\/\"},{\"@type\":\"ListItem\",\"position\":3,\"name\":\"285\\\/30ZR20 (99Y)XL PS4 S *\"}]},{\"@type\":\"WebSite\",\"@id\":\"https:\\\/\\\/apr-europe.com\\\/en\\\/#website\",\"url\":\"https:\\\/\\\/apr-europe.com\\\/en\\\/\",\"name\":\"APR\",\"description\":\"Le sp\u00e9cialiste des pneus de comp\u00e9tition circuit auto et moto\",\"potentialAction\":[{\"@type\":\"SearchAction\",\"target\":{\"@type\":\"EntryPoint\",\"urlTemplate\":\"https:\\\/\\\/apr-europe.com\\\/en\\\/?s={search_term_string}\"},\"query-input\":{\"@type\":\"PropertyValueSpecification\",\"valueRequired\":true,\"valueName\":\"search_term_string\"}}],\"inLanguage\":\"en-US\"}]}<\/script>\n<!-- \/ Yoast SEO plugin. -->","yoast_head_json":{"title":"Pneu Michelin 285\/30ZR20 (99Y)XL PS4 S * - APR | Le sp\u00e9cialiste des pneus de comp\u00e9tition circuit auto et moto","robots":{"index":"index","follow":"follow","max-snippet":"max-snippet:-1","max-image-preview":"max-image-preview:large","max-video-preview":"max-video-preview:-1"},"canonical":"https:\/\/apr-europe.com\/en\/tires\/285-30zr20-99yxl-ps4-s\/","og_locale":"en_US","og_type":"article","og_title":"Pneu Michelin 285\/30ZR20 (99Y)XL PS4 S * - APR | Le sp\u00e9cialiste des pneus de comp\u00e9tition circuit auto et moto","og_description":"CAI 701861   Largeur (mm) 285   Serie 30   Diam\u00e8tre (pouces) 20   Indice de charge 99   Code Vitesse (Y)   Designation Commerciale compl\u00e8te 285\/30 ZR20 (99Y) XL TL PILOT SPORT 4 S * MI   Profil PILOT SPORT 4 S   Marquage sp\u00e9cifique *   XL ou non XL    DESCRIPTION DU PNEU Pilot Sport 4S UTILISATION ET PERFORMANCE LE PLAISIR DE LA ROUTE FAIT POUR DURER  Ce pneumatique b\u00e9n\u00e9ficie des meilleures technologies\u00a0MICHELIN Pilot Sport, vous offrant contr\u00f4le et stabilit\u00e9, m\u00eame \u00e0 haute vitesse. Construit pour offrir des performances faites pour durer, il r\u00e9pondra \u00e9galement \u00e0 vos besoins de s\u00e9curit\u00e9 et de long\u00e9vit\u00e9.  Con\u00e7u pour les v\u00e9hicules sportifs et hautes-performances, le pneu\u00a0MICHELIN Pilot Sport 4S\u00a0offre une exp\u00e9rience de conduite sans pr\u00e9c\u00e9dent gr\u00e2ce \u00e0 une pr\u00e9cision et une stabilit\u00e9 de direction exceptionnelles. LES PLUS DU MOD\u00c8LE   Excellentes performances sur des caract\u00e9ristiques essentielles (1)*  Leader en termes de long\u00e9vit\u00e9 et d'endurance sur piste (1)* (2)*  Un proc\u00e9d\u00e9 de haute pr\u00e9cision et un savoir-faire unique associ\u00e9 \u00e0\u00a0 l'expertise des \u00e9quipes\u00a0Michelin  Finition\u00a0\"Premium Touch\"\u00a0offrant un aspect effet velours sur tout le flanc ext\u00e9rieur pour sublimer votre v\u00e9hicule  Le pneu\u00a0MICHELIN Pilot Sport 4S\u00a0\u00e9quipe en premi\u00e8re monte des v\u00e9hicules Hautes Performances prestigieux (Mercedes-AMG, Ferrari, Porsche, \u2026)  CARACT\u00c9RISTIQUES TECHNIQUES   Sculpture ultra-r\u00e9active qui s'adapte en permanence \u00e0 la route et optimise ainsi l'empreinte au sol  Technologie\u00a0\u201cDynamic Response\u201d\u00a0: une ceinture hybride d\u2019aramide et de nylon qui transmet instantan\u00e9ment, et avec pr\u00e9cision, les informations du volant \u00e0 la route  Technologie\u00a0\"Multi-Compound\": diff\u00e9rents \u00e9lastom\u00e8res utilis\u00e9s dans la bande de roulement (3)* :\u00a0\u00c0 l'ext\u00e9rieur : un \u00e9lastom\u00e8re hybride pour l'adh\u00e9rence sur sol sec,\u00a0\u00c0 l'int\u00e9rieur : un nouveau m\u00e9lange de composants avec des \u00e9lastom\u00e8res \"fonctionnels\" sp\u00e9cifiques et de la silice pour l'adh\u00e9rence et le freinage sur sol mouill\u00e9  &nbsp; LA MARQUE MICHELIN Parmi les leaders de l\u2019industrie pneumatique, Michelin a pour mission principale de contribuer \u00e0 la mobilit\u00e9 des personnes et des biens. Le groupe commercialise des pneus auto, 4x4, camionnette, poids-lourd, agricoles, mais aussi deux roues (moto, scooter, v\u00e9lo), ainsi que des pneus d\u2019avion. En compl\u00e9ment, Michelin propose d\u2019autres types de produits et services d\u2019aide \u00e0 la mobilit\u00e9 : guides touristiques, guides h\u00f4tels et restaurants, cartes routi\u00e8res\u2026  Depuis sa cr\u00e9ation en 1889, Michelin est implant\u00e9 \u00e0 Clermont-Ferrand (France). Pr\u00e9sent dans plus de 170 pays, le groupe emploie plus de 112 000 personnes \u00e0 travers le monde et dispose de 68 sites de production dans 17 pays diff\u00e9rents. La marque Michelin est associ\u00e9e \u00e0 son logo : le bonhomme Michelin appel\u00e9 Bibendum. Ce v\u00e9ritable embl\u00e8me est n\u00e9 en 1898 et a remport\u00e9 le titre de meilleur logo du monde en 2000.","og_url":"https:\/\/apr-europe.com\/en\/tires\/285-30zr20-99yxl-ps4-s\/","og_site_name":"APR","article_modified_time":"2026-01-05T11:21:04+00:00","og_image":[{"width":495,"height":468,"url":"https:\/\/apr-europe.com\/wp-content\/uploads\/2019\/04\/PilotSport4S.png","type":"image\/png"}],"twitter_card":"summary_large_image","twitter_misc":{"Est. reading time":"1 minute"},"schema":{"@context":"https:\/\/schema.org","@graph":[{"@type":"WebPage","@id":"https:\/\/apr-europe.com\/en\/tires\/285-30zr20-99yxl-ps4-s\/","url":"https:\/\/apr-europe.com\/en\/tires\/285-30zr20-99yxl-ps4-s\/","name":"Pneu Michelin 285\/30ZR20 (99Y)XL PS4 S * - APR | Le sp\u00e9cialiste des pneus de comp\u00e9tition circuit auto et moto","isPartOf":{"@id":"https:\/\/apr-europe.com\/en\/#website"},"primaryImageOfPage":{"@id":"https:\/\/apr-europe.com\/en\/tires\/285-30zr20-99yxl-ps4-s\/#primaryimage"},"image":{"@id":"https:\/\/apr-europe.com\/en\/tires\/285-30zr20-99yxl-ps4-s\/#primaryimage"},"thumbnailUrl":"https:\/\/apr-europe.com\/wp-content\/uploads\/2019\/04\/PilotSport4S.png","datePublished":"2025-10-14T10:01:23+00:00","dateModified":"2026-01-05T11:21:04+00:00","breadcrumb":{"@id":"https:\/\/apr-europe.com\/en\/tires\/285-30zr20-99yxl-ps4-s\/#breadcrumb"},"inLanguage":"en-US","potentialAction":[{"@type":"ReadAction","target":["https:\/\/apr-europe.com\/en\/tires\/285-30zr20-99yxl-ps4-s\/"]}]},{"@type":"ImageObject","inLanguage":"en-US","@id":"https:\/\/apr-europe.com\/en\/tires\/285-30zr20-99yxl-ps4-s\/#primaryimage","url":"https:\/\/apr-europe.com\/wp-content\/uploads\/2019\/04\/PilotSport4S.png","contentUrl":"https:\/\/apr-europe.com\/wp-content\/uploads\/2019\/04\/PilotSport4S.png","width":495,"height":468},{"@type":"BreadcrumbList","@id":"https:\/\/apr-europe.com\/en\/tires\/285-30zr20-99yxl-ps4-s\/#breadcrumb","itemListElement":[{"@type":"ListItem","position":1,"name":"Home","item":"https:\/\/apr-europe.com\/en\/"},{"@type":"ListItem","position":2,"name":"Shop","item":"https:\/\/apr-europe.com\/en\/shop\/"},{"@type":"ListItem","position":3,"name":"285\/30ZR20 (99Y)XL PS4 S *"}]},{"@type":"WebSite","@id":"https:\/\/apr-europe.com\/en\/#website","url":"https:\/\/apr-europe.com\/en\/","name":"APR","description":"Le sp\u00e9cialiste des pneus de comp\u00e9tition circuit auto et moto","potentialAction":[{"@type":"SearchAction","target":{"@type":"EntryPoint","urlTemplate":"https:\/\/apr-europe.com\/en\/?s={search_term_string}"},"query-input":{"@type":"PropertyValueSpecification","valueRequired":true,"valueName":"search_term_string"}}],"inLanguage":"en-US"}]}},"_links":{"self":[{"href":"https:\/\/apr-europe.com\/en\/wp-json\/wp\/v2\/product\/49975","targetHints":{"allow":["GET"]}}],"collection":[{"href":"https:\/\/apr-europe.com\/en\/wp-json\/wp\/v2\/product"}],"about":[{"href":"https:\/\/apr-europe.com\/en\/wp-json\/wp\/v2\/types\/product"}],"wp:featuredmedia":[{"embeddable":true,"href":"https:\/\/apr-europe.com\/en\/wp-json\/wp\/v2\/media\/530"}],"wp:attachment":[{"href":"https:\/\/apr-europe.com\/en\/wp-json\/wp\/v2\/media?parent=49975"}],"wp:term":[{"taxonomy":"product_brand","embeddable":true,"href":"https:\/\/apr-europe.com\/en\/wp-json\/wp\/v2\/product_brand?post=49975"},{"taxonomy":"product_cat","embeddable":true,"href":"https:\/\/apr-europe.com\/en\/wp-json\/wp\/v2\/product_cat?post=49975"},{"taxonomy":"product_tag","embeddable":true,"href":"https:\/\/apr-europe.com\/en\/wp-json\/wp\/v2\/product_tag?post=49975"}],"curies":[{"name":"wp","href":"https:\/\/api.w.org\/{rel}","templated":true}]}}