{"id":42639,"date":"2025-02-19T18:04:12","date_gmt":"2025-02-19T17:04:12","guid":{"rendered":"https:\/\/apr-europe.com\/pneus\/160-60-r-17-m-c-power-supermoto-soft-r-nhs-tl\/"},"modified":"2026-01-12T12:01:10","modified_gmt":"2026-01-12T11:01:10","slug":"160-60-r-17-m-c-power-supermoto-soft-r-nhs-tl","status":"publish","type":"product","link":"https:\/\/apr-europe.com\/en\/tires\/160-60-r-17-m-c-power-supermoto-soft-r-nhs-tl\/","title":{"rendered":"160\/60 R 17 M\/C POWER SUPERMOTO SOFT R NHS TL"},"content":{"rendered":"<p>160\/60 R 17 M\/C POWER SUPERMOTO SOFT R NHS TL\t<\/p>\n","protected":false},"excerpt":{"rendered":"<div id=\"product-technical-infos\" class=\"full-width-container container--white box--shadow\">\n<div class=\"product__technical-infos-container\">\n<h2 class=\"product-title\">Caract\u00e9ristiques techniques<\/h2>\n<table class=\"technical-infos-table\" style=\"height: 132px;\" width=\"658\">\n<tbody>\n<tr>\n<th class=\"technical-infos-table__th\">Marque<\/th>\n<td class=\"technical-infos-table__td\"><a href=\"https:\/\/www.allopneus.com\/marque\/pneu-moto\/michelin\">MICHELIN<\/a><\/td>\n<\/tr>\n<tr>\n<th class=\"technical-infos-table__th\">Mod\u00e8le<\/th>\n<td class=\"technical-infos-table__td\">POWER SUPERMOTO<\/td>\n<\/tr>\n<tr>\n<th class=\"technical-infos-table__th\" scope=\"row\">Gamme<\/th>\n<td class=\"technical-infos-table__td capitalize\">Circuit &amp; Piste<\/td>\n<\/tr>\n<tr>\n<th class=\"technical-infos-table__th\" scope=\"row\">Usage<\/th>\n<td class=\"technical-infos-table__td capitalize\">Supermotard<\/td>\n<\/tr>\n<tr>\n<th class=\"technical-infos-table__th\" scope=\"row\">Position<\/th>\n<td class=\"technical-infos-table__td capitalize\">arri\u00e8re<\/td>\n<\/tr>\n<\/tbody>\n<\/table>\n<\/div>\n<\/div>\n<div id=\"product__detailed-description\" class=\"full-width-container container--white box--shadow product__detailed-description js-height-wrapper\">\n<div class=\"js-height-content\">\n<div id=\"description\">\n<h2>DESCRIPTION DU PNEU POWER supermoto<\/h2>\n<h3>UTILISATION ET PERFORMANCE<\/h3>\n<p>La gamme n\u00b01 en mondial Supermotard d\u00e9velopp\u00e9e avec l&#8217;aide des meilleurs pilotes afin d&#8217;obtenir des performances remarquables: maniabilit\u00e9, feedback et grip au top.<\/p>\n<h3>LES PLUS DU MOD\u00c8LE<\/h3>\n<ul>\n<li>Le mod\u00e8le en 16 pouces est largement \u00e9lu par les pilotes agu\u00e9ris pour sa maniabilit\u00e9, son grip exceptionnel et son feedback vraiment pr\u00e9cis \u00e0 l&#8217;avant<\/li>\n<li>D\u00e9velopp\u00e9 avec des gommes issues de la comp\u00e9tition, il offre une tenue de route accrue sans compromettre la long\u00e9vit\u00e9<\/li>\n<li>excellente long\u00e9vit\u00e9<\/li>\n<li>Hautes performances sur sec<\/li>\n<\/ul>\n<h3>PR\u00c9CONISATION<\/h3>\n<ul>\n<li>Pression minimum \u00e0 froid sur circuit : AV = 1,8 BAR (26 PSI) \/ AR = 1,6 BAR\u00a0(23\u00a0PSI)<\/li>\n<li>Pression \u00e0 chaud sous couverture chauffantes : AV = 2,0 BAR\u00a0(29\u00a0PSI) \/ AR = 1,9 BAR\u00a0(27,5\u00a0PSI)<\/li>\n<li>Pression cible \u00e0 chaud (apr\u00e8s 6 tours) : AV = 2,0 BAR\u00a0(29\u00a0PSI) \/ AR = 1,9 BAR\u00a0(27,5\u00a0PSI)<\/li>\n<li>CRANS : A, B et C allant des gommes les plus performantes aux plus endurantes<\/li>\n<\/ul>\n<p>&nbsp;<\/p>\n<h2>LA MARQUE MICHELIN<\/h2>\n<p>Avec plus de 480 victoires et 33 titres pilotes en MotoGP, 15 titres de champion du monde d\u2019endurance, 13 victoires aux 24 Heures du Mans (Moto) et 13 victoires au Bol d\u2019Or, 36 victoires au Dakar (moto), plus de 40 titres de champion du monde d\u2019enduro, 7 titres de motocross et plus de 40 titres en Trial Indoor et Outdoor, MICHELIN est le seul manufacturier qui compte autant de titres mondiaux dans les championnats majeurs r\u00e9gis par la F\u00e9d\u00e9ration Internationale de Motocyclisme (FIM). Inscrite dans les g\u00e8nes de l\u2019entreprise, la comp\u00e9tition est pour Michelin un laboratoire en mati\u00e8re de technologie d\u2019innovation et de performance.<\/p>\n<\/div>\n<\/div>\n<\/div>\n","protected":false},"featured_media":48475,"template":"","meta":{"_acf_changed":false},"product_brand":[],"product_cat":[17],"product_tag":[],"class_list":{"0":"post-42639","1":"product","2":"type-product","3":"status-publish","4":"has-post-thumbnail","6":"product_cat-moto","8":"first","9":"instock","10":"taxable","11":"shipping-taxable","12":"purchasable","13":"product-type-simple"},"acf":[],"yoast_head":"<!-- This site is optimized with the Yoast SEO plugin v27.3 - https:\/\/yoast.com\/product\/yoast-seo-wordpress\/ -->\n<title>Pneu Michelin 160\/60 R 17 M\/C POWER SUPERMOTO SOFT R NHS TL - APR | Le sp\u00e9cialiste des pneus de comp\u00e9tition circuit auto et moto<\/title>\n<meta name=\"robots\" content=\"index, follow, max-snippet:-1, max-image-preview:large, max-video-preview:-1\" \/>\n<link rel=\"canonical\" href=\"https:\/\/apr-europe.com\/en\/tires\/160-60-r-17-m-c-power-supermoto-soft-r-nhs-tl\/\" \/>\n<meta property=\"og:locale\" content=\"en_US\" \/>\n<meta property=\"og:type\" content=\"article\" \/>\n<meta property=\"og:title\" content=\"Pneu Michelin 160\/60 R 17 M\/C POWER SUPERMOTO SOFT R NHS TL - APR | Le sp\u00e9cialiste des pneus de comp\u00e9tition circuit auto et moto\" \/>\n<meta property=\"og:description\" content=\"Caract\u00e9ristiques techniques    Marque MICHELIN   Mod\u00e8le POWER SUPERMOTO   Gamme Circuit &amp; Piste   Usage Supermotard   Position arri\u00e8re         DESCRIPTION DU PNEU POWER supermoto UTILISATION ET PERFORMANCE La gamme n\u00b01 en mondial Supermotard d\u00e9velopp\u00e9e avec l&#039;aide des meilleurs pilotes afin d&#039;obtenir des performances remarquables: maniabilit\u00e9, feedback et grip au top. LES PLUS DU MOD\u00c8LE   Le mod\u00e8le en 16 pouces est largement \u00e9lu par les pilotes agu\u00e9ris pour sa maniabilit\u00e9, son grip exceptionnel et son feedback vraiment pr\u00e9cis \u00e0 l&#039;avant  D\u00e9velopp\u00e9 avec des gommes issues de la comp\u00e9tition, il offre une tenue de route accrue sans compromettre la long\u00e9vit\u00e9  excellente long\u00e9vit\u00e9  Hautes performances sur sec  PR\u00c9CONISATION   Pression minimum \u00e0 froid sur circuit : AV = 1,8 BAR (26 PSI) \/ AR = 1,6 BAR\u00a0(23\u00a0PSI)  Pression \u00e0 chaud sous couverture chauffantes : AV = 2,0 BAR\u00a0(29\u00a0PSI) \/ AR = 1,9 BAR\u00a0(27,5\u00a0PSI)  Pression cible \u00e0 chaud (apr\u00e8s 6 tours) : AV = 2,0 BAR\u00a0(29\u00a0PSI) \/ AR = 1,9 BAR\u00a0(27,5\u00a0PSI)  CRANS : A, B et C allant des gommes les plus performantes aux plus endurantes  &nbsp; LA MARQUE MICHELIN Avec plus de 480 victoires et 33 titres pilotes en MotoGP, 15 titres de champion du monde d\u2019endurance, 13 victoires aux 24 Heures du Mans (Moto) et 13 victoires au Bol d\u2019Or, 36 victoires au Dakar (moto), plus de 40 titres de champion du monde d\u2019enduro, 7 titres de motocross et plus de 40 titres en Trial Indoor et Outdoor, MICHELIN est le seul manufacturier qui compte autant de titres mondiaux dans les championnats majeurs r\u00e9gis par la F\u00e9d\u00e9ration Internationale de Motocyclisme (FIM). Inscrite dans les g\u00e8nes de l\u2019entreprise, la comp\u00e9tition est pour Michelin un laboratoire en mati\u00e8re de technologie d\u2019innovation et de performance.\" \/>\n<meta property=\"og:url\" content=\"https:\/\/apr-europe.com\/en\/tires\/160-60-r-17-m-c-power-supermoto-soft-r-nhs-tl\/\" \/>\n<meta property=\"og:site_name\" content=\"APR\" \/>\n<meta property=\"article:modified_time\" content=\"2026-01-12T11:01:10+00:00\" \/>\n<meta property=\"og:image\" content=\"https:\/\/apr-europe.com\/wp-content\/uploads\/2025\/02\/mo-1189_3528705533809_tire_michelin_power-supermoto_160-slash-60-r17_c_main_1-30.png\" \/>\n\t<meta property=\"og:image:width\" content=\"1200\" \/>\n\t<meta property=\"og:image:height\" content=\"1200\" \/>\n\t<meta property=\"og:image:type\" content=\"image\/png\" \/>\n<meta name=\"twitter:card\" content=\"summary_large_image\" \/>\n<meta name=\"twitter:label1\" content=\"Est. reading time\" \/>\n\t<meta name=\"twitter:data1\" content=\"1 minute\" \/>\n<script type=\"application\/ld+json\" class=\"yoast-schema-graph\">{\"@context\":\"https:\\\/\\\/schema.org\",\"@graph\":[{\"@type\":\"WebPage\",\"@id\":\"https:\\\/\\\/apr-europe.com\\\/en\\\/tires\\\/160-60-r-17-m-c-power-supermoto-soft-r-nhs-tl\\\/\",\"url\":\"https:\\\/\\\/apr-europe.com\\\/en\\\/tires\\\/160-60-r-17-m-c-power-supermoto-soft-r-nhs-tl\\\/\",\"name\":\"Pneu Michelin 160\\\/60 R 17 M\\\/C POWER SUPERMOTO SOFT R NHS TL - APR | Le sp\u00e9cialiste des pneus de comp\u00e9tition circuit auto et moto\",\"isPartOf\":{\"@id\":\"https:\\\/\\\/apr-europe.com\\\/en\\\/#website\"},\"primaryImageOfPage\":{\"@id\":\"https:\\\/\\\/apr-europe.com\\\/en\\\/tires\\\/160-60-r-17-m-c-power-supermoto-soft-r-nhs-tl\\\/#primaryimage\"},\"image\":{\"@id\":\"https:\\\/\\\/apr-europe.com\\\/en\\\/tires\\\/160-60-r-17-m-c-power-supermoto-soft-r-nhs-tl\\\/#primaryimage\"},\"thumbnailUrl\":\"https:\\\/\\\/apr-europe.com\\\/wp-content\\\/uploads\\\/2025\\\/02\\\/mo-1189_3528705533809_tire_michelin_power-supermoto_160-slash-60-r17_c_main_1-30.png\",\"datePublished\":\"2025-02-19T17:04:12+00:00\",\"dateModified\":\"2026-01-12T11:01:10+00:00\",\"breadcrumb\":{\"@id\":\"https:\\\/\\\/apr-europe.com\\\/en\\\/tires\\\/160-60-r-17-m-c-power-supermoto-soft-r-nhs-tl\\\/#breadcrumb\"},\"inLanguage\":\"en-US\",\"potentialAction\":[{\"@type\":\"ReadAction\",\"target\":[\"https:\\\/\\\/apr-europe.com\\\/en\\\/tires\\\/160-60-r-17-m-c-power-supermoto-soft-r-nhs-tl\\\/\"]}]},{\"@type\":\"ImageObject\",\"inLanguage\":\"en-US\",\"@id\":\"https:\\\/\\\/apr-europe.com\\\/en\\\/tires\\\/160-60-r-17-m-c-power-supermoto-soft-r-nhs-tl\\\/#primaryimage\",\"url\":\"https:\\\/\\\/apr-europe.com\\\/wp-content\\\/uploads\\\/2025\\\/02\\\/mo-1189_3528705533809_tire_michelin_power-supermoto_160-slash-60-r17_c_main_1-30.png\",\"contentUrl\":\"https:\\\/\\\/apr-europe.com\\\/wp-content\\\/uploads\\\/2025\\\/02\\\/mo-1189_3528705533809_tire_michelin_power-supermoto_160-slash-60-r17_c_main_1-30.png\",\"width\":1200,\"height\":1200},{\"@type\":\"BreadcrumbList\",\"@id\":\"https:\\\/\\\/apr-europe.com\\\/en\\\/tires\\\/160-60-r-17-m-c-power-supermoto-soft-r-nhs-tl\\\/#breadcrumb\",\"itemListElement\":[{\"@type\":\"ListItem\",\"position\":1,\"name\":\"Home\",\"item\":\"https:\\\/\\\/apr-europe.com\\\/en\\\/\"},{\"@type\":\"ListItem\",\"position\":2,\"name\":\"Shop\",\"item\":\"https:\\\/\\\/apr-europe.com\\\/en\\\/shop\\\/\"},{\"@type\":\"ListItem\",\"position\":3,\"name\":\"160\\\/60 R 17 M\\\/C POWER SUPERMOTO SOFT R NHS TL\"}]},{\"@type\":\"WebSite\",\"@id\":\"https:\\\/\\\/apr-europe.com\\\/en\\\/#website\",\"url\":\"https:\\\/\\\/apr-europe.com\\\/en\\\/\",\"name\":\"APR\",\"description\":\"Le sp\u00e9cialiste des pneus de comp\u00e9tition circuit auto et moto\",\"potentialAction\":[{\"@type\":\"SearchAction\",\"target\":{\"@type\":\"EntryPoint\",\"urlTemplate\":\"https:\\\/\\\/apr-europe.com\\\/en\\\/?s={search_term_string}\"},\"query-input\":{\"@type\":\"PropertyValueSpecification\",\"valueRequired\":true,\"valueName\":\"search_term_string\"}}],\"inLanguage\":\"en-US\"}]}<\/script>\n<!-- \/ Yoast SEO plugin. -->","yoast_head_json":{"title":"Pneu Michelin 160\/60 R 17 M\/C POWER SUPERMOTO SOFT R NHS TL - APR | Le sp\u00e9cialiste des pneus de comp\u00e9tition circuit auto et moto","robots":{"index":"index","follow":"follow","max-snippet":"max-snippet:-1","max-image-preview":"max-image-preview:large","max-video-preview":"max-video-preview:-1"},"canonical":"https:\/\/apr-europe.com\/en\/tires\/160-60-r-17-m-c-power-supermoto-soft-r-nhs-tl\/","og_locale":"en_US","og_type":"article","og_title":"Pneu Michelin 160\/60 R 17 M\/C POWER SUPERMOTO SOFT R NHS TL - APR | Le sp\u00e9cialiste des pneus de comp\u00e9tition circuit auto et moto","og_description":"Caract\u00e9ristiques techniques    Marque MICHELIN   Mod\u00e8le POWER SUPERMOTO   Gamme Circuit &amp; Piste   Usage Supermotard   Position arri\u00e8re         DESCRIPTION DU PNEU POWER supermoto UTILISATION ET PERFORMANCE La gamme n\u00b01 en mondial Supermotard d\u00e9velopp\u00e9e avec l'aide des meilleurs pilotes afin d'obtenir des performances remarquables: maniabilit\u00e9, feedback et grip au top. LES PLUS DU MOD\u00c8LE   Le mod\u00e8le en 16 pouces est largement \u00e9lu par les pilotes agu\u00e9ris pour sa maniabilit\u00e9, son grip exceptionnel et son feedback vraiment pr\u00e9cis \u00e0 l'avant  D\u00e9velopp\u00e9 avec des gommes issues de la comp\u00e9tition, il offre une tenue de route accrue sans compromettre la long\u00e9vit\u00e9  excellente long\u00e9vit\u00e9  Hautes performances sur sec  PR\u00c9CONISATION   Pression minimum \u00e0 froid sur circuit : AV = 1,8 BAR (26 PSI) \/ AR = 1,6 BAR\u00a0(23\u00a0PSI)  Pression \u00e0 chaud sous couverture chauffantes : AV = 2,0 BAR\u00a0(29\u00a0PSI) \/ AR = 1,9 BAR\u00a0(27,5\u00a0PSI)  Pression cible \u00e0 chaud (apr\u00e8s 6 tours) : AV = 2,0 BAR\u00a0(29\u00a0PSI) \/ AR = 1,9 BAR\u00a0(27,5\u00a0PSI)  CRANS : A, B et C allant des gommes les plus performantes aux plus endurantes  &nbsp; LA MARQUE MICHELIN Avec plus de 480 victoires et 33 titres pilotes en MotoGP, 15 titres de champion du monde d\u2019endurance, 13 victoires aux 24 Heures du Mans (Moto) et 13 victoires au Bol d\u2019Or, 36 victoires au Dakar (moto), plus de 40 titres de champion du monde d\u2019enduro, 7 titres de motocross et plus de 40 titres en Trial Indoor et Outdoor, MICHELIN est le seul manufacturier qui compte autant de titres mondiaux dans les championnats majeurs r\u00e9gis par la F\u00e9d\u00e9ration Internationale de Motocyclisme (FIM). Inscrite dans les g\u00e8nes de l\u2019entreprise, la comp\u00e9tition est pour Michelin un laboratoire en mati\u00e8re de technologie d\u2019innovation et de performance.","og_url":"https:\/\/apr-europe.com\/en\/tires\/160-60-r-17-m-c-power-supermoto-soft-r-nhs-tl\/","og_site_name":"APR","article_modified_time":"2026-01-12T11:01:10+00:00","og_image":[{"width":1200,"height":1200,"url":"https:\/\/apr-europe.com\/wp-content\/uploads\/2025\/02\/mo-1189_3528705533809_tire_michelin_power-supermoto_160-slash-60-r17_c_main_1-30.png","type":"image\/png"}],"twitter_card":"summary_large_image","twitter_misc":{"Est. reading time":"1 minute"},"schema":{"@context":"https:\/\/schema.org","@graph":[{"@type":"WebPage","@id":"https:\/\/apr-europe.com\/en\/tires\/160-60-r-17-m-c-power-supermoto-soft-r-nhs-tl\/","url":"https:\/\/apr-europe.com\/en\/tires\/160-60-r-17-m-c-power-supermoto-soft-r-nhs-tl\/","name":"Pneu Michelin 160\/60 R 17 M\/C POWER SUPERMOTO SOFT R NHS TL - APR | Le sp\u00e9cialiste des pneus de comp\u00e9tition circuit auto et moto","isPartOf":{"@id":"https:\/\/apr-europe.com\/en\/#website"},"primaryImageOfPage":{"@id":"https:\/\/apr-europe.com\/en\/tires\/160-60-r-17-m-c-power-supermoto-soft-r-nhs-tl\/#primaryimage"},"image":{"@id":"https:\/\/apr-europe.com\/en\/tires\/160-60-r-17-m-c-power-supermoto-soft-r-nhs-tl\/#primaryimage"},"thumbnailUrl":"https:\/\/apr-europe.com\/wp-content\/uploads\/2025\/02\/mo-1189_3528705533809_tire_michelin_power-supermoto_160-slash-60-r17_c_main_1-30.png","datePublished":"2025-02-19T17:04:12+00:00","dateModified":"2026-01-12T11:01:10+00:00","breadcrumb":{"@id":"https:\/\/apr-europe.com\/en\/tires\/160-60-r-17-m-c-power-supermoto-soft-r-nhs-tl\/#breadcrumb"},"inLanguage":"en-US","potentialAction":[{"@type":"ReadAction","target":["https:\/\/apr-europe.com\/en\/tires\/160-60-r-17-m-c-power-supermoto-soft-r-nhs-tl\/"]}]},{"@type":"ImageObject","inLanguage":"en-US","@id":"https:\/\/apr-europe.com\/en\/tires\/160-60-r-17-m-c-power-supermoto-soft-r-nhs-tl\/#primaryimage","url":"https:\/\/apr-europe.com\/wp-content\/uploads\/2025\/02\/mo-1189_3528705533809_tire_michelin_power-supermoto_160-slash-60-r17_c_main_1-30.png","contentUrl":"https:\/\/apr-europe.com\/wp-content\/uploads\/2025\/02\/mo-1189_3528705533809_tire_michelin_power-supermoto_160-slash-60-r17_c_main_1-30.png","width":1200,"height":1200},{"@type":"BreadcrumbList","@id":"https:\/\/apr-europe.com\/en\/tires\/160-60-r-17-m-c-power-supermoto-soft-r-nhs-tl\/#breadcrumb","itemListElement":[{"@type":"ListItem","position":1,"name":"Home","item":"https:\/\/apr-europe.com\/en\/"},{"@type":"ListItem","position":2,"name":"Shop","item":"https:\/\/apr-europe.com\/en\/shop\/"},{"@type":"ListItem","position":3,"name":"160\/60 R 17 M\/C POWER SUPERMOTO SOFT R NHS TL"}]},{"@type":"WebSite","@id":"https:\/\/apr-europe.com\/en\/#website","url":"https:\/\/apr-europe.com\/en\/","name":"APR","description":"Le sp\u00e9cialiste des pneus de comp\u00e9tition circuit auto et moto","potentialAction":[{"@type":"SearchAction","target":{"@type":"EntryPoint","urlTemplate":"https:\/\/apr-europe.com\/en\/?s={search_term_string}"},"query-input":{"@type":"PropertyValueSpecification","valueRequired":true,"valueName":"search_term_string"}}],"inLanguage":"en-US"}]}},"_links":{"self":[{"href":"https:\/\/apr-europe.com\/en\/wp-json\/wp\/v2\/product\/42639","targetHints":{"allow":["GET"]}}],"collection":[{"href":"https:\/\/apr-europe.com\/en\/wp-json\/wp\/v2\/product"}],"about":[{"href":"https:\/\/apr-europe.com\/en\/wp-json\/wp\/v2\/types\/product"}],"wp:featuredmedia":[{"embeddable":true,"href":"https:\/\/apr-europe.com\/en\/wp-json\/wp\/v2\/media\/48475"}],"wp:attachment":[{"href":"https:\/\/apr-europe.com\/en\/wp-json\/wp\/v2\/media?parent=42639"}],"wp:term":[{"taxonomy":"product_brand","embeddable":true,"href":"https:\/\/apr-europe.com\/en\/wp-json\/wp\/v2\/product_brand?post=42639"},{"taxonomy":"product_cat","embeddable":true,"href":"https:\/\/apr-europe.com\/en\/wp-json\/wp\/v2\/product_cat?post=42639"},{"taxonomy":"product_tag","embeddable":true,"href":"https:\/\/apr-europe.com\/en\/wp-json\/wp\/v2\/product_tag?post=42639"}],"curies":[{"name":"wp","href":"https:\/\/api.w.org\/{rel}","templated":true}]}}