{"id":42434,"date":"2024-09-17T18:01:58","date_gmt":"2024-09-17T16:01:58","guid":{"rendered":"https:\/\/apr-europe.com\/pneus\/120-70-zr-17-m-c-58w-power-cup-evo\/"},"modified":"2026-03-03T18:01:24","modified_gmt":"2026-03-03T17:01:24","slug":"120-70-zr-17-m-c-58w-power-cup-evo","status":"publish","type":"product","link":"https:\/\/apr-europe.com\/en\/tires\/120-70-zr-17-m-c-58w-power-cup-evo\/","title":{"rendered":"120\/70 ZR 17 M\/C (58W) POWER CUP EVO F TL"},"content":{"rendered":"<p>120\/70 ZR 17 M\/C (58W) POWER CUP EVO F TL<\/p>\n","protected":false},"excerpt":{"rendered":"<div id=\"product-technical-infos\" class=\"full-width-container container--white box--shadow\">\n<div class=\"product__technical-infos-container\">\n<h2 class=\"product-title\">Caract\u00e9ristiques techniques<\/h2>\n<table class=\"technical-infos-table\" style=\"height: 123px;\" width=\"674\">\n<tbody>\n<tr>\n<th class=\"technical-infos-table__th\">Marque<\/th>\n<td class=\"technical-infos-table__td\"><a href=\"https:\/\/www.allopneus.com\/marque\/pneu-moto\/michelin\">MICHELIN<\/a><\/td>\n<\/tr>\n<tr>\n<th class=\"technical-infos-table__th\">Mod\u00e8le<\/th>\n<td class=\"technical-infos-table__td\">POWER CUP EVO<\/td>\n<\/tr>\n<tr>\n<th class=\"technical-infos-table__th\" scope=\"row\">Gamme<\/th>\n<td class=\"technical-infos-table__td capitalize\">Circuit &amp; Piste<\/td>\n<\/tr>\n<tr>\n<th class=\"technical-infos-table__th\" scope=\"row\">Usage<\/th>\n<td class=\"technical-infos-table__td capitalize\">Racing &amp; Route<\/td>\n<\/tr>\n<tr>\n<th class=\"technical-infos-table__th\" scope=\"row\">Position<\/th>\n<td class=\"technical-infos-table__td capitalize\">avant<\/td>\n<\/tr>\n<\/tbody>\n<\/table>\n<\/div>\n<\/div>\n<div id=\"product__detailed-description\" class=\"full-width-container container--white box--shadow product__detailed-description js-height-wrapper\">\n<div class=\"js-height-content\">\n<div id=\"description\">\n<h2>DESCRIPTION DU PNEU POWER CUP EVO<\/h2>\n<h3>UTILISATION ET PERFORMANCE<\/h3>\n<p>Le pneus des week end de piste. Le Michelin Power Cup Evo est dot\u00e9 de la nouvelle technologie ACT (Adaptive Casing Technology) et d&#8217;un nouveau m\u00e9lange de gomme tr\u00e8s polyvalent. Il est facile \u00e0 prendre en main et permet d&#8217;\u00e9viter des choix parfois difficiles li\u00e9s \u00e0 la m\u00e9t\u00e9o ou au type de circuit. Il est la version sculpt\u00e9e du Power Slick Evo<\/p>\n<h3>LES PLUS DU MOD\u00c8LE<\/h3>\n<ul>\n<li>Grip exceptionnel<\/li>\n<li>Performances haut de gamme<\/li>\n<\/ul>\n<h3>CARACT\u00c9RISTIQUES TECHNIQUES<\/h3>\n<ul>\n<li>Nouvelle technologie Michelin ACT (Adaptive Casing Technology)<\/li>\n<\/ul>\n<h3>PR\u00c9CONISATION<\/h3>\n<ul>\n<li>Pression minimum \u00e0 froid recommand\u00e9 : avant 2.1\u00a0bar \/ arri\u00e8re 1.5\u00a0bar<\/li>\n<\/ul>\n<p>&nbsp;<\/p>\n<h2>LA MARQUE MICHELIN<\/h2>\n<p>Avec plus de 480 victoires et 33 titres pilotes en MotoGP, 15 titres de champion du monde d\u2019endurance, 13 victoires aux 24 Heures du Mans (Moto) et 13 victoires au Bol d\u2019Or, 36 victoires au Dakar (moto), plus de 40 titres de champion du monde d\u2019enduro, 7 titres de motocross et plus de 40 titres en Trial Indoor et Outdoor, MICHELIN est le seul manufacturier qui compte autant de titres mondiaux dans les championnats majeurs r\u00e9gis par la F\u00e9d\u00e9ration Internationale de Motocyclisme (FIM). Inscrite dans les g\u00e8nes de l\u2019entreprise, la comp\u00e9tition est pour Michelin un laboratoire en mati\u00e8re de technologie d\u2019innovation et de performance.<\/p>\n<\/div>\n<\/div>\n<\/div>\n","protected":false},"featured_media":48625,"template":"","meta":{"_acf_changed":false},"product_brand":[],"product_cat":[1340,17],"product_tag":[],"class_list":{"0":"post-42434","1":"product","2":"type-product","3":"status-publish","4":"has-post-thumbnail","6":"product_cat-destockage","7":"product_cat-moto","9":"first","10":"outofstock","11":"taxable","12":"shipping-taxable","13":"purchasable","14":"product-type-simple"},"acf":[],"yoast_head":"<!-- This site is optimized with the Yoast SEO plugin v27.3 - https:\/\/yoast.com\/product\/yoast-seo-wordpress\/ -->\n<title>Pneu Michelin 120\/70 ZR 17 M\/C (58W) POWER CUP EVO F TL - APR | Le sp\u00e9cialiste des pneus de comp\u00e9tition circuit auto et moto<\/title>\n<meta name=\"robots\" content=\"index, follow, max-snippet:-1, max-image-preview:large, max-video-preview:-1\" \/>\n<link rel=\"canonical\" href=\"https:\/\/apr-europe.com\/en\/tires\/120-70-zr-17-m-c-58w-power-cup-evo\/\" \/>\n<meta property=\"og:locale\" content=\"en_US\" \/>\n<meta property=\"og:type\" content=\"article\" \/>\n<meta property=\"og:title\" content=\"Pneu Michelin 120\/70 ZR 17 M\/C (58W) POWER CUP EVO F TL - APR | Le sp\u00e9cialiste des pneus de comp\u00e9tition circuit auto et moto\" \/>\n<meta property=\"og:description\" content=\"Caract\u00e9ristiques techniques    Marque MICHELIN   Mod\u00e8le POWER CUP EVO   Gamme Circuit &amp; Piste   Usage Racing &amp; Route   Position avant         DESCRIPTION DU PNEU POWER CUP EVO UTILISATION ET PERFORMANCE Le pneus des week end de piste. Le Michelin Power Cup Evo est dot\u00e9 de la nouvelle technologie ACT (Adaptive Casing Technology) et d&#039;un nouveau m\u00e9lange de gomme tr\u00e8s polyvalent. Il est facile \u00e0 prendre en main et permet d&#039;\u00e9viter des choix parfois difficiles li\u00e9s \u00e0 la m\u00e9t\u00e9o ou au type de circuit. Il est la version sculpt\u00e9e du Power Slick Evo LES PLUS DU MOD\u00c8LE   Grip exceptionnel  Performances haut de gamme  CARACT\u00c9RISTIQUES TECHNIQUES   Nouvelle technologie Michelin ACT (Adaptive Casing Technology)  PR\u00c9CONISATION   Pression minimum \u00e0 froid recommand\u00e9 : avant 2.1\u00a0bar \/ arri\u00e8re 1.5\u00a0bar  &nbsp; LA MARQUE MICHELIN Avec plus de 480 victoires et 33 titres pilotes en MotoGP, 15 titres de champion du monde d\u2019endurance, 13 victoires aux 24 Heures du Mans (Moto) et 13 victoires au Bol d\u2019Or, 36 victoires au Dakar (moto), plus de 40 titres de champion du monde d\u2019enduro, 7 titres de motocross et plus de 40 titres en Trial Indoor et Outdoor, MICHELIN est le seul manufacturier qui compte autant de titres mondiaux dans les championnats majeurs r\u00e9gis par la F\u00e9d\u00e9ration Internationale de Motocyclisme (FIM). Inscrite dans les g\u00e8nes de l\u2019entreprise, la comp\u00e9tition est pour Michelin un laboratoire en mati\u00e8re de technologie d\u2019innovation et de performance.\" \/>\n<meta property=\"og:url\" content=\"https:\/\/apr-europe.com\/en\/tires\/120-70-zr-17-m-c-58w-power-cup-evo\/\" \/>\n<meta property=\"og:site_name\" content=\"APR\" \/>\n<meta property=\"article:modified_time\" content=\"2026-03-03T17:01:24+00:00\" \/>\n<meta property=\"og:image\" content=\"https:\/\/apr-europe.com\/wp-content\/uploads\/2024\/09\/mo-45_3528708332959_tire_michelin_power-cup-evo_110-slash-70-zr17-54w_c_main_1-30.png\" \/>\n\t<meta property=\"og:image:width\" content=\"1200\" \/>\n\t<meta property=\"og:image:height\" content=\"1200\" \/>\n\t<meta property=\"og:image:type\" content=\"image\/png\" \/>\n<meta name=\"twitter:card\" content=\"summary_large_image\" \/>\n<meta name=\"twitter:label1\" content=\"Est. reading time\" \/>\n\t<meta name=\"twitter:data1\" content=\"1 minute\" \/>\n<script type=\"application\/ld+json\" class=\"yoast-schema-graph\">{\"@context\":\"https:\\\/\\\/schema.org\",\"@graph\":[{\"@type\":\"WebPage\",\"@id\":\"https:\\\/\\\/apr-europe.com\\\/en\\\/tires\\\/120-70-zr-17-m-c-58w-power-cup-evo\\\/\",\"url\":\"https:\\\/\\\/apr-europe.com\\\/en\\\/tires\\\/120-70-zr-17-m-c-58w-power-cup-evo\\\/\",\"name\":\"Pneu Michelin 120\\\/70 ZR 17 M\\\/C (58W) POWER CUP EVO F TL - APR | Le sp\u00e9cialiste des pneus de comp\u00e9tition circuit auto et moto\",\"isPartOf\":{\"@id\":\"https:\\\/\\\/apr-europe.com\\\/en\\\/#website\"},\"primaryImageOfPage\":{\"@id\":\"https:\\\/\\\/apr-europe.com\\\/en\\\/tires\\\/120-70-zr-17-m-c-58w-power-cup-evo\\\/#primaryimage\"},\"image\":{\"@id\":\"https:\\\/\\\/apr-europe.com\\\/en\\\/tires\\\/120-70-zr-17-m-c-58w-power-cup-evo\\\/#primaryimage\"},\"thumbnailUrl\":\"https:\\\/\\\/apr-europe.com\\\/wp-content\\\/uploads\\\/2024\\\/09\\\/mo-45_3528708332959_tire_michelin_power-cup-evo_110-slash-70-zr17-54w_c_main_1-30.png\",\"datePublished\":\"2024-09-17T16:01:58+00:00\",\"dateModified\":\"2026-03-03T17:01:24+00:00\",\"breadcrumb\":{\"@id\":\"https:\\\/\\\/apr-europe.com\\\/en\\\/tires\\\/120-70-zr-17-m-c-58w-power-cup-evo\\\/#breadcrumb\"},\"inLanguage\":\"en-US\",\"potentialAction\":[{\"@type\":\"ReadAction\",\"target\":[\"https:\\\/\\\/apr-europe.com\\\/en\\\/tires\\\/120-70-zr-17-m-c-58w-power-cup-evo\\\/\"]}]},{\"@type\":\"ImageObject\",\"inLanguage\":\"en-US\",\"@id\":\"https:\\\/\\\/apr-europe.com\\\/en\\\/tires\\\/120-70-zr-17-m-c-58w-power-cup-evo\\\/#primaryimage\",\"url\":\"https:\\\/\\\/apr-europe.com\\\/wp-content\\\/uploads\\\/2024\\\/09\\\/mo-45_3528708332959_tire_michelin_power-cup-evo_110-slash-70-zr17-54w_c_main_1-30.png\",\"contentUrl\":\"https:\\\/\\\/apr-europe.com\\\/wp-content\\\/uploads\\\/2024\\\/09\\\/mo-45_3528708332959_tire_michelin_power-cup-evo_110-slash-70-zr17-54w_c_main_1-30.png\",\"width\":1200,\"height\":1200},{\"@type\":\"BreadcrumbList\",\"@id\":\"https:\\\/\\\/apr-europe.com\\\/en\\\/tires\\\/120-70-zr-17-m-c-58w-power-cup-evo\\\/#breadcrumb\",\"itemListElement\":[{\"@type\":\"ListItem\",\"position\":1,\"name\":\"Home\",\"item\":\"https:\\\/\\\/apr-europe.com\\\/en\\\/\"},{\"@type\":\"ListItem\",\"position\":2,\"name\":\"Shop\",\"item\":\"https:\\\/\\\/apr-europe.com\\\/en\\\/shop\\\/\"},{\"@type\":\"ListItem\",\"position\":3,\"name\":\"120\\\/70 ZR 17 M\\\/C (58W) POWER CUP EVO F TL\"}]},{\"@type\":\"WebSite\",\"@id\":\"https:\\\/\\\/apr-europe.com\\\/en\\\/#website\",\"url\":\"https:\\\/\\\/apr-europe.com\\\/en\\\/\",\"name\":\"APR\",\"description\":\"Le sp\u00e9cialiste des pneus de comp\u00e9tition circuit auto et moto\",\"potentialAction\":[{\"@type\":\"SearchAction\",\"target\":{\"@type\":\"EntryPoint\",\"urlTemplate\":\"https:\\\/\\\/apr-europe.com\\\/en\\\/?s={search_term_string}\"},\"query-input\":{\"@type\":\"PropertyValueSpecification\",\"valueRequired\":true,\"valueName\":\"search_term_string\"}}],\"inLanguage\":\"en-US\"}]}<\/script>\n<!-- \/ Yoast SEO plugin. -->","yoast_head_json":{"title":"Pneu Michelin 120\/70 ZR 17 M\/C (58W) POWER CUP EVO F TL - APR | Le sp\u00e9cialiste des pneus de comp\u00e9tition circuit auto et moto","robots":{"index":"index","follow":"follow","max-snippet":"max-snippet:-1","max-image-preview":"max-image-preview:large","max-video-preview":"max-video-preview:-1"},"canonical":"https:\/\/apr-europe.com\/en\/tires\/120-70-zr-17-m-c-58w-power-cup-evo\/","og_locale":"en_US","og_type":"article","og_title":"Pneu Michelin 120\/70 ZR 17 M\/C (58W) POWER CUP EVO F TL - APR | Le sp\u00e9cialiste des pneus de comp\u00e9tition circuit auto et moto","og_description":"Caract\u00e9ristiques techniques    Marque MICHELIN   Mod\u00e8le POWER CUP EVO   Gamme Circuit &amp; Piste   Usage Racing &amp; Route   Position avant         DESCRIPTION DU PNEU POWER CUP EVO UTILISATION ET PERFORMANCE Le pneus des week end de piste. Le Michelin Power Cup Evo est dot\u00e9 de la nouvelle technologie ACT (Adaptive Casing Technology) et d'un nouveau m\u00e9lange de gomme tr\u00e8s polyvalent. Il est facile \u00e0 prendre en main et permet d'\u00e9viter des choix parfois difficiles li\u00e9s \u00e0 la m\u00e9t\u00e9o ou au type de circuit. Il est la version sculpt\u00e9e du Power Slick Evo LES PLUS DU MOD\u00c8LE   Grip exceptionnel  Performances haut de gamme  CARACT\u00c9RISTIQUES TECHNIQUES   Nouvelle technologie Michelin ACT (Adaptive Casing Technology)  PR\u00c9CONISATION   Pression minimum \u00e0 froid recommand\u00e9 : avant 2.1\u00a0bar \/ arri\u00e8re 1.5\u00a0bar  &nbsp; LA MARQUE MICHELIN Avec plus de 480 victoires et 33 titres pilotes en MotoGP, 15 titres de champion du monde d\u2019endurance, 13 victoires aux 24 Heures du Mans (Moto) et 13 victoires au Bol d\u2019Or, 36 victoires au Dakar (moto), plus de 40 titres de champion du monde d\u2019enduro, 7 titres de motocross et plus de 40 titres en Trial Indoor et Outdoor, MICHELIN est le seul manufacturier qui compte autant de titres mondiaux dans les championnats majeurs r\u00e9gis par la F\u00e9d\u00e9ration Internationale de Motocyclisme (FIM). Inscrite dans les g\u00e8nes de l\u2019entreprise, la comp\u00e9tition est pour Michelin un laboratoire en mati\u00e8re de technologie d\u2019innovation et de performance.","og_url":"https:\/\/apr-europe.com\/en\/tires\/120-70-zr-17-m-c-58w-power-cup-evo\/","og_site_name":"APR","article_modified_time":"2026-03-03T17:01:24+00:00","og_image":[{"width":1200,"height":1200,"url":"https:\/\/apr-europe.com\/wp-content\/uploads\/2024\/09\/mo-45_3528708332959_tire_michelin_power-cup-evo_110-slash-70-zr17-54w_c_main_1-30.png","type":"image\/png"}],"twitter_card":"summary_large_image","twitter_misc":{"Est. reading time":"1 minute"},"schema":{"@context":"https:\/\/schema.org","@graph":[{"@type":"WebPage","@id":"https:\/\/apr-europe.com\/en\/tires\/120-70-zr-17-m-c-58w-power-cup-evo\/","url":"https:\/\/apr-europe.com\/en\/tires\/120-70-zr-17-m-c-58w-power-cup-evo\/","name":"Pneu Michelin 120\/70 ZR 17 M\/C (58W) POWER CUP EVO F TL - APR | Le sp\u00e9cialiste des pneus de comp\u00e9tition circuit auto et moto","isPartOf":{"@id":"https:\/\/apr-europe.com\/en\/#website"},"primaryImageOfPage":{"@id":"https:\/\/apr-europe.com\/en\/tires\/120-70-zr-17-m-c-58w-power-cup-evo\/#primaryimage"},"image":{"@id":"https:\/\/apr-europe.com\/en\/tires\/120-70-zr-17-m-c-58w-power-cup-evo\/#primaryimage"},"thumbnailUrl":"https:\/\/apr-europe.com\/wp-content\/uploads\/2024\/09\/mo-45_3528708332959_tire_michelin_power-cup-evo_110-slash-70-zr17-54w_c_main_1-30.png","datePublished":"2024-09-17T16:01:58+00:00","dateModified":"2026-03-03T17:01:24+00:00","breadcrumb":{"@id":"https:\/\/apr-europe.com\/en\/tires\/120-70-zr-17-m-c-58w-power-cup-evo\/#breadcrumb"},"inLanguage":"en-US","potentialAction":[{"@type":"ReadAction","target":["https:\/\/apr-europe.com\/en\/tires\/120-70-zr-17-m-c-58w-power-cup-evo\/"]}]},{"@type":"ImageObject","inLanguage":"en-US","@id":"https:\/\/apr-europe.com\/en\/tires\/120-70-zr-17-m-c-58w-power-cup-evo\/#primaryimage","url":"https:\/\/apr-europe.com\/wp-content\/uploads\/2024\/09\/mo-45_3528708332959_tire_michelin_power-cup-evo_110-slash-70-zr17-54w_c_main_1-30.png","contentUrl":"https:\/\/apr-europe.com\/wp-content\/uploads\/2024\/09\/mo-45_3528708332959_tire_michelin_power-cup-evo_110-slash-70-zr17-54w_c_main_1-30.png","width":1200,"height":1200},{"@type":"BreadcrumbList","@id":"https:\/\/apr-europe.com\/en\/tires\/120-70-zr-17-m-c-58w-power-cup-evo\/#breadcrumb","itemListElement":[{"@type":"ListItem","position":1,"name":"Home","item":"https:\/\/apr-europe.com\/en\/"},{"@type":"ListItem","position":2,"name":"Shop","item":"https:\/\/apr-europe.com\/en\/shop\/"},{"@type":"ListItem","position":3,"name":"120\/70 ZR 17 M\/C (58W) POWER CUP EVO F TL"}]},{"@type":"WebSite","@id":"https:\/\/apr-europe.com\/en\/#website","url":"https:\/\/apr-europe.com\/en\/","name":"APR","description":"Le sp\u00e9cialiste des pneus de comp\u00e9tition circuit auto et moto","potentialAction":[{"@type":"SearchAction","target":{"@type":"EntryPoint","urlTemplate":"https:\/\/apr-europe.com\/en\/?s={search_term_string}"},"query-input":{"@type":"PropertyValueSpecification","valueRequired":true,"valueName":"search_term_string"}}],"inLanguage":"en-US"}]}},"_links":{"self":[{"href":"https:\/\/apr-europe.com\/en\/wp-json\/wp\/v2\/product\/42434","targetHints":{"allow":["GET"]}}],"collection":[{"href":"https:\/\/apr-europe.com\/en\/wp-json\/wp\/v2\/product"}],"about":[{"href":"https:\/\/apr-europe.com\/en\/wp-json\/wp\/v2\/types\/product"}],"wp:featuredmedia":[{"embeddable":true,"href":"https:\/\/apr-europe.com\/en\/wp-json\/wp\/v2\/media\/48625"}],"wp:attachment":[{"href":"https:\/\/apr-europe.com\/en\/wp-json\/wp\/v2\/media?parent=42434"}],"wp:term":[{"taxonomy":"product_brand","embeddable":true,"href":"https:\/\/apr-europe.com\/en\/wp-json\/wp\/v2\/product_brand?post=42434"},{"taxonomy":"product_cat","embeddable":true,"href":"https:\/\/apr-europe.com\/en\/wp-json\/wp\/v2\/product_cat?post=42434"},{"taxonomy":"product_tag","embeddable":true,"href":"https:\/\/apr-europe.com\/en\/wp-json\/wp\/v2\/product_tag?post=42434"}],"curies":[{"name":"wp","href":"https:\/\/api.w.org\/{rel}","templated":true}]}}