{"id":23205,"date":"2020-02-03T10:08:03","date_gmt":"2020-02-03T09:08:03","guid":{"rendered":"https:\/\/apr-europe.com\/pneus\/120-70-zr-17-58w-power-cup-2-f-tl\/"},"modified":"2026-04-08T18:01:36","modified_gmt":"2026-04-08T16:01:36","slug":"120-70-zr-17-58w-power-cup-2-f-tl","status":"publish","type":"product","link":"https:\/\/apr-europe.com\/en\/tires\/120-70-zr-17-58w-power-cup-2-f-tl\/","title":{"rendered":"120\/70 ZR 17 M\/C (58W) POWER CUP 2 F TL"},"content":{"rendered":"<p>120\/70 ZR 17 M\/C (58W) POWER CUP 2 F TL<\/p>\n","protected":false},"excerpt":{"rendered":"<div id=\"product-technical-infos\" class=\"full-width-container container--white box--shadow\">\n<div class=\"product__technical-infos-container\">\n<h2 class=\"product-title\">Caract\u00e9ristiques techniques<\/h2>\n<table class=\"technical-infos-table\" style=\"height: 129px;\" width=\"606\">\n<tbody>\n<tr>\n<th class=\"technical-infos-table__th\">Marque<\/th>\n<td class=\"technical-infos-table__td\"><a href=\"https:\/\/www.allopneus.com\/marque\/pneu-moto\/michelin\">MICHELIN<\/a><\/td>\n<\/tr>\n<tr>\n<th class=\"technical-infos-table__th\">Mod\u00e8le<\/th>\n<td class=\"technical-infos-table__td\">POWER CUP 2<\/td>\n<\/tr>\n<tr>\n<th class=\"technical-infos-table__th\" scope=\"row\">Gamme<\/th>\n<td class=\"technical-infos-table__td capitalize\">Circuit &amp; Piste<\/td>\n<\/tr>\n<tr>\n<th class=\"technical-infos-table__th\" scope=\"row\">Usage<\/th>\n<td class=\"technical-infos-table__td capitalize\">Racing &amp; Route<\/td>\n<\/tr>\n<tr>\n<th class=\"technical-infos-table__th\" scope=\"row\">Position<\/th>\n<td class=\"technical-infos-table__td capitalize\">avant<\/td>\n<\/tr>\n<\/tbody>\n<\/table>\n<\/div>\n<\/div>\n<div id=\"product__detailed-description\" class=\"full-width-container container--white box--shadow product__detailed-description js-height-wrapper\">\n<div class=\"js-height-content\">\n<div id=\"description\">\n<h2>DESCRIPTION DU PNEU POWER CUP 2<\/h2>\n<h3>UTILISATION ET PERFORMANCE<\/h3>\n<p>Un pneu d\u00e9di\u00e9 aux amateurs de piste mais toujours homologu\u00e9 route. Partez de chez vous et rendez-vous directement sur votre circuit pr\u00e9f\u00e9r\u00e9 pour exp\u00e9rimenter toutes les performances que peuvent\u00a0offrir le Power Cup 2 !<\/p>\n<h3>LES PLUS DU MOD\u00c8LE<\/h3>\n<ul>\n<li>2CT \u00e0 l&#8217;avant et 2CT+ \u00e0 l&#8217;arri\u00e8re, avec une gomme sp\u00e9cialement d\u00e9velopp\u00e9e pour obtenir les meilleures performances possibles sur piste<\/li>\n<li>Un taux d&#8217;entaillement de 4% \u00e0 l&#8217;avant et de 5% \u00e0 l&#8217;arri\u00e8re afin d&#8217;obtenir l&#8217;homologation sur route<\/li>\n<li>Des flancs &#8220;Premium Touch&#8221; offre une finition \u00e9l\u00e9gante<\/li>\n<\/ul>\n<h3>CARACT\u00c9RISTIQUES TECHNIQUES<\/h3>\n<ul>\n<li>MICHELIN 2CT favorise le compromis entre grip et long\u00e9vit\u00e9, MICHELIN 2CT+ rajoute de la stabilit\u00e9 sur l&#8217;angle, en particulier sous forte acc\u00e9l\u00e9ration<\/li>\n<li>Une gomme qui permet d&#8217;encha\u00eener les tours tout en conservant un excellent chrono<\/li>\n<li>La technologie &#8220;Premium Touch&#8221; est bas\u00e9e sur une technique de laser brevet\u00e9e par Michelin qui conf\u00e8re aux flancs un noir profond gr\u00e2ce \u00e0 une g\u00e9om\u00e9trie sp\u00e9cifique qui &#8220;capture la lumi\u00e8re<\/li>\n<\/ul>\n<h3>RECOMMANDATIONS<\/h3>\n<ul>\n<li>Pression minimum \u00e0 froid recommand\u00e9e : AVANT=2.1 bar et ARRI\u00c8RE=1.5 bar<\/li>\n<li>Pression minimum \u00e0 chaud recommand\u00e9e : AVANT=2.4 bar et ARRI\u00c8RE=1.7 bar<\/li>\n<\/ul>\n<p>&nbsp;<\/p>\n<h2>LA MARQUE MICHELIN<\/h2>\n<p>Avec plus de 480 victoires et 33 titres pilotes en MotoGP, 15 titres de champion du monde d\u2019endurance, 13 victoires aux 24 Heures du Mans (Moto) et 13 victoires au Bol d\u2019Or, 36 victoires au Dakar (moto), plus de 40 titres de champion du monde d\u2019enduro, 7 titres de motocross et plus de 40 titres en Trial Indoor et Outdoor, MICHELIN est le seul manufacturier qui compte autant de titres mondiaux dans les championnats majeurs r\u00e9gis par la F\u00e9d\u00e9ration Internationale de Motocyclisme (FIM). Inscrite dans les g\u00e8nes de l\u2019entreprise, la comp\u00e9tition est pour Michelin un laboratoire en mati\u00e8re de technologie d\u2019innovation et de performance.<\/p>\n<\/div>\n<\/div>\n<\/div>\n","protected":false},"featured_media":48571,"template":"","meta":{"_acf_changed":false},"product_brand":[],"product_cat":[17],"product_tag":[],"class_list":{"0":"post-23205","1":"product","2":"type-product","3":"status-publish","4":"has-post-thumbnail","6":"product_cat-moto","8":"first","9":"instock","10":"taxable","11":"shipping-taxable","12":"purchasable","13":"product-type-simple"},"acf":[],"yoast_head":"<!-- This site is optimized with the Yoast SEO plugin v27.3 - https:\/\/yoast.com\/product\/yoast-seo-wordpress\/ -->\n<title>Pneu Michelin 120\/70 ZR 17 M\/C (58W) POWER CUP 2 F TL - APR | Le sp\u00e9cialiste des pneus de comp\u00e9tition circuit auto et moto<\/title>\n<meta name=\"robots\" content=\"index, follow, max-snippet:-1, max-image-preview:large, max-video-preview:-1\" \/>\n<link rel=\"canonical\" href=\"https:\/\/apr-europe.com\/en\/tires\/120-70-zr-17-58w-power-cup-2-f-tl\/\" \/>\n<meta property=\"og:locale\" content=\"en_US\" \/>\n<meta property=\"og:type\" content=\"article\" \/>\n<meta property=\"og:title\" content=\"Pneu Michelin 120\/70 ZR 17 M\/C (58W) POWER CUP 2 F TL - APR | Le sp\u00e9cialiste des pneus de comp\u00e9tition circuit auto et moto\" \/>\n<meta property=\"og:description\" content=\"Caract\u00e9ristiques techniques    Marque MICHELIN   Mod\u00e8le POWER CUP 2   Gamme Circuit &amp; Piste   Usage Racing &amp; Route   Position avant         DESCRIPTION DU PNEU POWER CUP 2 UTILISATION ET PERFORMANCE Un pneu d\u00e9di\u00e9 aux amateurs de piste mais toujours homologu\u00e9 route. Partez de chez vous et rendez-vous directement sur votre circuit pr\u00e9f\u00e9r\u00e9 pour exp\u00e9rimenter toutes les performances que peuvent\u00a0offrir le Power Cup 2 ! LES PLUS DU MOD\u00c8LE   2CT \u00e0 l&#039;avant et 2CT+ \u00e0 l&#039;arri\u00e8re, avec une gomme sp\u00e9cialement d\u00e9velopp\u00e9e pour obtenir les meilleures performances possibles sur piste  Un taux d&#039;entaillement de 4% \u00e0 l&#039;avant et de 5% \u00e0 l&#039;arri\u00e8re afin d&#039;obtenir l&#039;homologation sur route  Des flancs &quot;Premium Touch&quot; offre une finition \u00e9l\u00e9gante  CARACT\u00c9RISTIQUES TECHNIQUES   MICHELIN 2CT favorise le compromis entre grip et long\u00e9vit\u00e9, MICHELIN 2CT+ rajoute de la stabilit\u00e9 sur l&#039;angle, en particulier sous forte acc\u00e9l\u00e9ration  Une gomme qui permet d&#039;encha\u00eener les tours tout en conservant un excellent chrono  La technologie &quot;Premium Touch&quot; est bas\u00e9e sur une technique de laser brevet\u00e9e par Michelin qui conf\u00e8re aux flancs un noir profond gr\u00e2ce \u00e0 une g\u00e9om\u00e9trie sp\u00e9cifique qui &quot;capture la lumi\u00e8re  RECOMMANDATIONS   Pression minimum \u00e0 froid recommand\u00e9e : AVANT=2.1 bar et ARRI\u00c8RE=1.5 bar  Pression minimum \u00e0 chaud recommand\u00e9e : AVANT=2.4 bar et ARRI\u00c8RE=1.7 bar  &nbsp; LA MARQUE MICHELIN Avec plus de 480 victoires et 33 titres pilotes en MotoGP, 15 titres de champion du monde d\u2019endurance, 13 victoires aux 24 Heures du Mans (Moto) et 13 victoires au Bol d\u2019Or, 36 victoires au Dakar (moto), plus de 40 titres de champion du monde d\u2019enduro, 7 titres de motocross et plus de 40 titres en Trial Indoor et Outdoor, MICHELIN est le seul manufacturier qui compte autant de titres mondiaux dans les championnats majeurs r\u00e9gis par la F\u00e9d\u00e9ration Internationale de Motocyclisme (FIM). Inscrite dans les g\u00e8nes de l\u2019entreprise, la comp\u00e9tition est pour Michelin un laboratoire en mati\u00e8re de technologie d\u2019innovation et de performance.\" \/>\n<meta property=\"og:url\" content=\"https:\/\/apr-europe.com\/en\/tires\/120-70-zr-17-58w-power-cup-2-f-tl\/\" \/>\n<meta property=\"og:site_name\" content=\"APR\" \/>\n<meta property=\"article:modified_time\" content=\"2026-04-08T16:01:36+00:00\" \/>\n<meta property=\"og:image\" content=\"https:\/\/apr-europe.com\/wp-content\/uploads\/2020\/02\/mo-96_3528704510924_tire_michelin_power-cup-2_120-slash-70-zr17-58w_c_main_1-30.png\" \/>\n\t<meta property=\"og:image:width\" content=\"1200\" \/>\n\t<meta property=\"og:image:height\" content=\"1200\" \/>\n\t<meta property=\"og:image:type\" content=\"image\/png\" \/>\n<meta name=\"twitter:card\" content=\"summary_large_image\" \/>\n<meta name=\"twitter:label1\" content=\"Est. reading time\" \/>\n\t<meta name=\"twitter:data1\" content=\"1 minute\" \/>\n<script type=\"application\/ld+json\" class=\"yoast-schema-graph\">{\"@context\":\"https:\\\/\\\/schema.org\",\"@graph\":[{\"@type\":\"WebPage\",\"@id\":\"https:\\\/\\\/apr-europe.com\\\/en\\\/tires\\\/120-70-zr-17-58w-power-cup-2-f-tl\\\/\",\"url\":\"https:\\\/\\\/apr-europe.com\\\/en\\\/tires\\\/120-70-zr-17-58w-power-cup-2-f-tl\\\/\",\"name\":\"Pneu Michelin 120\\\/70 ZR 17 M\\\/C (58W) POWER CUP 2 F TL - APR | Le sp\u00e9cialiste des pneus de comp\u00e9tition circuit auto et moto\",\"isPartOf\":{\"@id\":\"https:\\\/\\\/apr-europe.com\\\/en\\\/#website\"},\"primaryImageOfPage\":{\"@id\":\"https:\\\/\\\/apr-europe.com\\\/en\\\/tires\\\/120-70-zr-17-58w-power-cup-2-f-tl\\\/#primaryimage\"},\"image\":{\"@id\":\"https:\\\/\\\/apr-europe.com\\\/en\\\/tires\\\/120-70-zr-17-58w-power-cup-2-f-tl\\\/#primaryimage\"},\"thumbnailUrl\":\"https:\\\/\\\/apr-europe.com\\\/wp-content\\\/uploads\\\/2020\\\/02\\\/mo-96_3528704510924_tire_michelin_power-cup-2_120-slash-70-zr17-58w_c_main_1-30.png\",\"datePublished\":\"2020-02-03T09:08:03+00:00\",\"dateModified\":\"2026-04-08T16:01:36+00:00\",\"breadcrumb\":{\"@id\":\"https:\\\/\\\/apr-europe.com\\\/en\\\/tires\\\/120-70-zr-17-58w-power-cup-2-f-tl\\\/#breadcrumb\"},\"inLanguage\":\"en-US\",\"potentialAction\":[{\"@type\":\"ReadAction\",\"target\":[\"https:\\\/\\\/apr-europe.com\\\/en\\\/tires\\\/120-70-zr-17-58w-power-cup-2-f-tl\\\/\"]}]},{\"@type\":\"ImageObject\",\"inLanguage\":\"en-US\",\"@id\":\"https:\\\/\\\/apr-europe.com\\\/en\\\/tires\\\/120-70-zr-17-58w-power-cup-2-f-tl\\\/#primaryimage\",\"url\":\"https:\\\/\\\/apr-europe.com\\\/wp-content\\\/uploads\\\/2020\\\/02\\\/mo-96_3528704510924_tire_michelin_power-cup-2_120-slash-70-zr17-58w_c_main_1-30.png\",\"contentUrl\":\"https:\\\/\\\/apr-europe.com\\\/wp-content\\\/uploads\\\/2020\\\/02\\\/mo-96_3528704510924_tire_michelin_power-cup-2_120-slash-70-zr17-58w_c_main_1-30.png\",\"width\":1200,\"height\":1200},{\"@type\":\"BreadcrumbList\",\"@id\":\"https:\\\/\\\/apr-europe.com\\\/en\\\/tires\\\/120-70-zr-17-58w-power-cup-2-f-tl\\\/#breadcrumb\",\"itemListElement\":[{\"@type\":\"ListItem\",\"position\":1,\"name\":\"Home\",\"item\":\"https:\\\/\\\/apr-europe.com\\\/en\\\/\"},{\"@type\":\"ListItem\",\"position\":2,\"name\":\"Shop\",\"item\":\"https:\\\/\\\/apr-europe.com\\\/en\\\/shop\\\/\"},{\"@type\":\"ListItem\",\"position\":3,\"name\":\"120\\\/70 ZR 17 M\\\/C (58W) POWER CUP 2 F TL\"}]},{\"@type\":\"WebSite\",\"@id\":\"https:\\\/\\\/apr-europe.com\\\/en\\\/#website\",\"url\":\"https:\\\/\\\/apr-europe.com\\\/en\\\/\",\"name\":\"APR\",\"description\":\"Le sp\u00e9cialiste des pneus de comp\u00e9tition circuit auto et moto\",\"potentialAction\":[{\"@type\":\"SearchAction\",\"target\":{\"@type\":\"EntryPoint\",\"urlTemplate\":\"https:\\\/\\\/apr-europe.com\\\/en\\\/?s={search_term_string}\"},\"query-input\":{\"@type\":\"PropertyValueSpecification\",\"valueRequired\":true,\"valueName\":\"search_term_string\"}}],\"inLanguage\":\"en-US\"}]}<\/script>\n<!-- \/ Yoast SEO plugin. -->","yoast_head_json":{"title":"Pneu Michelin 120\/70 ZR 17 M\/C (58W) POWER CUP 2 F TL - APR | Le sp\u00e9cialiste des pneus de comp\u00e9tition circuit auto et moto","robots":{"index":"index","follow":"follow","max-snippet":"max-snippet:-1","max-image-preview":"max-image-preview:large","max-video-preview":"max-video-preview:-1"},"canonical":"https:\/\/apr-europe.com\/en\/tires\/120-70-zr-17-58w-power-cup-2-f-tl\/","og_locale":"en_US","og_type":"article","og_title":"Pneu Michelin 120\/70 ZR 17 M\/C (58W) POWER CUP 2 F TL - APR | Le sp\u00e9cialiste des pneus de comp\u00e9tition circuit auto et moto","og_description":"Caract\u00e9ristiques techniques    Marque MICHELIN   Mod\u00e8le POWER CUP 2   Gamme Circuit &amp; Piste   Usage Racing &amp; Route   Position avant         DESCRIPTION DU PNEU POWER CUP 2 UTILISATION ET PERFORMANCE Un pneu d\u00e9di\u00e9 aux amateurs de piste mais toujours homologu\u00e9 route. Partez de chez vous et rendez-vous directement sur votre circuit pr\u00e9f\u00e9r\u00e9 pour exp\u00e9rimenter toutes les performances que peuvent\u00a0offrir le Power Cup 2 ! LES PLUS DU MOD\u00c8LE   2CT \u00e0 l'avant et 2CT+ \u00e0 l'arri\u00e8re, avec une gomme sp\u00e9cialement d\u00e9velopp\u00e9e pour obtenir les meilleures performances possibles sur piste  Un taux d'entaillement de 4% \u00e0 l'avant et de 5% \u00e0 l'arri\u00e8re afin d'obtenir l'homologation sur route  Des flancs \"Premium Touch\" offre une finition \u00e9l\u00e9gante  CARACT\u00c9RISTIQUES TECHNIQUES   MICHELIN 2CT favorise le compromis entre grip et long\u00e9vit\u00e9, MICHELIN 2CT+ rajoute de la stabilit\u00e9 sur l'angle, en particulier sous forte acc\u00e9l\u00e9ration  Une gomme qui permet d'encha\u00eener les tours tout en conservant un excellent chrono  La technologie \"Premium Touch\" est bas\u00e9e sur une technique de laser brevet\u00e9e par Michelin qui conf\u00e8re aux flancs un noir profond gr\u00e2ce \u00e0 une g\u00e9om\u00e9trie sp\u00e9cifique qui \"capture la lumi\u00e8re  RECOMMANDATIONS   Pression minimum \u00e0 froid recommand\u00e9e : AVANT=2.1 bar et ARRI\u00c8RE=1.5 bar  Pression minimum \u00e0 chaud recommand\u00e9e : AVANT=2.4 bar et ARRI\u00c8RE=1.7 bar  &nbsp; LA MARQUE MICHELIN Avec plus de 480 victoires et 33 titres pilotes en MotoGP, 15 titres de champion du monde d\u2019endurance, 13 victoires aux 24 Heures du Mans (Moto) et 13 victoires au Bol d\u2019Or, 36 victoires au Dakar (moto), plus de 40 titres de champion du monde d\u2019enduro, 7 titres de motocross et plus de 40 titres en Trial Indoor et Outdoor, MICHELIN est le seul manufacturier qui compte autant de titres mondiaux dans les championnats majeurs r\u00e9gis par la F\u00e9d\u00e9ration Internationale de Motocyclisme (FIM). Inscrite dans les g\u00e8nes de l\u2019entreprise, la comp\u00e9tition est pour Michelin un laboratoire en mati\u00e8re de technologie d\u2019innovation et de performance.","og_url":"https:\/\/apr-europe.com\/en\/tires\/120-70-zr-17-58w-power-cup-2-f-tl\/","og_site_name":"APR","article_modified_time":"2026-04-08T16:01:36+00:00","og_image":[{"width":1200,"height":1200,"url":"https:\/\/apr-europe.com\/wp-content\/uploads\/2020\/02\/mo-96_3528704510924_tire_michelin_power-cup-2_120-slash-70-zr17-58w_c_main_1-30.png","type":"image\/png"}],"twitter_card":"summary_large_image","twitter_misc":{"Est. reading time":"1 minute"},"schema":{"@context":"https:\/\/schema.org","@graph":[{"@type":"WebPage","@id":"https:\/\/apr-europe.com\/en\/tires\/120-70-zr-17-58w-power-cup-2-f-tl\/","url":"https:\/\/apr-europe.com\/en\/tires\/120-70-zr-17-58w-power-cup-2-f-tl\/","name":"Pneu Michelin 120\/70 ZR 17 M\/C (58W) POWER CUP 2 F TL - APR | Le sp\u00e9cialiste des pneus de comp\u00e9tition circuit auto et moto","isPartOf":{"@id":"https:\/\/apr-europe.com\/en\/#website"},"primaryImageOfPage":{"@id":"https:\/\/apr-europe.com\/en\/tires\/120-70-zr-17-58w-power-cup-2-f-tl\/#primaryimage"},"image":{"@id":"https:\/\/apr-europe.com\/en\/tires\/120-70-zr-17-58w-power-cup-2-f-tl\/#primaryimage"},"thumbnailUrl":"https:\/\/apr-europe.com\/wp-content\/uploads\/2020\/02\/mo-96_3528704510924_tire_michelin_power-cup-2_120-slash-70-zr17-58w_c_main_1-30.png","datePublished":"2020-02-03T09:08:03+00:00","dateModified":"2026-04-08T16:01:36+00:00","breadcrumb":{"@id":"https:\/\/apr-europe.com\/en\/tires\/120-70-zr-17-58w-power-cup-2-f-tl\/#breadcrumb"},"inLanguage":"en-US","potentialAction":[{"@type":"ReadAction","target":["https:\/\/apr-europe.com\/en\/tires\/120-70-zr-17-58w-power-cup-2-f-tl\/"]}]},{"@type":"ImageObject","inLanguage":"en-US","@id":"https:\/\/apr-europe.com\/en\/tires\/120-70-zr-17-58w-power-cup-2-f-tl\/#primaryimage","url":"https:\/\/apr-europe.com\/wp-content\/uploads\/2020\/02\/mo-96_3528704510924_tire_michelin_power-cup-2_120-slash-70-zr17-58w_c_main_1-30.png","contentUrl":"https:\/\/apr-europe.com\/wp-content\/uploads\/2020\/02\/mo-96_3528704510924_tire_michelin_power-cup-2_120-slash-70-zr17-58w_c_main_1-30.png","width":1200,"height":1200},{"@type":"BreadcrumbList","@id":"https:\/\/apr-europe.com\/en\/tires\/120-70-zr-17-58w-power-cup-2-f-tl\/#breadcrumb","itemListElement":[{"@type":"ListItem","position":1,"name":"Home","item":"https:\/\/apr-europe.com\/en\/"},{"@type":"ListItem","position":2,"name":"Shop","item":"https:\/\/apr-europe.com\/en\/shop\/"},{"@type":"ListItem","position":3,"name":"120\/70 ZR 17 M\/C (58W) POWER CUP 2 F TL"}]},{"@type":"WebSite","@id":"https:\/\/apr-europe.com\/en\/#website","url":"https:\/\/apr-europe.com\/en\/","name":"APR","description":"Le sp\u00e9cialiste des pneus de comp\u00e9tition circuit auto et moto","potentialAction":[{"@type":"SearchAction","target":{"@type":"EntryPoint","urlTemplate":"https:\/\/apr-europe.com\/en\/?s={search_term_string}"},"query-input":{"@type":"PropertyValueSpecification","valueRequired":true,"valueName":"search_term_string"}}],"inLanguage":"en-US"}]}},"_links":{"self":[{"href":"https:\/\/apr-europe.com\/en\/wp-json\/wp\/v2\/product\/23205","targetHints":{"allow":["GET"]}}],"collection":[{"href":"https:\/\/apr-europe.com\/en\/wp-json\/wp\/v2\/product"}],"about":[{"href":"https:\/\/apr-europe.com\/en\/wp-json\/wp\/v2\/types\/product"}],"wp:featuredmedia":[{"embeddable":true,"href":"https:\/\/apr-europe.com\/en\/wp-json\/wp\/v2\/media\/48571"}],"wp:attachment":[{"href":"https:\/\/apr-europe.com\/en\/wp-json\/wp\/v2\/media?parent=23205"}],"wp:term":[{"taxonomy":"product_brand","embeddable":true,"href":"https:\/\/apr-europe.com\/en\/wp-json\/wp\/v2\/product_brand?post=23205"},{"taxonomy":"product_cat","embeddable":true,"href":"https:\/\/apr-europe.com\/en\/wp-json\/wp\/v2\/product_cat?post=23205"},{"taxonomy":"product_tag","embeddable":true,"href":"https:\/\/apr-europe.com\/en\/wp-json\/wp\/v2\/product_tag?post=23205"}],"curies":[{"name":"wp","href":"https:\/\/api.w.org\/{rel}","templated":true}]}}