{"id":13075,"date":"2019-12-09T13:35:47","date_gmt":"2019-12-09T12:35:47","guid":{"rendered":"https:\/\/apr-europe.com\/pneus\/200-55-r-17-78v-power-slick-perfo-medium-soft\/"},"modified":"2026-04-01T12:01:31","modified_gmt":"2026-04-01T10:01:31","slug":"200-55-r-17-78v-power-slick-perfo-medium-soft","status":"publish","type":"product","link":"https:\/\/apr-europe.com\/en\/tires\/200-55-r-17-78v-power-slick-perfo-medium-soft\/","title":{"rendered":"200\/55 R 17 78V POWER SLICK PERFO MEDIUM SOFT"},"content":{"rendered":"<p>200\/55 R 17 78V POWER SLICK PERFO MEDIUM SOFT<\/p>\n","protected":false},"excerpt":{"rendered":"<div id=\"product-technical-infos\" class=\"full-width-container container--white box--shadow\">\n<div class=\"product__technical-infos-container\">\n<h2 class=\"product-title\">Caract\u00e9ristiques techniques<\/h2>\n<table class=\"technical-infos-table\" style=\"height: 133px\" width=\"759\">\n<tbody>\n<tr>\n<th class=\"technical-infos-table__th\">Marque<\/th>\n<td class=\"technical-infos-table__td\"><a href=\"https:\/\/www.allopneus.com\/marque\/pneu-moto\/michelin\">MICHELIN<\/a><\/td>\n<\/tr>\n<tr>\n<th class=\"technical-infos-table__th\">Mod\u00e8le<\/th>\n<td class=\"technical-infos-table__td\">POWER PERFORMANCE SLICK<\/td>\n<\/tr>\n<tr>\n<th class=\"technical-infos-table__th\" scope=\"row\">Gamme<\/th>\n<td class=\"technical-infos-table__td capitalize\">Circuit &amp; Piste<\/td>\n<\/tr>\n<tr>\n<th class=\"technical-infos-table__th\" scope=\"row\">Usage<\/th>\n<td class=\"technical-infos-table__td capitalize\">Slick<\/td>\n<\/tr>\n<tr>\n<th class=\"technical-infos-table__th\" scope=\"row\">Position<\/th>\n<td class=\"technical-infos-table__td capitalize\">arri\u00e8re<\/td>\n<\/tr>\n<\/tbody>\n<\/table>\n<\/div>\n<\/div>\n<div id=\"product__detailed-description\" class=\"full-width-container container--white box--shadow product__detailed-description js-height-wrapper\">\n<div class=\"js-height-content\">\n<div id=\"description\">\n<h2>DESCRIPTION DU PNEU POWER PERFORMANCE SLICK<\/h2>\n<h3>UTILISATION ET PERFORMANCE<\/h3>\n<p>Le Power Performance Slick est un pneu non homologu\u00e9 route (NHS) accessible \u00e0 tous les passionn\u00e9s de circuit. Amateurs ou confirm\u00e9s, vous pourrez appr\u00e9cier ses performances exceptionnelles tour apr\u00e8s tour, sa mont\u00e9e en temp\u00e9rature rapide et sa facilit\u00e9 de pilotage.<\/p>\n<h3>LES PLUS DU MOD\u00c8LE<\/h3>\n<ul>\n<li>B\u00e9n\u00e9ficie des derni\u00e8res technologies d\u00e9velopp\u00e9es en MotoGP\u2122<\/li>\n<li>Adh\u00e9rence d\u00e8s le premier tour<\/li>\n<li>Con\u00e7u pour tout type de moto<\/li>\n<li>Pneu circuit\/piste<\/li>\n<\/ul>\n<h3>CARACT\u00c9RISTIQUES TECHNIQUES<\/h3>\n<ul>\n<li>La derni\u00e8re g\u00e9n\u00e9ration de gomme permet une chauffe rapide<\/li>\n<li>Pression minimale \u00e0 froid: Avant 2.1 BAR &#8211; 30.5 PSI \/ Arri\u00e8re 1.3 BAR &#8211; 18.9 PSI<\/li>\n<li>Pression cible \u00e0 chaud (apr\u00e8s 6 tours) : Avant 2.3 \u00e0 2.5 BAR &#8211; 33.4 \u00e0 36.3 PSI \/ Arri\u00e8re 1.5 \u00e0 1.7 BAR &#8211; 21.8 \u00e0 24.7 PSI<\/li>\n<\/ul>\n<h2>LA MARQUE MICHELIN<\/h2>\n<p>Avec plus de 480 victoires et 33 titres pilotes en MotoGP, 15 titres de champion du monde d\u2019endurance, 13 victoires aux 24 Heures du Mans (Moto) et 13 victoires au Bol d\u2019Or, 36 victoires au Dakar (moto), plus de 40 titres de champion du monde d\u2019enduro, 7 titres de motocross et plus de 40 titres en Trial Indoor et Outdoor, MICHELIN est le seul manufacturier qui compte autant de titres mondiaux dans les championnats majeurs r\u00e9gis par la F\u00e9d\u00e9ration Internationale de Motocyclisme (FIM). Inscrite dans les g\u00e8nes de l\u2019entreprise, la comp\u00e9tition est pour Michelin un laboratoire en mati\u00e8re de technologie d\u2019innovation et de performance.<\/p>\n<\/div>\n<\/div>\n<\/div>\n","protected":false},"featured_media":48958,"template":"","meta":{"_acf_changed":false},"product_brand":[],"product_cat":[17],"product_tag":[],"class_list":{"0":"post-13075","1":"product","2":"type-product","3":"status-publish","4":"has-post-thumbnail","6":"product_cat-moto","8":"first","9":"instock","10":"taxable","11":"shipping-taxable","12":"purchasable","13":"product-type-simple"},"acf":[],"yoast_head":"<!-- This site is optimized with the Yoast SEO plugin v27.3 - https:\/\/yoast.com\/product\/yoast-seo-wordpress\/ -->\n<title>Pneu Michelin 200\/55 R 17 78V POWER SLICK PERFO MEDIUM SOFT - APR | Le sp\u00e9cialiste des pneus de comp\u00e9tition circuit auto et moto<\/title>\n<meta name=\"robots\" content=\"index, follow, max-snippet:-1, max-image-preview:large, max-video-preview:-1\" \/>\n<link rel=\"canonical\" href=\"https:\/\/apr-europe.com\/en\/tires\/200-55-r-17-78v-power-slick-perfo-medium-soft\/\" \/>\n<meta property=\"og:locale\" content=\"en_US\" \/>\n<meta property=\"og:type\" content=\"article\" \/>\n<meta property=\"og:title\" content=\"Pneu Michelin 200\/55 R 17 78V POWER SLICK PERFO MEDIUM SOFT - APR | Le sp\u00e9cialiste des pneus de comp\u00e9tition circuit auto et moto\" \/>\n<meta property=\"og:description\" content=\"Caract\u00e9ristiques techniques    Marque MICHELIN   Mod\u00e8le POWER PERFORMANCE SLICK   Gamme Circuit &amp; Piste   Usage Slick   Position arri\u00e8re         DESCRIPTION DU PNEU POWER PERFORMANCE SLICK UTILISATION ET PERFORMANCE Le Power Performance Slick est un pneu non homologu\u00e9 route (NHS) accessible \u00e0 tous les passionn\u00e9s de circuit. Amateurs ou confirm\u00e9s, vous pourrez appr\u00e9cier ses performances exceptionnelles tour apr\u00e8s tour, sa mont\u00e9e en temp\u00e9rature rapide et sa facilit\u00e9 de pilotage. LES PLUS DU MOD\u00c8LE   B\u00e9n\u00e9ficie des derni\u00e8res technologies d\u00e9velopp\u00e9es en MotoGP\u2122  Adh\u00e9rence d\u00e8s le premier tour  Con\u00e7u pour tout type de moto  Pneu circuit\/piste  CARACT\u00c9RISTIQUES TECHNIQUES   La derni\u00e8re g\u00e9n\u00e9ration de gomme permet une chauffe rapide  Pression minimale \u00e0 froid: Avant 2.1 BAR - 30.5 PSI \/ Arri\u00e8re 1.3 BAR - 18.9 PSI  Pression cible \u00e0 chaud (apr\u00e8s 6 tours) : Avant 2.3 \u00e0 2.5 BAR - 33.4 \u00e0 36.3 PSI \/ Arri\u00e8re 1.5 \u00e0 1.7 BAR - 21.8 \u00e0 24.7 PSI  LA MARQUE MICHELIN Avec plus de 480 victoires et 33 titres pilotes en MotoGP, 15 titres de champion du monde d\u2019endurance, 13 victoires aux 24 Heures du Mans (Moto) et 13 victoires au Bol d\u2019Or, 36 victoires au Dakar (moto), plus de 40 titres de champion du monde d\u2019enduro, 7 titres de motocross et plus de 40 titres en Trial Indoor et Outdoor, MICHELIN est le seul manufacturier qui compte autant de titres mondiaux dans les championnats majeurs r\u00e9gis par la F\u00e9d\u00e9ration Internationale de Motocyclisme (FIM). Inscrite dans les g\u00e8nes de l\u2019entreprise, la comp\u00e9tition est pour Michelin un laboratoire en mati\u00e8re de technologie d\u2019innovation et de performance.\" \/>\n<meta property=\"og:url\" content=\"https:\/\/apr-europe.com\/en\/tires\/200-55-r-17-78v-power-slick-perfo-medium-soft\/\" \/>\n<meta property=\"og:site_name\" content=\"APR\" \/>\n<meta property=\"article:modified_time\" content=\"2026-04-01T10:01:31+00:00\" \/>\n<meta property=\"og:image\" content=\"https:\/\/apr-europe.com\/wp-content\/uploads\/2025\/05\/mo-120_3528703297130_tire_michelin_power-performance-slick_200-slash-60-r17_c_main_1-30.png\" \/>\n\t<meta property=\"og:image:width\" content=\"1200\" \/>\n\t<meta property=\"og:image:height\" content=\"1200\" \/>\n\t<meta property=\"og:image:type\" content=\"image\/png\" \/>\n<meta name=\"twitter:card\" content=\"summary_large_image\" \/>\n<meta name=\"twitter:label1\" content=\"Est. reading time\" \/>\n\t<meta name=\"twitter:data1\" content=\"1 minute\" \/>\n<script type=\"application\/ld+json\" class=\"yoast-schema-graph\">{\"@context\":\"https:\\\/\\\/schema.org\",\"@graph\":[{\"@type\":\"WebPage\",\"@id\":\"https:\\\/\\\/apr-europe.com\\\/en\\\/tires\\\/200-55-r-17-78v-power-slick-perfo-medium-soft\\\/\",\"url\":\"https:\\\/\\\/apr-europe.com\\\/en\\\/tires\\\/200-55-r-17-78v-power-slick-perfo-medium-soft\\\/\",\"name\":\"Pneu Michelin 200\\\/55 R 17 78V POWER SLICK PERFO MEDIUM SOFT - APR | Le sp\u00e9cialiste des pneus de comp\u00e9tition circuit auto et moto\",\"isPartOf\":{\"@id\":\"https:\\\/\\\/apr-europe.com\\\/en\\\/#website\"},\"primaryImageOfPage\":{\"@id\":\"https:\\\/\\\/apr-europe.com\\\/en\\\/tires\\\/200-55-r-17-78v-power-slick-perfo-medium-soft\\\/#primaryimage\"},\"image\":{\"@id\":\"https:\\\/\\\/apr-europe.com\\\/en\\\/tires\\\/200-55-r-17-78v-power-slick-perfo-medium-soft\\\/#primaryimage\"},\"thumbnailUrl\":\"https:\\\/\\\/apr-europe.com\\\/wp-content\\\/uploads\\\/2025\\\/05\\\/mo-120_3528703297130_tire_michelin_power-performance-slick_200-slash-60-r17_c_main_1-30.png\",\"datePublished\":\"2019-12-09T12:35:47+00:00\",\"dateModified\":\"2026-04-01T10:01:31+00:00\",\"breadcrumb\":{\"@id\":\"https:\\\/\\\/apr-europe.com\\\/en\\\/tires\\\/200-55-r-17-78v-power-slick-perfo-medium-soft\\\/#breadcrumb\"},\"inLanguage\":\"en-US\",\"potentialAction\":[{\"@type\":\"ReadAction\",\"target\":[\"https:\\\/\\\/apr-europe.com\\\/en\\\/tires\\\/200-55-r-17-78v-power-slick-perfo-medium-soft\\\/\"]}]},{\"@type\":\"ImageObject\",\"inLanguage\":\"en-US\",\"@id\":\"https:\\\/\\\/apr-europe.com\\\/en\\\/tires\\\/200-55-r-17-78v-power-slick-perfo-medium-soft\\\/#primaryimage\",\"url\":\"https:\\\/\\\/apr-europe.com\\\/wp-content\\\/uploads\\\/2025\\\/05\\\/mo-120_3528703297130_tire_michelin_power-performance-slick_200-slash-60-r17_c_main_1-30.png\",\"contentUrl\":\"https:\\\/\\\/apr-europe.com\\\/wp-content\\\/uploads\\\/2025\\\/05\\\/mo-120_3528703297130_tire_michelin_power-performance-slick_200-slash-60-r17_c_main_1-30.png\",\"width\":1200,\"height\":1200},{\"@type\":\"BreadcrumbList\",\"@id\":\"https:\\\/\\\/apr-europe.com\\\/en\\\/tires\\\/200-55-r-17-78v-power-slick-perfo-medium-soft\\\/#breadcrumb\",\"itemListElement\":[{\"@type\":\"ListItem\",\"position\":1,\"name\":\"Home\",\"item\":\"https:\\\/\\\/apr-europe.com\\\/en\\\/\"},{\"@type\":\"ListItem\",\"position\":2,\"name\":\"Shop\",\"item\":\"https:\\\/\\\/apr-europe.com\\\/en\\\/shop\\\/\"},{\"@type\":\"ListItem\",\"position\":3,\"name\":\"200\\\/55 R 17 78V POWER SLICK PERFO MEDIUM SOFT\"}]},{\"@type\":\"WebSite\",\"@id\":\"https:\\\/\\\/apr-europe.com\\\/en\\\/#website\",\"url\":\"https:\\\/\\\/apr-europe.com\\\/en\\\/\",\"name\":\"APR\",\"description\":\"Le sp\u00e9cialiste des pneus de comp\u00e9tition circuit auto et moto\",\"potentialAction\":[{\"@type\":\"SearchAction\",\"target\":{\"@type\":\"EntryPoint\",\"urlTemplate\":\"https:\\\/\\\/apr-europe.com\\\/en\\\/?s={search_term_string}\"},\"query-input\":{\"@type\":\"PropertyValueSpecification\",\"valueRequired\":true,\"valueName\":\"search_term_string\"}}],\"inLanguage\":\"en-US\"}]}<\/script>\n<!-- \/ Yoast SEO plugin. -->","yoast_head_json":{"title":"Pneu Michelin 200\/55 R 17 78V POWER SLICK PERFO MEDIUM SOFT - APR | Le sp\u00e9cialiste des pneus de comp\u00e9tition circuit auto et moto","robots":{"index":"index","follow":"follow","max-snippet":"max-snippet:-1","max-image-preview":"max-image-preview:large","max-video-preview":"max-video-preview:-1"},"canonical":"https:\/\/apr-europe.com\/en\/tires\/200-55-r-17-78v-power-slick-perfo-medium-soft\/","og_locale":"en_US","og_type":"article","og_title":"Pneu Michelin 200\/55 R 17 78V POWER SLICK PERFO MEDIUM SOFT - APR | Le sp\u00e9cialiste des pneus de comp\u00e9tition circuit auto et moto","og_description":"Caract\u00e9ristiques techniques    Marque MICHELIN   Mod\u00e8le POWER PERFORMANCE SLICK   Gamme Circuit &amp; Piste   Usage Slick   Position arri\u00e8re         DESCRIPTION DU PNEU POWER PERFORMANCE SLICK UTILISATION ET PERFORMANCE Le Power Performance Slick est un pneu non homologu\u00e9 route (NHS) accessible \u00e0 tous les passionn\u00e9s de circuit. Amateurs ou confirm\u00e9s, vous pourrez appr\u00e9cier ses performances exceptionnelles tour apr\u00e8s tour, sa mont\u00e9e en temp\u00e9rature rapide et sa facilit\u00e9 de pilotage. LES PLUS DU MOD\u00c8LE   B\u00e9n\u00e9ficie des derni\u00e8res technologies d\u00e9velopp\u00e9es en MotoGP\u2122  Adh\u00e9rence d\u00e8s le premier tour  Con\u00e7u pour tout type de moto  Pneu circuit\/piste  CARACT\u00c9RISTIQUES TECHNIQUES   La derni\u00e8re g\u00e9n\u00e9ration de gomme permet une chauffe rapide  Pression minimale \u00e0 froid: Avant 2.1 BAR - 30.5 PSI \/ Arri\u00e8re 1.3 BAR - 18.9 PSI  Pression cible \u00e0 chaud (apr\u00e8s 6 tours) : Avant 2.3 \u00e0 2.5 BAR - 33.4 \u00e0 36.3 PSI \/ Arri\u00e8re 1.5 \u00e0 1.7 BAR - 21.8 \u00e0 24.7 PSI  LA MARQUE MICHELIN Avec plus de 480 victoires et 33 titres pilotes en MotoGP, 15 titres de champion du monde d\u2019endurance, 13 victoires aux 24 Heures du Mans (Moto) et 13 victoires au Bol d\u2019Or, 36 victoires au Dakar (moto), plus de 40 titres de champion du monde d\u2019enduro, 7 titres de motocross et plus de 40 titres en Trial Indoor et Outdoor, MICHELIN est le seul manufacturier qui compte autant de titres mondiaux dans les championnats majeurs r\u00e9gis par la F\u00e9d\u00e9ration Internationale de Motocyclisme (FIM). Inscrite dans les g\u00e8nes de l\u2019entreprise, la comp\u00e9tition est pour Michelin un laboratoire en mati\u00e8re de technologie d\u2019innovation et de performance.","og_url":"https:\/\/apr-europe.com\/en\/tires\/200-55-r-17-78v-power-slick-perfo-medium-soft\/","og_site_name":"APR","article_modified_time":"2026-04-01T10:01:31+00:00","og_image":[{"width":1200,"height":1200,"url":"https:\/\/apr-europe.com\/wp-content\/uploads\/2025\/05\/mo-120_3528703297130_tire_michelin_power-performance-slick_200-slash-60-r17_c_main_1-30.png","type":"image\/png"}],"twitter_card":"summary_large_image","twitter_misc":{"Est. reading time":"1 minute"},"schema":{"@context":"https:\/\/schema.org","@graph":[{"@type":"WebPage","@id":"https:\/\/apr-europe.com\/en\/tires\/200-55-r-17-78v-power-slick-perfo-medium-soft\/","url":"https:\/\/apr-europe.com\/en\/tires\/200-55-r-17-78v-power-slick-perfo-medium-soft\/","name":"Pneu Michelin 200\/55 R 17 78V POWER SLICK PERFO MEDIUM SOFT - APR | Le sp\u00e9cialiste des pneus de comp\u00e9tition circuit auto et moto","isPartOf":{"@id":"https:\/\/apr-europe.com\/en\/#website"},"primaryImageOfPage":{"@id":"https:\/\/apr-europe.com\/en\/tires\/200-55-r-17-78v-power-slick-perfo-medium-soft\/#primaryimage"},"image":{"@id":"https:\/\/apr-europe.com\/en\/tires\/200-55-r-17-78v-power-slick-perfo-medium-soft\/#primaryimage"},"thumbnailUrl":"https:\/\/apr-europe.com\/wp-content\/uploads\/2025\/05\/mo-120_3528703297130_tire_michelin_power-performance-slick_200-slash-60-r17_c_main_1-30.png","datePublished":"2019-12-09T12:35:47+00:00","dateModified":"2026-04-01T10:01:31+00:00","breadcrumb":{"@id":"https:\/\/apr-europe.com\/en\/tires\/200-55-r-17-78v-power-slick-perfo-medium-soft\/#breadcrumb"},"inLanguage":"en-US","potentialAction":[{"@type":"ReadAction","target":["https:\/\/apr-europe.com\/en\/tires\/200-55-r-17-78v-power-slick-perfo-medium-soft\/"]}]},{"@type":"ImageObject","inLanguage":"en-US","@id":"https:\/\/apr-europe.com\/en\/tires\/200-55-r-17-78v-power-slick-perfo-medium-soft\/#primaryimage","url":"https:\/\/apr-europe.com\/wp-content\/uploads\/2025\/05\/mo-120_3528703297130_tire_michelin_power-performance-slick_200-slash-60-r17_c_main_1-30.png","contentUrl":"https:\/\/apr-europe.com\/wp-content\/uploads\/2025\/05\/mo-120_3528703297130_tire_michelin_power-performance-slick_200-slash-60-r17_c_main_1-30.png","width":1200,"height":1200},{"@type":"BreadcrumbList","@id":"https:\/\/apr-europe.com\/en\/tires\/200-55-r-17-78v-power-slick-perfo-medium-soft\/#breadcrumb","itemListElement":[{"@type":"ListItem","position":1,"name":"Home","item":"https:\/\/apr-europe.com\/en\/"},{"@type":"ListItem","position":2,"name":"Shop","item":"https:\/\/apr-europe.com\/en\/shop\/"},{"@type":"ListItem","position":3,"name":"200\/55 R 17 78V POWER SLICK PERFO MEDIUM SOFT"}]},{"@type":"WebSite","@id":"https:\/\/apr-europe.com\/en\/#website","url":"https:\/\/apr-europe.com\/en\/","name":"APR","description":"Le sp\u00e9cialiste des pneus de comp\u00e9tition circuit auto et moto","potentialAction":[{"@type":"SearchAction","target":{"@type":"EntryPoint","urlTemplate":"https:\/\/apr-europe.com\/en\/?s={search_term_string}"},"query-input":{"@type":"PropertyValueSpecification","valueRequired":true,"valueName":"search_term_string"}}],"inLanguage":"en-US"}]}},"_links":{"self":[{"href":"https:\/\/apr-europe.com\/en\/wp-json\/wp\/v2\/product\/13075","targetHints":{"allow":["GET"]}}],"collection":[{"href":"https:\/\/apr-europe.com\/en\/wp-json\/wp\/v2\/product"}],"about":[{"href":"https:\/\/apr-europe.com\/en\/wp-json\/wp\/v2\/types\/product"}],"wp:featuredmedia":[{"embeddable":true,"href":"https:\/\/apr-europe.com\/en\/wp-json\/wp\/v2\/media\/48958"}],"wp:attachment":[{"href":"https:\/\/apr-europe.com\/en\/wp-json\/wp\/v2\/media?parent=13075"}],"wp:term":[{"taxonomy":"product_brand","embeddable":true,"href":"https:\/\/apr-europe.com\/en\/wp-json\/wp\/v2\/product_brand?post=13075"},{"taxonomy":"product_cat","embeddable":true,"href":"https:\/\/apr-europe.com\/en\/wp-json\/wp\/v2\/product_cat?post=13075"},{"taxonomy":"product_tag","embeddable":true,"href":"https:\/\/apr-europe.com\/en\/wp-json\/wp\/v2\/product_tag?post=13075"}],"curies":[{"name":"wp","href":"https:\/\/api.w.org\/{rel}","templated":true}]}}