{"id":1225,"date":"2019-05-02T19:16:25","date_gmt":"2019-05-02T17:16:25","guid":{"rendered":"http:\/\/apr-europe.s13.blizz.eu\/product\/24-65-19-pilot-sport-gt-s8m\/"},"modified":"2026-01-11T12:02:13","modified_gmt":"2026-01-11T11:02:13","slug":"24-65-19-pilot-sport-gt-s8m","status":"publish","type":"product","link":"https:\/\/apr-europe.com\/en\/tires\/24-65-19-pilot-sport-gt-s8m\/","title":{"rendered":"24\/65 &#8211; 19 Pilot Sport GT S8M"},"content":{"rendered":"<p>24\/65-19 PILOT SPORT GT S8M<\/p>\n","protected":false},"excerpt":{"rendered":"<p>&nbsp;<\/p>\n<table style=\"height: 549px\" width=\"1252\">\n<tbody>\n<tr>\n<td width=\"199\">Dimension<\/td>\n<td width=\"83\">24\/65-19<\/td>\n<\/tr>\n<tr>\n<td width=\"199\">Gamme \/ Range<\/td>\n<td width=\"83\">PILOT SPORT GT M<\/td>\n<\/tr>\n<tr>\n<td width=\"199\">CRAN \/ COMPOUND<\/td>\n<td width=\"83\">S8<\/td>\n<\/tr>\n<tr>\n<td width=\"199\">PROFIL<\/td>\n<td width=\"83\">Medium<\/td>\n<\/tr>\n<tr>\n<td width=\"199\">JANTE RECOMMANDEE (pouce)\/ RECOMMENDED RIM (inch)<\/td>\n<td width=\"83\">9<\/td>\n<\/tr>\n<tr>\n<td width=\"199\">LARGEUR BANDE DE ROULEMENT \/ TREAD WIDTH (mm)<\/td>\n<td width=\"83\">230<\/td>\n<\/tr>\n<tr>\n<td width=\"199\">SECTION DU PNEU \/ TYRE SECTION (mm)<\/td>\n<td width=\"83\">249<\/td>\n<\/tr>\n<tr>\n<td width=\"199\">DIAMETRE GONFLE (mm) \/ INFLATED DIAMETER (mm)<\/td>\n<td width=\"83\">647<\/td>\n<\/tr>\n<tr>\n<td width=\"199\">CIRCONFERENCE DE ROULEMENT \/ ROLLING CIRCUMFERENCE (mm)<\/td>\n<td width=\"83\">1986<\/td>\n<\/tr>\n<\/tbody>\n<\/table>\n<p><a href=\"https:\/\/apr-europe.com\/wp-content\/uploads\/2019\/05\/246519-S8M-S9M.jpg\"><img decoding=\"async\" class=\"alignnone size-full wp-image-48515 aligncenter\" src=\"https:\/\/apr-europe.com\/wp-content\/uploads\/2019\/05\/246519-S8M-S9M.jpg\" alt=\"\" width=\"1527\" height=\"554\" srcset=\"https:\/\/apr-europe.com\/wp-content\/uploads\/2019\/05\/246519-S8M-S9M.jpg 1527w, https:\/\/apr-europe.com\/wp-content\/uploads\/2019\/05\/246519-S8M-S9M-300x109.jpg 300w, https:\/\/apr-europe.com\/wp-content\/uploads\/2019\/05\/246519-S8M-S9M-1024x372.jpg 1024w, https:\/\/apr-europe.com\/wp-content\/uploads\/2019\/05\/246519-S8M-S9M-768x279.jpg 768w, https:\/\/apr-europe.com\/wp-content\/uploads\/2019\/05\/246519-S8M-S9M-600x218.jpg 600w\" sizes=\"(max-width: 1527px) 100vw, 1527px\" \/><\/a><\/p>\n","protected":false},"featured_media":40839,"template":"","meta":{"_acf_changed":false},"product_brand":[],"product_cat":[550],"product_tag":[],"class_list":{"0":"post-1225","1":"product","2":"type-product","3":"status-publish","4":"has-post-thumbnail","6":"product_cat-auto","8":"first","9":"outofstock","10":"taxable","11":"shipping-taxable","12":"purchasable","13":"product-type-simple"},"acf":[],"yoast_head":"<!-- This site is optimized with the Yoast SEO plugin v27.3 - https:\/\/yoast.com\/product\/yoast-seo-wordpress\/ -->\n<title>Pneu Michelin 24\/65 - 19 Pilot Sport GT S8M - APR | Le sp\u00e9cialiste des pneus de comp\u00e9tition circuit auto et moto<\/title>\n<meta name=\"description\" content=\"Le PILOT SPORT GT M est la toute derni\u00e8re \u00e9volution de notre gamme Circuit\" \/>\n<meta name=\"robots\" content=\"index, follow, max-snippet:-1, max-image-preview:large, max-video-preview:-1\" \/>\n<link rel=\"canonical\" href=\"https:\/\/apr-europe.com\/en\/tires\/24-65-19-pilot-sport-gt-s8m\/\" \/>\n<meta property=\"og:locale\" content=\"en_US\" \/>\n<meta property=\"og:type\" content=\"article\" \/>\n<meta property=\"og:title\" content=\"Pneu Michelin 24\/65 - 19 Pilot Sport GT S8M - APR | Le sp\u00e9cialiste des pneus de comp\u00e9tition circuit auto et moto\" \/>\n<meta property=\"og:description\" content=\"Le PILOT SPORT GT M est la toute derni\u00e8re \u00e9volution de notre gamme Circuit\" \/>\n<meta property=\"og:url\" content=\"https:\/\/apr-europe.com\/en\/tires\/24-65-19-pilot-sport-gt-s8m\/\" \/>\n<meta property=\"og:site_name\" content=\"APR\" \/>\n<meta property=\"article:modified_time\" content=\"2026-01-11T11:02:13+00:00\" \/>\n<meta property=\"og:image\" content=\"https:\/\/apr-europe.com\/wp-content\/uploads\/2020\/03\/050951-306518-S8M.png\" \/>\n\t<meta property=\"og:image:width\" content=\"2048\" \/>\n\t<meta property=\"og:image:height\" content=\"2048\" \/>\n\t<meta property=\"og:image:type\" content=\"image\/png\" \/>\n<meta name=\"twitter:card\" content=\"summary_large_image\" \/>\n<meta name=\"twitter:label1\" content=\"Est. reading time\" \/>\n\t<meta name=\"twitter:data1\" content=\"1 minute\" \/>\n<script type=\"application\/ld+json\" class=\"yoast-schema-graph\">{\"@context\":\"https:\\\/\\\/schema.org\",\"@graph\":[{\"@type\":\"WebPage\",\"@id\":\"https:\\\/\\\/apr-europe.com\\\/en\\\/tires\\\/24-65-19-pilot-sport-gt-s8m\\\/\",\"url\":\"https:\\\/\\\/apr-europe.com\\\/en\\\/tires\\\/24-65-19-pilot-sport-gt-s8m\\\/\",\"name\":\"Pneu Michelin 24\\\/65 - 19 Pilot Sport GT S8M - APR | Le sp\u00e9cialiste des pneus de comp\u00e9tition circuit auto et moto\",\"isPartOf\":{\"@id\":\"https:\\\/\\\/apr-europe.com\\\/en\\\/#website\"},\"primaryImageOfPage\":{\"@id\":\"https:\\\/\\\/apr-europe.com\\\/en\\\/tires\\\/24-65-19-pilot-sport-gt-s8m\\\/#primaryimage\"},\"image\":{\"@id\":\"https:\\\/\\\/apr-europe.com\\\/en\\\/tires\\\/24-65-19-pilot-sport-gt-s8m\\\/#primaryimage\"},\"thumbnailUrl\":\"https:\\\/\\\/apr-europe.com\\\/wp-content\\\/uploads\\\/2020\\\/03\\\/050951-306518-S8M.png\",\"datePublished\":\"2019-05-02T17:16:25+00:00\",\"dateModified\":\"2026-01-11T11:02:13+00:00\",\"description\":\"Le PILOT SPORT GT M est la toute derni\u00e8re \u00e9volution de notre gamme Circuit\",\"breadcrumb\":{\"@id\":\"https:\\\/\\\/apr-europe.com\\\/en\\\/tires\\\/24-65-19-pilot-sport-gt-s8m\\\/#breadcrumb\"},\"inLanguage\":\"en-US\",\"potentialAction\":[{\"@type\":\"ReadAction\",\"target\":[\"https:\\\/\\\/apr-europe.com\\\/en\\\/tires\\\/24-65-19-pilot-sport-gt-s8m\\\/\"]}]},{\"@type\":\"ImageObject\",\"inLanguage\":\"en-US\",\"@id\":\"https:\\\/\\\/apr-europe.com\\\/en\\\/tires\\\/24-65-19-pilot-sport-gt-s8m\\\/#primaryimage\",\"url\":\"https:\\\/\\\/apr-europe.com\\\/wp-content\\\/uploads\\\/2020\\\/03\\\/050951-306518-S8M.png\",\"contentUrl\":\"https:\\\/\\\/apr-europe.com\\\/wp-content\\\/uploads\\\/2020\\\/03\\\/050951-306518-S8M.png\",\"width\":2048,\"height\":2048},{\"@type\":\"BreadcrumbList\",\"@id\":\"https:\\\/\\\/apr-europe.com\\\/en\\\/tires\\\/24-65-19-pilot-sport-gt-s8m\\\/#breadcrumb\",\"itemListElement\":[{\"@type\":\"ListItem\",\"position\":1,\"name\":\"Home\",\"item\":\"https:\\\/\\\/apr-europe.com\\\/en\\\/\"},{\"@type\":\"ListItem\",\"position\":2,\"name\":\"Shop\",\"item\":\"https:\\\/\\\/apr-europe.com\\\/en\\\/shop\\\/\"},{\"@type\":\"ListItem\",\"position\":3,\"name\":\"24\\\/65 &#8211; 19 Pilot Sport GT S8M\"}]},{\"@type\":\"WebSite\",\"@id\":\"https:\\\/\\\/apr-europe.com\\\/en\\\/#website\",\"url\":\"https:\\\/\\\/apr-europe.com\\\/en\\\/\",\"name\":\"APR\",\"description\":\"Le sp\u00e9cialiste des pneus de comp\u00e9tition circuit auto et moto\",\"potentialAction\":[{\"@type\":\"SearchAction\",\"target\":{\"@type\":\"EntryPoint\",\"urlTemplate\":\"https:\\\/\\\/apr-europe.com\\\/en\\\/?s={search_term_string}\"},\"query-input\":{\"@type\":\"PropertyValueSpecification\",\"valueRequired\":true,\"valueName\":\"search_term_string\"}}],\"inLanguage\":\"en-US\"}]}<\/script>\n<!-- \/ Yoast SEO plugin. -->","yoast_head_json":{"title":"Pneu Michelin 24\/65 - 19 Pilot Sport GT S8M - APR | Le sp\u00e9cialiste des pneus de comp\u00e9tition circuit auto et moto","description":"Le PILOT SPORT GT M est la toute derni\u00e8re \u00e9volution de notre gamme Circuit","robots":{"index":"index","follow":"follow","max-snippet":"max-snippet:-1","max-image-preview":"max-image-preview:large","max-video-preview":"max-video-preview:-1"},"canonical":"https:\/\/apr-europe.com\/en\/tires\/24-65-19-pilot-sport-gt-s8m\/","og_locale":"en_US","og_type":"article","og_title":"Pneu Michelin 24\/65 - 19 Pilot Sport GT S8M - APR | Le sp\u00e9cialiste des pneus de comp\u00e9tition circuit auto et moto","og_description":"Le PILOT SPORT GT M est la toute derni\u00e8re \u00e9volution de notre gamme Circuit","og_url":"https:\/\/apr-europe.com\/en\/tires\/24-65-19-pilot-sport-gt-s8m\/","og_site_name":"APR","article_modified_time":"2026-01-11T11:02:13+00:00","og_image":[{"width":2048,"height":2048,"url":"https:\/\/apr-europe.com\/wp-content\/uploads\/2020\/03\/050951-306518-S8M.png","type":"image\/png"}],"twitter_card":"summary_large_image","twitter_misc":{"Est. reading time":"1 minute"},"schema":{"@context":"https:\/\/schema.org","@graph":[{"@type":"WebPage","@id":"https:\/\/apr-europe.com\/en\/tires\/24-65-19-pilot-sport-gt-s8m\/","url":"https:\/\/apr-europe.com\/en\/tires\/24-65-19-pilot-sport-gt-s8m\/","name":"Pneu Michelin 24\/65 - 19 Pilot Sport GT S8M - APR | Le sp\u00e9cialiste des pneus de comp\u00e9tition circuit auto et moto","isPartOf":{"@id":"https:\/\/apr-europe.com\/en\/#website"},"primaryImageOfPage":{"@id":"https:\/\/apr-europe.com\/en\/tires\/24-65-19-pilot-sport-gt-s8m\/#primaryimage"},"image":{"@id":"https:\/\/apr-europe.com\/en\/tires\/24-65-19-pilot-sport-gt-s8m\/#primaryimage"},"thumbnailUrl":"https:\/\/apr-europe.com\/wp-content\/uploads\/2020\/03\/050951-306518-S8M.png","datePublished":"2019-05-02T17:16:25+00:00","dateModified":"2026-01-11T11:02:13+00:00","description":"Le PILOT SPORT GT M est la toute derni\u00e8re \u00e9volution de notre gamme Circuit","breadcrumb":{"@id":"https:\/\/apr-europe.com\/en\/tires\/24-65-19-pilot-sport-gt-s8m\/#breadcrumb"},"inLanguage":"en-US","potentialAction":[{"@type":"ReadAction","target":["https:\/\/apr-europe.com\/en\/tires\/24-65-19-pilot-sport-gt-s8m\/"]}]},{"@type":"ImageObject","inLanguage":"en-US","@id":"https:\/\/apr-europe.com\/en\/tires\/24-65-19-pilot-sport-gt-s8m\/#primaryimage","url":"https:\/\/apr-europe.com\/wp-content\/uploads\/2020\/03\/050951-306518-S8M.png","contentUrl":"https:\/\/apr-europe.com\/wp-content\/uploads\/2020\/03\/050951-306518-S8M.png","width":2048,"height":2048},{"@type":"BreadcrumbList","@id":"https:\/\/apr-europe.com\/en\/tires\/24-65-19-pilot-sport-gt-s8m\/#breadcrumb","itemListElement":[{"@type":"ListItem","position":1,"name":"Home","item":"https:\/\/apr-europe.com\/en\/"},{"@type":"ListItem","position":2,"name":"Shop","item":"https:\/\/apr-europe.com\/en\/shop\/"},{"@type":"ListItem","position":3,"name":"24\/65 &#8211; 19 Pilot Sport GT S8M"}]},{"@type":"WebSite","@id":"https:\/\/apr-europe.com\/en\/#website","url":"https:\/\/apr-europe.com\/en\/","name":"APR","description":"Le sp\u00e9cialiste des pneus de comp\u00e9tition circuit auto et moto","potentialAction":[{"@type":"SearchAction","target":{"@type":"EntryPoint","urlTemplate":"https:\/\/apr-europe.com\/en\/?s={search_term_string}"},"query-input":{"@type":"PropertyValueSpecification","valueRequired":true,"valueName":"search_term_string"}}],"inLanguage":"en-US"}]}},"_links":{"self":[{"href":"https:\/\/apr-europe.com\/en\/wp-json\/wp\/v2\/product\/1225","targetHints":{"allow":["GET"]}}],"collection":[{"href":"https:\/\/apr-europe.com\/en\/wp-json\/wp\/v2\/product"}],"about":[{"href":"https:\/\/apr-europe.com\/en\/wp-json\/wp\/v2\/types\/product"}],"wp:featuredmedia":[{"embeddable":true,"href":"https:\/\/apr-europe.com\/en\/wp-json\/wp\/v2\/media\/40839"}],"wp:attachment":[{"href":"https:\/\/apr-europe.com\/en\/wp-json\/wp\/v2\/media?parent=1225"}],"wp:term":[{"taxonomy":"product_brand","embeddable":true,"href":"https:\/\/apr-europe.com\/en\/wp-json\/wp\/v2\/product_brand?post=1225"},{"taxonomy":"product_cat","embeddable":true,"href":"https:\/\/apr-europe.com\/en\/wp-json\/wp\/v2\/product_cat?post=1225"},{"taxonomy":"product_tag","embeddable":true,"href":"https:\/\/apr-europe.com\/en\/wp-json\/wp\/v2\/product_tag?post=1225"}],"curies":[{"name":"wp","href":"https:\/\/api.w.org\/{rel}","templated":true}]}}