{"id":1128,"date":"2019-05-02T19:14:35","date_gmt":"2019-05-02T17:14:35","guid":{"rendered":"http:\/\/apr-europe.s13.blizz.eu\/product\/160-60-17-power-supermoto-rain-r-tl\/"},"modified":"2026-04-09T18:01:17","modified_gmt":"2026-04-09T16:01:17","slug":"160-60-17-power-supermoto-rain-r-tl","status":"publish","type":"product","link":"https:\/\/apr-europe.com\/en\/tires\/160-60-17-power-supermoto-rain-r-tl\/","title":{"rendered":"160\/60 R 17  POWER SUPERMOTO RAIN NHS R TL"},"content":{"rendered":"<p>160\/60 R 17  POWER SUPERMOTO RAIN NHS R TL<\/p>\n","protected":false},"excerpt":{"rendered":"<div id=\"product-technical-infos\" class=\"full-width-container container--white box--shadow\">\n<div class=\"product__technical-infos-container\">\n<h2 class=\"product-title\">Caract\u00e9ristiques techniques<\/h2>\n<table class=\"technical-infos-table\" style=\"height: 139px;\" width=\"719\">\n<tbody>\n<tr>\n<th class=\"technical-infos-table__th\">Marque<\/th>\n<td class=\"technical-infos-table__td\"><a href=\"https:\/\/www.allopneus.com\/marque\/pneu-moto\/michelin\">MICHELIN<\/a><\/td>\n<\/tr>\n<tr>\n<th class=\"technical-infos-table__th\">Mod\u00e8le<\/th>\n<td class=\"technical-infos-table__td\">POWER SUPERMOTO RAIN<\/td>\n<\/tr>\n<tr>\n<th class=\"technical-infos-table__th\" scope=\"row\">Gamme<\/th>\n<td class=\"technical-infos-table__td capitalize\">Circuit &amp; Piste<\/td>\n<\/tr>\n<tr>\n<th class=\"technical-infos-table__th\" scope=\"row\">Usage<\/th>\n<td class=\"technical-infos-table__td capitalize\">Supermotard<\/td>\n<\/tr>\n<tr>\n<th class=\"technical-infos-table__th\" scope=\"row\">Position<\/th>\n<td class=\"technical-infos-table__td capitalize\">arriere<\/td>\n<\/tr>\n<\/tbody>\n<\/table>\n<\/div>\n<\/div>\n<div id=\"product__detailed-description\" class=\"full-width-container container--white box--shadow product__detailed-description js-height-wrapper\">\n<div class=\"js-height-content\">\n<div id=\"description\">\n<h2>DESCRIPTION DU PNEU POWER SUPERMOTO rain<\/h2>\n<h3>UTILISATION ET PERFORMANCE<\/h3>\n<p>La version rain garde les m\u00eames performances que son cousin le Power Supermoto\u00a0tout en ajoutant un dessin unique totalement adapt\u00e9 au sol glissant. Continuez \u00e0 rouler sans perdre une seconde ni vous souciez de la pluie!<\/p>\n<h3>LES PLUS DU MOD\u00c8LE<\/h3>\n<ul>\n<li>excellente long\u00e9vit\u00e9<\/li>\n<li>Hautes performances sur pistes mouill\u00e9es<\/li>\n<\/ul>\n<h3>PR\u00c9CONISATION<\/h3>\n<ul>\n<li>Pression minimum \u00e0 froid sur circuit en condition humide : AV = 2,0\u00a0BAR (29\u00a0PSI) \/ AR = 1,8\u00a0BAR\u00a0(26\u00a0PSI)<\/li>\n<li>Pression minimum \u00e0 froid sur circuit en condition mouill\u00e9e : AV = 2,2\u00a0BAR\u00a0(32\u00a0PSI) \/ AR = 2,2\u00a0BAR\u00a0(32\u00a0PSI)<\/li>\n<li>Pression minimum \u00e0 froid sur circuit en condition d\u00e9tremp\u00e9e : AV = 2,4\u00a0BAR\u00a0(34,8\u00a0PSI) \/ AR = 2,4\u00a0BAR\u00a0(34,8 PSI)<\/li>\n<\/ul>\n<p>&nbsp;<\/p>\n<h2>LA MARQUE MICHELIN<\/h2>\n<p>Avec plus de 480 victoires et 33 titres pilotes en MotoGP, 15 titres de champion du monde d\u2019endurance, 13 victoires aux 24 Heures du Mans (Moto) et 13 victoires au Bol d\u2019Or, 36 victoires au Dakar (moto), plus de 40 titres de champion du monde d\u2019enduro, 7 titres de motocross et plus de 40 titres en Trial Indoor et Outdoor, MICHELIN est le seul manufacturier qui compte autant de titres mondiaux dans les championnats majeurs r\u00e9gis par la F\u00e9d\u00e9ration Internationale de Motocyclisme (FIM). Inscrite dans les g\u00e8nes de l\u2019entreprise, la comp\u00e9tition est pour Michelin un laboratoire en mati\u00e8re de technologie d\u2019innovation et de performance.<\/p>\n<\/div>\n<\/div>\n<\/div>\n","protected":false},"featured_media":48477,"template":"","meta":{"_acf_changed":false},"product_brand":[],"product_cat":[17],"product_tag":[],"class_list":{"0":"post-1128","1":"product","2":"type-product","3":"status-publish","4":"has-post-thumbnail","6":"product_cat-moto","7":"product_shipping_class-gratuit","9":"first","10":"instock","11":"taxable","12":"shipping-taxable","13":"purchasable","14":"product-type-simple"},"acf":[],"yoast_head":"<!-- This site is optimized with the Yoast SEO plugin v27.3 - https:\/\/yoast.com\/product\/yoast-seo-wordpress\/ -->\n<title>Pneu Michelin 160\/60 R 17 POWER SUPERMOTO RAIN NHS R TL - APR | Le sp\u00e9cialiste des pneus de comp\u00e9tition circuit auto et moto<\/title>\n<meta name=\"robots\" content=\"index, follow, max-snippet:-1, max-image-preview:large, max-video-preview:-1\" \/>\n<link rel=\"canonical\" href=\"https:\/\/apr-europe.com\/en\/tires\/160-60-17-power-supermoto-rain-r-tl\/\" \/>\n<meta property=\"og:locale\" content=\"en_US\" \/>\n<meta property=\"og:type\" content=\"article\" \/>\n<meta property=\"og:title\" content=\"Pneu Michelin 160\/60 R 17 POWER SUPERMOTO RAIN NHS R TL - APR | Le sp\u00e9cialiste des pneus de comp\u00e9tition circuit auto et moto\" \/>\n<meta property=\"og:description\" content=\"Caract\u00e9ristiques techniques    Marque MICHELIN   Mod\u00e8le POWER SUPERMOTO RAIN   Gamme Circuit &amp; Piste   Usage Supermotard   Position arriere         DESCRIPTION DU PNEU POWER SUPERMOTO rain UTILISATION ET PERFORMANCE La version rain garde les m\u00eames performances que son cousin le Power Supermoto\u00a0tout en ajoutant un dessin unique totalement adapt\u00e9 au sol glissant. Continuez \u00e0 rouler sans perdre une seconde ni vous souciez de la pluie! LES PLUS DU MOD\u00c8LE   excellente long\u00e9vit\u00e9  Hautes performances sur pistes mouill\u00e9es  PR\u00c9CONISATION   Pression minimum \u00e0 froid sur circuit en condition humide : AV = 2,0\u00a0BAR (29\u00a0PSI) \/ AR = 1,8\u00a0BAR\u00a0(26\u00a0PSI)  Pression minimum \u00e0 froid sur circuit en condition mouill\u00e9e : AV = 2,2\u00a0BAR\u00a0(32\u00a0PSI) \/ AR = 2,2\u00a0BAR\u00a0(32\u00a0PSI)  Pression minimum \u00e0 froid sur circuit en condition d\u00e9tremp\u00e9e : AV = 2,4\u00a0BAR\u00a0(34,8\u00a0PSI) \/ AR = 2,4\u00a0BAR\u00a0(34,8 PSI)  &nbsp; LA MARQUE MICHELIN Avec plus de 480 victoires et 33 titres pilotes en MotoGP, 15 titres de champion du monde d\u2019endurance, 13 victoires aux 24 Heures du Mans (Moto) et 13 victoires au Bol d\u2019Or, 36 victoires au Dakar (moto), plus de 40 titres de champion du monde d\u2019enduro, 7 titres de motocross et plus de 40 titres en Trial Indoor et Outdoor, MICHELIN est le seul manufacturier qui compte autant de titres mondiaux dans les championnats majeurs r\u00e9gis par la F\u00e9d\u00e9ration Internationale de Motocyclisme (FIM). Inscrite dans les g\u00e8nes de l\u2019entreprise, la comp\u00e9tition est pour Michelin un laboratoire en mati\u00e8re de technologie d\u2019innovation et de performance.\" \/>\n<meta property=\"og:url\" content=\"https:\/\/apr-europe.com\/en\/tires\/160-60-17-power-supermoto-rain-r-tl\/\" \/>\n<meta property=\"og:site_name\" content=\"APR\" \/>\n<meta property=\"article:modified_time\" content=\"2026-04-09T16:01:17+00:00\" \/>\n<meta property=\"og:image\" content=\"https:\/\/apr-europe.com\/wp-content\/uploads\/2019\/05\/mo-116_3528707843999_tire_michelin_power-supermoto-rain_160-slash-60-r17_c_main_1-30.png\" \/>\n\t<meta property=\"og:image:width\" content=\"1200\" \/>\n\t<meta property=\"og:image:height\" content=\"1200\" \/>\n\t<meta property=\"og:image:type\" content=\"image\/png\" \/>\n<meta name=\"twitter:card\" content=\"summary_large_image\" \/>\n<meta name=\"twitter:label1\" content=\"Est. reading time\" \/>\n\t<meta name=\"twitter:data1\" content=\"1 minute\" \/>\n<script type=\"application\/ld+json\" class=\"yoast-schema-graph\">{\"@context\":\"https:\\\/\\\/schema.org\",\"@graph\":[{\"@type\":\"WebPage\",\"@id\":\"https:\\\/\\\/apr-europe.com\\\/en\\\/tires\\\/160-60-17-power-supermoto-rain-r-tl\\\/\",\"url\":\"https:\\\/\\\/apr-europe.com\\\/en\\\/tires\\\/160-60-17-power-supermoto-rain-r-tl\\\/\",\"name\":\"Pneu Michelin 160\\\/60 R 17 POWER SUPERMOTO RAIN NHS R TL - APR | Le sp\u00e9cialiste des pneus de comp\u00e9tition circuit auto et moto\",\"isPartOf\":{\"@id\":\"https:\\\/\\\/apr-europe.com\\\/en\\\/#website\"},\"primaryImageOfPage\":{\"@id\":\"https:\\\/\\\/apr-europe.com\\\/en\\\/tires\\\/160-60-17-power-supermoto-rain-r-tl\\\/#primaryimage\"},\"image\":{\"@id\":\"https:\\\/\\\/apr-europe.com\\\/en\\\/tires\\\/160-60-17-power-supermoto-rain-r-tl\\\/#primaryimage\"},\"thumbnailUrl\":\"https:\\\/\\\/apr-europe.com\\\/wp-content\\\/uploads\\\/2019\\\/05\\\/mo-116_3528707843999_tire_michelin_power-supermoto-rain_160-slash-60-r17_c_main_1-30.png\",\"datePublished\":\"2019-05-02T17:14:35+00:00\",\"dateModified\":\"2026-04-09T16:01:17+00:00\",\"breadcrumb\":{\"@id\":\"https:\\\/\\\/apr-europe.com\\\/en\\\/tires\\\/160-60-17-power-supermoto-rain-r-tl\\\/#breadcrumb\"},\"inLanguage\":\"en-US\",\"potentialAction\":[{\"@type\":\"ReadAction\",\"target\":[\"https:\\\/\\\/apr-europe.com\\\/en\\\/tires\\\/160-60-17-power-supermoto-rain-r-tl\\\/\"]}]},{\"@type\":\"ImageObject\",\"inLanguage\":\"en-US\",\"@id\":\"https:\\\/\\\/apr-europe.com\\\/en\\\/tires\\\/160-60-17-power-supermoto-rain-r-tl\\\/#primaryimage\",\"url\":\"https:\\\/\\\/apr-europe.com\\\/wp-content\\\/uploads\\\/2019\\\/05\\\/mo-116_3528707843999_tire_michelin_power-supermoto-rain_160-slash-60-r17_c_main_1-30.png\",\"contentUrl\":\"https:\\\/\\\/apr-europe.com\\\/wp-content\\\/uploads\\\/2019\\\/05\\\/mo-116_3528707843999_tire_michelin_power-supermoto-rain_160-slash-60-r17_c_main_1-30.png\",\"width\":1200,\"height\":1200},{\"@type\":\"BreadcrumbList\",\"@id\":\"https:\\\/\\\/apr-europe.com\\\/en\\\/tires\\\/160-60-17-power-supermoto-rain-r-tl\\\/#breadcrumb\",\"itemListElement\":[{\"@type\":\"ListItem\",\"position\":1,\"name\":\"Home\",\"item\":\"https:\\\/\\\/apr-europe.com\\\/en\\\/\"},{\"@type\":\"ListItem\",\"position\":2,\"name\":\"Shop\",\"item\":\"https:\\\/\\\/apr-europe.com\\\/en\\\/shop\\\/\"},{\"@type\":\"ListItem\",\"position\":3,\"name\":\"160\\\/60 R 17 POWER SUPERMOTO RAIN NHS R TL\"}]},{\"@type\":\"WebSite\",\"@id\":\"https:\\\/\\\/apr-europe.com\\\/en\\\/#website\",\"url\":\"https:\\\/\\\/apr-europe.com\\\/en\\\/\",\"name\":\"APR\",\"description\":\"Le sp\u00e9cialiste des pneus de comp\u00e9tition circuit auto et moto\",\"potentialAction\":[{\"@type\":\"SearchAction\",\"target\":{\"@type\":\"EntryPoint\",\"urlTemplate\":\"https:\\\/\\\/apr-europe.com\\\/en\\\/?s={search_term_string}\"},\"query-input\":{\"@type\":\"PropertyValueSpecification\",\"valueRequired\":true,\"valueName\":\"search_term_string\"}}],\"inLanguage\":\"en-US\"}]}<\/script>\n<!-- \/ Yoast SEO plugin. -->","yoast_head_json":{"title":"Pneu Michelin 160\/60 R 17 POWER SUPERMOTO RAIN NHS R TL - APR | Le sp\u00e9cialiste des pneus de comp\u00e9tition circuit auto et moto","robots":{"index":"index","follow":"follow","max-snippet":"max-snippet:-1","max-image-preview":"max-image-preview:large","max-video-preview":"max-video-preview:-1"},"canonical":"https:\/\/apr-europe.com\/en\/tires\/160-60-17-power-supermoto-rain-r-tl\/","og_locale":"en_US","og_type":"article","og_title":"Pneu Michelin 160\/60 R 17 POWER SUPERMOTO RAIN NHS R TL - APR | Le sp\u00e9cialiste des pneus de comp\u00e9tition circuit auto et moto","og_description":"Caract\u00e9ristiques techniques    Marque MICHELIN   Mod\u00e8le POWER SUPERMOTO RAIN   Gamme Circuit &amp; Piste   Usage Supermotard   Position arriere         DESCRIPTION DU PNEU POWER SUPERMOTO rain UTILISATION ET PERFORMANCE La version rain garde les m\u00eames performances que son cousin le Power Supermoto\u00a0tout en ajoutant un dessin unique totalement adapt\u00e9 au sol glissant. Continuez \u00e0 rouler sans perdre une seconde ni vous souciez de la pluie! LES PLUS DU MOD\u00c8LE   excellente long\u00e9vit\u00e9  Hautes performances sur pistes mouill\u00e9es  PR\u00c9CONISATION   Pression minimum \u00e0 froid sur circuit en condition humide : AV = 2,0\u00a0BAR (29\u00a0PSI) \/ AR = 1,8\u00a0BAR\u00a0(26\u00a0PSI)  Pression minimum \u00e0 froid sur circuit en condition mouill\u00e9e : AV = 2,2\u00a0BAR\u00a0(32\u00a0PSI) \/ AR = 2,2\u00a0BAR\u00a0(32\u00a0PSI)  Pression minimum \u00e0 froid sur circuit en condition d\u00e9tremp\u00e9e : AV = 2,4\u00a0BAR\u00a0(34,8\u00a0PSI) \/ AR = 2,4\u00a0BAR\u00a0(34,8 PSI)  &nbsp; LA MARQUE MICHELIN Avec plus de 480 victoires et 33 titres pilotes en MotoGP, 15 titres de champion du monde d\u2019endurance, 13 victoires aux 24 Heures du Mans (Moto) et 13 victoires au Bol d\u2019Or, 36 victoires au Dakar (moto), plus de 40 titres de champion du monde d\u2019enduro, 7 titres de motocross et plus de 40 titres en Trial Indoor et Outdoor, MICHELIN est le seul manufacturier qui compte autant de titres mondiaux dans les championnats majeurs r\u00e9gis par la F\u00e9d\u00e9ration Internationale de Motocyclisme (FIM). Inscrite dans les g\u00e8nes de l\u2019entreprise, la comp\u00e9tition est pour Michelin un laboratoire en mati\u00e8re de technologie d\u2019innovation et de performance.","og_url":"https:\/\/apr-europe.com\/en\/tires\/160-60-17-power-supermoto-rain-r-tl\/","og_site_name":"APR","article_modified_time":"2026-04-09T16:01:17+00:00","og_image":[{"width":1200,"height":1200,"url":"https:\/\/apr-europe.com\/wp-content\/uploads\/2019\/05\/mo-116_3528707843999_tire_michelin_power-supermoto-rain_160-slash-60-r17_c_main_1-30.png","type":"image\/png"}],"twitter_card":"summary_large_image","twitter_misc":{"Est. reading time":"1 minute"},"schema":{"@context":"https:\/\/schema.org","@graph":[{"@type":"WebPage","@id":"https:\/\/apr-europe.com\/en\/tires\/160-60-17-power-supermoto-rain-r-tl\/","url":"https:\/\/apr-europe.com\/en\/tires\/160-60-17-power-supermoto-rain-r-tl\/","name":"Pneu Michelin 160\/60 R 17 POWER SUPERMOTO RAIN NHS R TL - APR | Le sp\u00e9cialiste des pneus de comp\u00e9tition circuit auto et moto","isPartOf":{"@id":"https:\/\/apr-europe.com\/en\/#website"},"primaryImageOfPage":{"@id":"https:\/\/apr-europe.com\/en\/tires\/160-60-17-power-supermoto-rain-r-tl\/#primaryimage"},"image":{"@id":"https:\/\/apr-europe.com\/en\/tires\/160-60-17-power-supermoto-rain-r-tl\/#primaryimage"},"thumbnailUrl":"https:\/\/apr-europe.com\/wp-content\/uploads\/2019\/05\/mo-116_3528707843999_tire_michelin_power-supermoto-rain_160-slash-60-r17_c_main_1-30.png","datePublished":"2019-05-02T17:14:35+00:00","dateModified":"2026-04-09T16:01:17+00:00","breadcrumb":{"@id":"https:\/\/apr-europe.com\/en\/tires\/160-60-17-power-supermoto-rain-r-tl\/#breadcrumb"},"inLanguage":"en-US","potentialAction":[{"@type":"ReadAction","target":["https:\/\/apr-europe.com\/en\/tires\/160-60-17-power-supermoto-rain-r-tl\/"]}]},{"@type":"ImageObject","inLanguage":"en-US","@id":"https:\/\/apr-europe.com\/en\/tires\/160-60-17-power-supermoto-rain-r-tl\/#primaryimage","url":"https:\/\/apr-europe.com\/wp-content\/uploads\/2019\/05\/mo-116_3528707843999_tire_michelin_power-supermoto-rain_160-slash-60-r17_c_main_1-30.png","contentUrl":"https:\/\/apr-europe.com\/wp-content\/uploads\/2019\/05\/mo-116_3528707843999_tire_michelin_power-supermoto-rain_160-slash-60-r17_c_main_1-30.png","width":1200,"height":1200},{"@type":"BreadcrumbList","@id":"https:\/\/apr-europe.com\/en\/tires\/160-60-17-power-supermoto-rain-r-tl\/#breadcrumb","itemListElement":[{"@type":"ListItem","position":1,"name":"Home","item":"https:\/\/apr-europe.com\/en\/"},{"@type":"ListItem","position":2,"name":"Shop","item":"https:\/\/apr-europe.com\/en\/shop\/"},{"@type":"ListItem","position":3,"name":"160\/60 R 17 POWER SUPERMOTO RAIN NHS R TL"}]},{"@type":"WebSite","@id":"https:\/\/apr-europe.com\/en\/#website","url":"https:\/\/apr-europe.com\/en\/","name":"APR","description":"Le sp\u00e9cialiste des pneus de comp\u00e9tition circuit auto et moto","potentialAction":[{"@type":"SearchAction","target":{"@type":"EntryPoint","urlTemplate":"https:\/\/apr-europe.com\/en\/?s={search_term_string}"},"query-input":{"@type":"PropertyValueSpecification","valueRequired":true,"valueName":"search_term_string"}}],"inLanguage":"en-US"}]}},"_links":{"self":[{"href":"https:\/\/apr-europe.com\/en\/wp-json\/wp\/v2\/product\/1128","targetHints":{"allow":["GET"]}}],"collection":[{"href":"https:\/\/apr-europe.com\/en\/wp-json\/wp\/v2\/product"}],"about":[{"href":"https:\/\/apr-europe.com\/en\/wp-json\/wp\/v2\/types\/product"}],"wp:featuredmedia":[{"embeddable":true,"href":"https:\/\/apr-europe.com\/en\/wp-json\/wp\/v2\/media\/48477"}],"wp:attachment":[{"href":"https:\/\/apr-europe.com\/en\/wp-json\/wp\/v2\/media?parent=1128"}],"wp:term":[{"taxonomy":"product_brand","embeddable":true,"href":"https:\/\/apr-europe.com\/en\/wp-json\/wp\/v2\/product_brand?post=1128"},{"taxonomy":"product_cat","embeddable":true,"href":"https:\/\/apr-europe.com\/en\/wp-json\/wp\/v2\/product_cat?post=1128"},{"taxonomy":"product_tag","embeddable":true,"href":"https:\/\/apr-europe.com\/en\/wp-json\/wp\/v2\/product_tag?post=1128"}],"curies":[{"name":"wp","href":"https:\/\/api.w.org\/{rel}","templated":true}]}}