{"id":2579,"date":"2019-10-10T10:33:00","date_gmt":"2019-10-10T08:33:00","guid":{"rendered":"https:\/\/apr-europe.com\/?page_id=2579"},"modified":"2019-10-10T10:33:50","modified_gmt":"2019-10-10T08:33:50","slug":"porsche-cup-n2-slick","status":"publish","type":"page","link":"https:\/\/apr-europe.com\/en\/porsche-cup-n2-slick\/","title":{"rendered":"PORSCHE CUP N2 &#8220;SLICK&#8221;"},"content":{"rendered":"<p style=\"text-align: center;\"><strong>PORSCHE CUP N2 SLICK<\/strong><\/p>\n<p><a href=\"https:\/\/apr-europe.com\/wp-content\/uploads\/2019\/04\/PorscheCup-N2.png\"><img decoding=\"async\" class=\"size-full wp-image-538 aligncenter\" src=\"https:\/\/apr-europe.com\/wp-content\/uploads\/2019\/04\/PorscheCup-N2.png\" alt=\"\" width=\"162\" height=\"240\" \/><\/a><\/p>\n<p>D\u00e9velopp\u00e9s en \u00e9troite collaboration avec Porsche pour \u00eatre utilis\u00e9s dans le cadre de la Super Cup, des Carrera Cup et des GT3 Cup Challenge. Ces pneumatiques MICHELIN Porsche Cup ont \u00e9t\u00e9 con\u00e7us sur mesure pour r\u00e9pondre aux exigences du constructeur allemand. Les d\u00e9veloppeurs MICHELIN ont travaill\u00e9 sur deux \u00e9l\u00e9ments fondamentaux du pneumatique : une carcasse sp\u00e9cifique ainsi qu\u2019une bande de roulement apportant une meilleure long\u00e9vit\u00e9 et assurant une performance constante du d\u00e9but \u00e0 la fin de la course.<\/p>\n<p>Le PORSCHE CUP N2 est un produit d\u00e9velopp\u00e9 afin de r\u00e9pondre \u00e0 l\u2019exigence de la c\u00e9l\u00e8bre marque allemande. Son architecture et son m\u00e9lange sp\u00e9cifiquement adapt\u00e9s aux contraintes de ce type de v\u00e9hicule garantit :<br \/>\n\u2022 une bonne r\u00e9sistance \u00e0 la contrainte<br \/>\n\u2022 une long\u00e9vit\u00e9 augment\u00e9e<br \/>\n\u2022 une constance de la performance<\/p>\n","protected":false},"excerpt":{"rendered":"<p>PORSCHE CUP N2 SLICK D\u00e9velopp\u00e9s en \u00e9troite collaboration avec Porsche pour \u00eatre utilis\u00e9s dans le cadre de la Super Cup, des Carrera Cup et des GT3 Cup Challenge. Ces pneumatiques MICHELIN Porsche Cup ont \u00e9t\u00e9 con\u00e7us sur mesure pour r\u00e9pondre aux exigences du constructeur allemand. Les d\u00e9veloppeurs MICHELIN ont travaill\u00e9 sur deux \u00e9l\u00e9ments fondamentaux du [&hellip;]<\/p>\n","protected":false},"author":745,"featured_media":538,"parent":0,"menu_order":0,"comment_status":"closed","ping_status":"closed","template":"","meta":{"_acf_changed":false,"footnotes":""},"class_list":["post-2579","page","type-page","status-publish","has-post-thumbnail","hentry"],"acf":[],"yoast_head":"<!-- This site is optimized with the Yoast SEO plugin v27.3 - https:\/\/yoast.com\/product\/yoast-seo-wordpress\/ -->\n<title>PORSCHE CUP N2 &quot;SLICK&quot; - APR<\/title>\n<meta name=\"robots\" content=\"index, follow, max-snippet:-1, max-image-preview:large, max-video-preview:-1\" \/>\n<link rel=\"canonical\" href=\"https:\/\/apr-europe.com\/en\/porsche-cup-n2-slick\/\" \/>\n<meta property=\"og:locale\" content=\"en_US\" \/>\n<meta property=\"og:type\" content=\"article\" \/>\n<meta property=\"og:title\" content=\"PORSCHE CUP N2 &quot;SLICK&quot; - APR\" \/>\n<meta property=\"og:description\" content=\"PORSCHE CUP N2 SLICK D\u00e9velopp\u00e9s en \u00e9troite collaboration avec Porsche pour \u00eatre utilis\u00e9s dans le cadre de la Super Cup, des Carrera Cup et des GT3 Cup Challenge. Ces pneumatiques MICHELIN Porsche Cup ont \u00e9t\u00e9 con\u00e7us sur mesure pour r\u00e9pondre aux exigences du constructeur allemand. Les d\u00e9veloppeurs MICHELIN ont travaill\u00e9 sur deux \u00e9l\u00e9ments fondamentaux du [&hellip;]\" \/>\n<meta property=\"og:url\" content=\"https:\/\/apr-europe.com\/en\/porsche-cup-n2-slick\/\" \/>\n<meta property=\"og:site_name\" content=\"APR\" \/>\n<meta property=\"article:modified_time\" content=\"2019-10-10T08:33:50+00:00\" \/>\n<meta property=\"og:image\" content=\"https:\/\/apr-europe.com\/wp-content\/uploads\/2019\/04\/PorscheCup-N2.png\" \/>\n\t<meta property=\"og:image:width\" content=\"162\" \/>\n\t<meta property=\"og:image:height\" content=\"240\" \/>\n\t<meta property=\"og:image:type\" content=\"image\/png\" \/>\n<meta name=\"twitter:card\" content=\"summary_large_image\" \/>\n<meta name=\"twitter:label1\" content=\"Est. reading time\" \/>\n\t<meta name=\"twitter:data1\" content=\"1 minute\" \/>\n<script type=\"application\/ld+json\" class=\"yoast-schema-graph\">{\"@context\":\"https:\\\/\\\/schema.org\",\"@graph\":[{\"@type\":\"WebPage\",\"@id\":\"https:\\\/\\\/apr-europe.com\\\/en\\\/porsche-cup-n2-slick\\\/\",\"url\":\"https:\\\/\\\/apr-europe.com\\\/en\\\/porsche-cup-n2-slick\\\/\",\"name\":\"PORSCHE CUP N2 \\\"SLICK\\\" - APR\",\"isPartOf\":{\"@id\":\"https:\\\/\\\/apr-europe.com\\\/en\\\/#website\"},\"primaryImageOfPage\":{\"@id\":\"https:\\\/\\\/apr-europe.com\\\/en\\\/porsche-cup-n2-slick\\\/#primaryimage\"},\"image\":{\"@id\":\"https:\\\/\\\/apr-europe.com\\\/en\\\/porsche-cup-n2-slick\\\/#primaryimage\"},\"thumbnailUrl\":\"https:\\\/\\\/apr-europe.com\\\/wp-content\\\/uploads\\\/2019\\\/04\\\/PorscheCup-N2.png\",\"datePublished\":\"2019-10-10T08:33:00+00:00\",\"dateModified\":\"2019-10-10T08:33:50+00:00\",\"breadcrumb\":{\"@id\":\"https:\\\/\\\/apr-europe.com\\\/en\\\/porsche-cup-n2-slick\\\/#breadcrumb\"},\"inLanguage\":\"en-US\",\"potentialAction\":[{\"@type\":\"ReadAction\",\"target\":[\"https:\\\/\\\/apr-europe.com\\\/en\\\/porsche-cup-n2-slick\\\/\"]}]},{\"@type\":\"ImageObject\",\"inLanguage\":\"en-US\",\"@id\":\"https:\\\/\\\/apr-europe.com\\\/en\\\/porsche-cup-n2-slick\\\/#primaryimage\",\"url\":\"https:\\\/\\\/apr-europe.com\\\/wp-content\\\/uploads\\\/2019\\\/04\\\/PorscheCup-N2.png\",\"contentUrl\":\"https:\\\/\\\/apr-europe.com\\\/wp-content\\\/uploads\\\/2019\\\/04\\\/PorscheCup-N2.png\",\"width\":162,\"height\":240},{\"@type\":\"BreadcrumbList\",\"@id\":\"https:\\\/\\\/apr-europe.com\\\/en\\\/porsche-cup-n2-slick\\\/#breadcrumb\",\"itemListElement\":[{\"@type\":\"ListItem\",\"position\":1,\"name\":\"Home\",\"item\":\"https:\\\/\\\/apr-europe.com\\\/en\\\/\"},{\"@type\":\"ListItem\",\"position\":2,\"name\":\"PORSCHE CUP N2 &#8220;SLICK&#8221;\"}]},{\"@type\":\"WebSite\",\"@id\":\"https:\\\/\\\/apr-europe.com\\\/en\\\/#website\",\"url\":\"https:\\\/\\\/apr-europe.com\\\/en\\\/\",\"name\":\"APR\",\"description\":\"Le sp\u00e9cialiste des pneus de comp\u00e9tition circuit auto et moto\",\"potentialAction\":[{\"@type\":\"SearchAction\",\"target\":{\"@type\":\"EntryPoint\",\"urlTemplate\":\"https:\\\/\\\/apr-europe.com\\\/en\\\/?s={search_term_string}\"},\"query-input\":{\"@type\":\"PropertyValueSpecification\",\"valueRequired\":true,\"valueName\":\"search_term_string\"}}],\"inLanguage\":\"en-US\"}]}<\/script>\n<!-- \/ Yoast SEO plugin. -->","yoast_head_json":{"title":"PORSCHE CUP N2 \"SLICK\" - APR","robots":{"index":"index","follow":"follow","max-snippet":"max-snippet:-1","max-image-preview":"max-image-preview:large","max-video-preview":"max-video-preview:-1"},"canonical":"https:\/\/apr-europe.com\/en\/porsche-cup-n2-slick\/","og_locale":"en_US","og_type":"article","og_title":"PORSCHE CUP N2 \"SLICK\" - APR","og_description":"PORSCHE CUP N2 SLICK D\u00e9velopp\u00e9s en \u00e9troite collaboration avec Porsche pour \u00eatre utilis\u00e9s dans le cadre de la Super Cup, des Carrera Cup et des GT3 Cup Challenge. Ces pneumatiques MICHELIN Porsche Cup ont \u00e9t\u00e9 con\u00e7us sur mesure pour r\u00e9pondre aux exigences du constructeur allemand. Les d\u00e9veloppeurs MICHELIN ont travaill\u00e9 sur deux \u00e9l\u00e9ments fondamentaux du [&hellip;]","og_url":"https:\/\/apr-europe.com\/en\/porsche-cup-n2-slick\/","og_site_name":"APR","article_modified_time":"2019-10-10T08:33:50+00:00","og_image":[{"width":162,"height":240,"url":"https:\/\/apr-europe.com\/wp-content\/uploads\/2019\/04\/PorscheCup-N2.png","type":"image\/png"}],"twitter_card":"summary_large_image","twitter_misc":{"Est. reading time":"1 minute"},"schema":{"@context":"https:\/\/schema.org","@graph":[{"@type":"WebPage","@id":"https:\/\/apr-europe.com\/en\/porsche-cup-n2-slick\/","url":"https:\/\/apr-europe.com\/en\/porsche-cup-n2-slick\/","name":"PORSCHE CUP N2 \"SLICK\" - APR","isPartOf":{"@id":"https:\/\/apr-europe.com\/en\/#website"},"primaryImageOfPage":{"@id":"https:\/\/apr-europe.com\/en\/porsche-cup-n2-slick\/#primaryimage"},"image":{"@id":"https:\/\/apr-europe.com\/en\/porsche-cup-n2-slick\/#primaryimage"},"thumbnailUrl":"https:\/\/apr-europe.com\/wp-content\/uploads\/2019\/04\/PorscheCup-N2.png","datePublished":"2019-10-10T08:33:00+00:00","dateModified":"2019-10-10T08:33:50+00:00","breadcrumb":{"@id":"https:\/\/apr-europe.com\/en\/porsche-cup-n2-slick\/#breadcrumb"},"inLanguage":"en-US","potentialAction":[{"@type":"ReadAction","target":["https:\/\/apr-europe.com\/en\/porsche-cup-n2-slick\/"]}]},{"@type":"ImageObject","inLanguage":"en-US","@id":"https:\/\/apr-europe.com\/en\/porsche-cup-n2-slick\/#primaryimage","url":"https:\/\/apr-europe.com\/wp-content\/uploads\/2019\/04\/PorscheCup-N2.png","contentUrl":"https:\/\/apr-europe.com\/wp-content\/uploads\/2019\/04\/PorscheCup-N2.png","width":162,"height":240},{"@type":"BreadcrumbList","@id":"https:\/\/apr-europe.com\/en\/porsche-cup-n2-slick\/#breadcrumb","itemListElement":[{"@type":"ListItem","position":1,"name":"Home","item":"https:\/\/apr-europe.com\/en\/"},{"@type":"ListItem","position":2,"name":"PORSCHE CUP N2 &#8220;SLICK&#8221;"}]},{"@type":"WebSite","@id":"https:\/\/apr-europe.com\/en\/#website","url":"https:\/\/apr-europe.com\/en\/","name":"APR","description":"Le sp\u00e9cialiste des pneus de comp\u00e9tition circuit auto et moto","potentialAction":[{"@type":"SearchAction","target":{"@type":"EntryPoint","urlTemplate":"https:\/\/apr-europe.com\/en\/?s={search_term_string}"},"query-input":{"@type":"PropertyValueSpecification","valueRequired":true,"valueName":"search_term_string"}}],"inLanguage":"en-US"}]}},"_links":{"self":[{"href":"https:\/\/apr-europe.com\/en\/wp-json\/wp\/v2\/pages\/2579","targetHints":{"allow":["GET"]}}],"collection":[{"href":"https:\/\/apr-europe.com\/en\/wp-json\/wp\/v2\/pages"}],"about":[{"href":"https:\/\/apr-europe.com\/en\/wp-json\/wp\/v2\/types\/page"}],"author":[{"embeddable":true,"href":"https:\/\/apr-europe.com\/en\/wp-json\/wp\/v2\/users\/745"}],"replies":[{"embeddable":true,"href":"https:\/\/apr-europe.com\/en\/wp-json\/wp\/v2\/comments?post=2579"}],"version-history":[{"count":0,"href":"https:\/\/apr-europe.com\/en\/wp-json\/wp\/v2\/pages\/2579\/revisions"}],"wp:featuredmedia":[{"embeddable":true,"href":"https:\/\/apr-europe.com\/en\/wp-json\/wp\/v2\/media\/538"}],"wp:attachment":[{"href":"https:\/\/apr-europe.com\/en\/wp-json\/wp\/v2\/media?parent=2579"}],"curies":[{"name":"wp","href":"https:\/\/api.w.org\/{rel}","templated":true}]}}