{"id":2577,"date":"2019-10-10T08:59:59","date_gmt":"2019-10-10T06:59:59","guid":{"rendered":"https:\/\/apr-europe.com\/?page_id=2577"},"modified":"2019-10-10T08:59:59","modified_gmt":"2019-10-10T06:59:59","slug":"pilot-sport-gt-pluie","status":"publish","type":"page","link":"https:\/\/apr-europe.com\/en\/pilot-sport-gt-pluie\/","title":{"rendered":"PILOT SPORT GT &#8220;PLUIE&#8221;"},"content":{"rendered":"<p style=\"text-align: center;\"><strong>PILOT SPORT GT PLUIE<\/strong><\/p>\n<p>&nbsp;<\/p>\n<p><a href=\"https:\/\/apr-europe.com\/wp-content\/uploads\/2019\/05\/Pilot-Sport-GT-P2L.jpg\"><img decoding=\"async\" class=\"size-full wp-image-1631 alignleft\" src=\"https:\/\/apr-europe.com\/wp-content\/uploads\/2019\/05\/Pilot-Sport-GT-P2L.jpg\" alt=\"\" width=\"239\" height=\"239\" srcset=\"https:\/\/apr-europe.com\/wp-content\/uploads\/2019\/05\/Pilot-Sport-GT-P2L.jpg 239w, https:\/\/apr-europe.com\/wp-content\/uploads\/2019\/05\/Pilot-Sport-GT-P2L-150x150.jpg 150w, https:\/\/apr-europe.com\/wp-content\/uploads\/2019\/05\/Pilot-Sport-GT-P2L-100x100.jpg 100w\" sizes=\"(max-width: 239px) 100vw, 239px\" \/><\/a><\/p>\n<p>Gr\u00e2ce \u00e0 une technologie innovante issue du WEC, utilisant une nouvelle sculpture alli\u00e9e \u00e0 une carcasse de derni\u00e8re g\u00e9n\u00e9ration, le Pilot Sport GT P2L am\u00e9liore la performance sur les pistes s\u00e9chantes par rapport \u00e0 son pr\u00e9d\u00e9cesseur P2G tout en gardant un potentiel \u00e9lev\u00e9 sous forte hauteur d\u2019eau. La nouvelle gamme de pneumatique pluie Michelin Pilot Sport GT P2L a pour objectif d\u2019offrir aux pilotes toujours plus de ma\u00eetrise et de s\u00e9curit\u00e9 de conduite durant toute une course gr\u00e2ce \u00e0 une constance des performances am\u00e9lior\u00e9e.<\/p>\n<p>Les similitudes d\u2019architecture entre la gamme Pilot Sport GT L et le nouveau Pilot Sport GT P2L limitent les ajustements de settings de la voiture lors d\u2019un passage du sec \u00e0 la pluie. Ces r\u00e9glages s\u2019appliquent m\u00eame en phase de qualification sans compromis sur la performance et la dur\u00e9e de vie du pneu.<\/p>\n<p>PILOT SPORT GT P2L<br \/>\nLe PILOT SPORT GT P2L est la nouvelle g\u00e9n\u00e9ration de pneus pluie destin\u00e9e aux v\u00e9hicules Touring\/GT. Il b\u00e9n\u00e9ficie des derni\u00e8res technologies issues du WEC.<br \/>\n\u2022 un niveau de performance de m\u00e9lange identique au P2H permettant un fort niveau de grip<br \/>\n\u2022 une sculpture \u00e9tudi\u00e9e pour augmenter la performance sur le s\u00e9chant tout en garantissant une bonne \u00e9vacuation sur le mouill\u00e9<\/p>\n<p>PILOT SPORT GT P2G<br \/>\nLe PILOT SPORT GT P2G est compos\u00e9 d\u2019une architecture slick et d\u2019un m\u00e9lange pluie :<br \/>\n\u2022 excellent compromis adh\u00e9rence vs \u00e9vacuation de l\u2019eau<br \/>\n\u2022 retour de grip augment\u00e9 gr\u00e2ce \u00e0 son architecture slick<\/p>\n<p>PILOT SPORT GT P2H<br \/>\nLe PILOT SPORT GT P2H a une sculpture identique au P2G.<br \/>\nGr\u00e2ce \u00e0 un m\u00e9lange plus performant, le P2H procure plus de grip sur le s\u00e9chant.<\/p>\n","protected":false},"excerpt":{"rendered":"<p>PILOT SPORT GT PLUIE &nbsp; Gr\u00e2ce \u00e0 une technologie innovante issue du WEC, utilisant une nouvelle sculpture alli\u00e9e \u00e0 une carcasse de derni\u00e8re g\u00e9n\u00e9ration, le Pilot Sport GT P2L am\u00e9liore la performance sur les pistes s\u00e9chantes par rapport \u00e0 son pr\u00e9d\u00e9cesseur P2G tout en gardant un potentiel \u00e9lev\u00e9 sous forte hauteur d\u2019eau. La nouvelle gamme [&hellip;]<\/p>\n","protected":false},"author":745,"featured_media":0,"parent":0,"menu_order":0,"comment_status":"closed","ping_status":"closed","template":"","meta":{"_acf_changed":false,"footnotes":""},"class_list":["post-2577","page","type-page","status-publish","hentry"],"acf":[],"yoast_head":"<!-- This site is optimized with the Yoast SEO plugin v27.3 - https:\/\/yoast.com\/product\/yoast-seo-wordpress\/ -->\n<title>PILOT SPORT GT &quot;PLUIE&quot; - APR<\/title>\n<meta name=\"robots\" content=\"index, follow, max-snippet:-1, max-image-preview:large, max-video-preview:-1\" \/>\n<link rel=\"canonical\" href=\"https:\/\/apr-europe.com\/en\/pilot-sport-gt-pluie\/\" \/>\n<meta property=\"og:locale\" content=\"en_US\" \/>\n<meta property=\"og:type\" content=\"article\" \/>\n<meta property=\"og:title\" content=\"PILOT SPORT GT &quot;PLUIE&quot; - APR\" \/>\n<meta property=\"og:description\" content=\"PILOT SPORT GT PLUIE &nbsp; Gr\u00e2ce \u00e0 une technologie innovante issue du WEC, utilisant une nouvelle sculpture alli\u00e9e \u00e0 une carcasse de derni\u00e8re g\u00e9n\u00e9ration, le Pilot Sport GT P2L am\u00e9liore la performance sur les pistes s\u00e9chantes par rapport \u00e0 son pr\u00e9d\u00e9cesseur P2G tout en gardant un potentiel \u00e9lev\u00e9 sous forte hauteur d\u2019eau. La nouvelle gamme [&hellip;]\" \/>\n<meta property=\"og:url\" content=\"https:\/\/apr-europe.com\/en\/pilot-sport-gt-pluie\/\" \/>\n<meta property=\"og:site_name\" content=\"APR\" \/>\n<meta property=\"og:image\" content=\"https:\/\/apr-europe.com\/wp-content\/uploads\/2019\/05\/Pilot-Sport-GT-P2L.jpg\" \/>\n<meta name=\"twitter:card\" content=\"summary_large_image\" \/>\n<meta name=\"twitter:label1\" content=\"Est. reading time\" \/>\n\t<meta name=\"twitter:data1\" content=\"2 minutes\" \/>\n<script type=\"application\/ld+json\" class=\"yoast-schema-graph\">{\"@context\":\"https:\\\/\\\/schema.org\",\"@graph\":[{\"@type\":\"WebPage\",\"@id\":\"https:\\\/\\\/apr-europe.com\\\/en\\\/pilot-sport-gt-pluie\\\/\",\"url\":\"https:\\\/\\\/apr-europe.com\\\/en\\\/pilot-sport-gt-pluie\\\/\",\"name\":\"PILOT SPORT GT \\\"PLUIE\\\" - APR\",\"isPartOf\":{\"@id\":\"https:\\\/\\\/apr-europe.com\\\/en\\\/#website\"},\"primaryImageOfPage\":{\"@id\":\"https:\\\/\\\/apr-europe.com\\\/en\\\/pilot-sport-gt-pluie\\\/#primaryimage\"},\"image\":{\"@id\":\"https:\\\/\\\/apr-europe.com\\\/en\\\/pilot-sport-gt-pluie\\\/#primaryimage\"},\"thumbnailUrl\":\"https:\\\/\\\/apr-europe.com\\\/wp-content\\\/uploads\\\/2019\\\/05\\\/Pilot-Sport-GT-P2L.jpg\",\"datePublished\":\"2019-10-10T06:59:59+00:00\",\"breadcrumb\":{\"@id\":\"https:\\\/\\\/apr-europe.com\\\/en\\\/pilot-sport-gt-pluie\\\/#breadcrumb\"},\"inLanguage\":\"en-US\",\"potentialAction\":[{\"@type\":\"ReadAction\",\"target\":[\"https:\\\/\\\/apr-europe.com\\\/en\\\/pilot-sport-gt-pluie\\\/\"]}]},{\"@type\":\"ImageObject\",\"inLanguage\":\"en-US\",\"@id\":\"https:\\\/\\\/apr-europe.com\\\/en\\\/pilot-sport-gt-pluie\\\/#primaryimage\",\"url\":\"https:\\\/\\\/apr-europe.com\\\/wp-content\\\/uploads\\\/2019\\\/05\\\/Pilot-Sport-GT-P2L.jpg\",\"contentUrl\":\"https:\\\/\\\/apr-europe.com\\\/wp-content\\\/uploads\\\/2019\\\/05\\\/Pilot-Sport-GT-P2L.jpg\"},{\"@type\":\"BreadcrumbList\",\"@id\":\"https:\\\/\\\/apr-europe.com\\\/en\\\/pilot-sport-gt-pluie\\\/#breadcrumb\",\"itemListElement\":[{\"@type\":\"ListItem\",\"position\":1,\"name\":\"Home\",\"item\":\"https:\\\/\\\/apr-europe.com\\\/en\\\/\"},{\"@type\":\"ListItem\",\"position\":2,\"name\":\"PILOT SPORT GT &#8220;PLUIE&#8221;\"}]},{\"@type\":\"WebSite\",\"@id\":\"https:\\\/\\\/apr-europe.com\\\/en\\\/#website\",\"url\":\"https:\\\/\\\/apr-europe.com\\\/en\\\/\",\"name\":\"APR\",\"description\":\"Le sp\u00e9cialiste des pneus de comp\u00e9tition circuit auto et moto\",\"potentialAction\":[{\"@type\":\"SearchAction\",\"target\":{\"@type\":\"EntryPoint\",\"urlTemplate\":\"https:\\\/\\\/apr-europe.com\\\/en\\\/?s={search_term_string}\"},\"query-input\":{\"@type\":\"PropertyValueSpecification\",\"valueRequired\":true,\"valueName\":\"search_term_string\"}}],\"inLanguage\":\"en-US\"}]}<\/script>\n<!-- \/ Yoast SEO plugin. -->","yoast_head_json":{"title":"PILOT SPORT GT \"PLUIE\" - APR","robots":{"index":"index","follow":"follow","max-snippet":"max-snippet:-1","max-image-preview":"max-image-preview:large","max-video-preview":"max-video-preview:-1"},"canonical":"https:\/\/apr-europe.com\/en\/pilot-sport-gt-pluie\/","og_locale":"en_US","og_type":"article","og_title":"PILOT SPORT GT \"PLUIE\" - APR","og_description":"PILOT SPORT GT PLUIE &nbsp; Gr\u00e2ce \u00e0 une technologie innovante issue du WEC, utilisant une nouvelle sculpture alli\u00e9e \u00e0 une carcasse de derni\u00e8re g\u00e9n\u00e9ration, le Pilot Sport GT P2L am\u00e9liore la performance sur les pistes s\u00e9chantes par rapport \u00e0 son pr\u00e9d\u00e9cesseur P2G tout en gardant un potentiel \u00e9lev\u00e9 sous forte hauteur d\u2019eau. La nouvelle gamme [&hellip;]","og_url":"https:\/\/apr-europe.com\/en\/pilot-sport-gt-pluie\/","og_site_name":"APR","og_image":[{"url":"https:\/\/apr-europe.com\/wp-content\/uploads\/2019\/05\/Pilot-Sport-GT-P2L.jpg","type":"","width":"","height":""}],"twitter_card":"summary_large_image","twitter_misc":{"Est. reading time":"2 minutes"},"schema":{"@context":"https:\/\/schema.org","@graph":[{"@type":"WebPage","@id":"https:\/\/apr-europe.com\/en\/pilot-sport-gt-pluie\/","url":"https:\/\/apr-europe.com\/en\/pilot-sport-gt-pluie\/","name":"PILOT SPORT GT \"PLUIE\" - APR","isPartOf":{"@id":"https:\/\/apr-europe.com\/en\/#website"},"primaryImageOfPage":{"@id":"https:\/\/apr-europe.com\/en\/pilot-sport-gt-pluie\/#primaryimage"},"image":{"@id":"https:\/\/apr-europe.com\/en\/pilot-sport-gt-pluie\/#primaryimage"},"thumbnailUrl":"https:\/\/apr-europe.com\/wp-content\/uploads\/2019\/05\/Pilot-Sport-GT-P2L.jpg","datePublished":"2019-10-10T06:59:59+00:00","breadcrumb":{"@id":"https:\/\/apr-europe.com\/en\/pilot-sport-gt-pluie\/#breadcrumb"},"inLanguage":"en-US","potentialAction":[{"@type":"ReadAction","target":["https:\/\/apr-europe.com\/en\/pilot-sport-gt-pluie\/"]}]},{"@type":"ImageObject","inLanguage":"en-US","@id":"https:\/\/apr-europe.com\/en\/pilot-sport-gt-pluie\/#primaryimage","url":"https:\/\/apr-europe.com\/wp-content\/uploads\/2019\/05\/Pilot-Sport-GT-P2L.jpg","contentUrl":"https:\/\/apr-europe.com\/wp-content\/uploads\/2019\/05\/Pilot-Sport-GT-P2L.jpg"},{"@type":"BreadcrumbList","@id":"https:\/\/apr-europe.com\/en\/pilot-sport-gt-pluie\/#breadcrumb","itemListElement":[{"@type":"ListItem","position":1,"name":"Home","item":"https:\/\/apr-europe.com\/en\/"},{"@type":"ListItem","position":2,"name":"PILOT SPORT GT &#8220;PLUIE&#8221;"}]},{"@type":"WebSite","@id":"https:\/\/apr-europe.com\/en\/#website","url":"https:\/\/apr-europe.com\/en\/","name":"APR","description":"Le sp\u00e9cialiste des pneus de comp\u00e9tition circuit auto et moto","potentialAction":[{"@type":"SearchAction","target":{"@type":"EntryPoint","urlTemplate":"https:\/\/apr-europe.com\/en\/?s={search_term_string}"},"query-input":{"@type":"PropertyValueSpecification","valueRequired":true,"valueName":"search_term_string"}}],"inLanguage":"en-US"}]}},"_links":{"self":[{"href":"https:\/\/apr-europe.com\/en\/wp-json\/wp\/v2\/pages\/2577","targetHints":{"allow":["GET"]}}],"collection":[{"href":"https:\/\/apr-europe.com\/en\/wp-json\/wp\/v2\/pages"}],"about":[{"href":"https:\/\/apr-europe.com\/en\/wp-json\/wp\/v2\/types\/page"}],"author":[{"embeddable":true,"href":"https:\/\/apr-europe.com\/en\/wp-json\/wp\/v2\/users\/745"}],"replies":[{"embeddable":true,"href":"https:\/\/apr-europe.com\/en\/wp-json\/wp\/v2\/comments?post=2577"}],"version-history":[{"count":0,"href":"https:\/\/apr-europe.com\/en\/wp-json\/wp\/v2\/pages\/2577\/revisions"}],"wp:attachment":[{"href":"https:\/\/apr-europe.com\/en\/wp-json\/wp\/v2\/media?parent=2577"}],"curies":[{"name":"wp","href":"https:\/\/api.w.org\/{rel}","templated":true}]}}