{"id":2560,"date":"2019-10-09T14:09:56","date_gmt":"2019-10-09T12:09:56","guid":{"rendered":"https:\/\/apr-europe.com\/?page_id=2560"},"modified":"2019-10-10T08:54:26","modified_gmt":"2019-10-10T06:54:26","slug":"pilot-sport-gt-slick","status":"publish","type":"page","link":"https:\/\/apr-europe.com\/en\/pilot-sport-gt-slick\/","title":{"rendered":"PILOT SPORT GT &#8220;SLICK&#8221;"},"content":{"rendered":"<p style=\"text-align: center;\"><strong>PILOT SPORT GT SLICK<\/strong><\/p>\n<p style=\"text-align: center;\"><a href=\"https:\/\/apr-europe.com\/wp-content\/uploads\/2019\/04\/PilotSportGT.jpg\"><br \/>\n<img decoding=\"async\" class=\"size-full wp-image-536 alignleft\" src=\"https:\/\/apr-europe.com\/wp-content\/uploads\/2019\/04\/PilotSportGT.jpg\" alt=\"\" width=\"240\" height=\"240\" srcset=\"https:\/\/apr-europe.com\/wp-content\/uploads\/2019\/04\/PilotSportGT.jpg 240w, https:\/\/apr-europe.com\/wp-content\/uploads\/2019\/04\/PilotSportGT-150x150.jpg 150w, https:\/\/apr-europe.com\/wp-content\/uploads\/2019\/04\/PilotSportGT-100x100.jpg 100w\" sizes=\"(max-width: 240px) 100vw, 240px\" \/><\/a><\/p>\n<p>Gr\u00e2ce \u00e0 une technologie innovante issue du WEC, utilisant des frettages hybrides alli\u00e9s \u00e0 une carcasse de nouvelle g\u00e9n\u00e9ration, le nouveau pneumatique &#8220;PILOT SPORT GT&#8221; Michelin am\u00e9liore l\u2019endurance et la p\u00e9rennit\u00e9 des performances. La nouvelle gamme de pneumatique Michelin Pilot Sport GT L a pour objectif d\u2019offrir aux pilotes toujours plus de ma\u00eetrise et de plaisir au niveau de leur conduite durant toute une course.<\/p>\n<p>Le PILOT SPORT GT M:<\/p>\n<p>Ce pneu est la toute derni\u00e8re \u00e9volution de notre gamme Circuit. Issu du PILOT SPORT GT L, il conserve donc les m\u00eames avantages :<br \/>\n\u2022 une meilleure constance de la performance<br \/>\n\u2022 un plaisir de conduite renforc\u00e9 avec un bon compromis warm-up \/ endurance<br \/>\n\u2022 un support lat\u00e9ral augment\u00e9<br \/>\nIl se diff\u00e9rencie de son pr\u00e9d\u00e9cesseur par :<br \/>\n\u2022 l\u2019am\u00e9lioration de son architecture lui permettant d\u2019absorber<br \/>\nles contraintes des v\u00e9hicules<\/p>\n<p>PILOT SPORT GT L<br \/>\nLe PILOT SPORT GT L int\u00e8gre les derni\u00e8res technologies issues de nos championnats WEC et GT500.\u00a0 Les \u00e9volutions ont permis d\u2019avoir une architecture renforc\u00e9e par rapport \u00e0 la gamme pr\u00e9c\u00e9dente avec une carcasse plus endurante. Ce pneu apporte :<br \/>\n\u2022 une meilleure constance de la performance<br \/>\n\u2022 un plaisir de conduite renforc\u00e9 avec un bon compromis warmup \/ endurance<br \/>\n\u2022 un support lat\u00e9ral augment\u00e9<\/p>\n<p>&nbsp;<\/p>\n","protected":false},"excerpt":{"rendered":"<p>PILOT SPORT GT SLICK Gr\u00e2ce \u00e0 une technologie innovante issue du WEC, utilisant des frettages hybrides alli\u00e9s \u00e0 une carcasse de nouvelle g\u00e9n\u00e9ration, le nouveau pneumatique &#8220;PILOT SPORT GT&#8221; Michelin am\u00e9liore l\u2019endurance et la p\u00e9rennit\u00e9 des performances. La nouvelle gamme de pneumatique Michelin Pilot Sport GT L a pour objectif d\u2019offrir aux pilotes toujours plus [&hellip;]<\/p>\n","protected":false},"author":745,"featured_media":544,"parent":0,"menu_order":0,"comment_status":"closed","ping_status":"closed","template":"","meta":{"_acf_changed":false,"footnotes":""},"class_list":["post-2560","page","type-page","status-publish","has-post-thumbnail","hentry"],"acf":[],"yoast_head":"<!-- This site is optimized with the Yoast SEO plugin v27.3 - https:\/\/yoast.com\/product\/yoast-seo-wordpress\/ -->\n<title>PILOT SPORT GT &quot;SLICK&quot; - APR<\/title>\n<meta name=\"robots\" content=\"index, follow, max-snippet:-1, max-image-preview:large, max-video-preview:-1\" \/>\n<link rel=\"canonical\" href=\"https:\/\/apr-europe.com\/en\/pilot-sport-gt-slick\/\" \/>\n<meta property=\"og:locale\" content=\"en_US\" \/>\n<meta property=\"og:type\" content=\"article\" \/>\n<meta property=\"og:title\" content=\"PILOT SPORT GT &quot;SLICK&quot; - APR\" \/>\n<meta property=\"og:description\" content=\"PILOT SPORT GT SLICK Gr\u00e2ce \u00e0 une technologie innovante issue du WEC, utilisant des frettages hybrides alli\u00e9s \u00e0 une carcasse de nouvelle g\u00e9n\u00e9ration, le nouveau pneumatique &#8220;PILOT SPORT GT&#8221; Michelin am\u00e9liore l\u2019endurance et la p\u00e9rennit\u00e9 des performances. La nouvelle gamme de pneumatique Michelin Pilot Sport GT L a pour objectif d\u2019offrir aux pilotes toujours plus [&hellip;]\" \/>\n<meta property=\"og:url\" content=\"https:\/\/apr-europe.com\/en\/pilot-sport-gt-slick\/\" \/>\n<meta property=\"og:site_name\" content=\"APR\" \/>\n<meta property=\"article:modified_time\" content=\"2019-10-10T06:54:26+00:00\" \/>\n<meta property=\"og:image\" content=\"https:\/\/apr-europe.com\/wp-content\/uploads\/2019\/03\/PilotSportGT.png\" \/>\n\t<meta property=\"og:image:width\" content=\"240\" \/>\n\t<meta property=\"og:image:height\" content=\"240\" \/>\n\t<meta property=\"og:image:type\" content=\"image\/png\" \/>\n<meta name=\"twitter:card\" content=\"summary_large_image\" \/>\n<meta name=\"twitter:label1\" content=\"Est. reading time\" \/>\n\t<meta name=\"twitter:data1\" content=\"1 minute\" \/>\n<script type=\"application\/ld+json\" class=\"yoast-schema-graph\">{\"@context\":\"https:\\\/\\\/schema.org\",\"@graph\":[{\"@type\":\"WebPage\",\"@id\":\"https:\\\/\\\/apr-europe.com\\\/en\\\/pilot-sport-gt-slick\\\/\",\"url\":\"https:\\\/\\\/apr-europe.com\\\/en\\\/pilot-sport-gt-slick\\\/\",\"name\":\"PILOT SPORT GT \\\"SLICK\\\" - APR\",\"isPartOf\":{\"@id\":\"https:\\\/\\\/apr-europe.com\\\/en\\\/#website\"},\"primaryImageOfPage\":{\"@id\":\"https:\\\/\\\/apr-europe.com\\\/en\\\/pilot-sport-gt-slick\\\/#primaryimage\"},\"image\":{\"@id\":\"https:\\\/\\\/apr-europe.com\\\/en\\\/pilot-sport-gt-slick\\\/#primaryimage\"},\"thumbnailUrl\":\"https:\\\/\\\/apr-europe.com\\\/wp-content\\\/uploads\\\/2019\\\/03\\\/PilotSportGT.png\",\"datePublished\":\"2019-10-09T12:09:56+00:00\",\"dateModified\":\"2019-10-10T06:54:26+00:00\",\"breadcrumb\":{\"@id\":\"https:\\\/\\\/apr-europe.com\\\/en\\\/pilot-sport-gt-slick\\\/#breadcrumb\"},\"inLanguage\":\"en-US\",\"potentialAction\":[{\"@type\":\"ReadAction\",\"target\":[\"https:\\\/\\\/apr-europe.com\\\/en\\\/pilot-sport-gt-slick\\\/\"]}]},{\"@type\":\"ImageObject\",\"inLanguage\":\"en-US\",\"@id\":\"https:\\\/\\\/apr-europe.com\\\/en\\\/pilot-sport-gt-slick\\\/#primaryimage\",\"url\":\"https:\\\/\\\/apr-europe.com\\\/wp-content\\\/uploads\\\/2019\\\/03\\\/PilotSportGT.png\",\"contentUrl\":\"https:\\\/\\\/apr-europe.com\\\/wp-content\\\/uploads\\\/2019\\\/03\\\/PilotSportGT.png\",\"width\":240,\"height\":240},{\"@type\":\"BreadcrumbList\",\"@id\":\"https:\\\/\\\/apr-europe.com\\\/en\\\/pilot-sport-gt-slick\\\/#breadcrumb\",\"itemListElement\":[{\"@type\":\"ListItem\",\"position\":1,\"name\":\"Home\",\"item\":\"https:\\\/\\\/apr-europe.com\\\/en\\\/\"},{\"@type\":\"ListItem\",\"position\":2,\"name\":\"PILOT SPORT GT &#8220;SLICK&#8221;\"}]},{\"@type\":\"WebSite\",\"@id\":\"https:\\\/\\\/apr-europe.com\\\/en\\\/#website\",\"url\":\"https:\\\/\\\/apr-europe.com\\\/en\\\/\",\"name\":\"APR\",\"description\":\"Le sp\u00e9cialiste des pneus de comp\u00e9tition circuit auto et moto\",\"potentialAction\":[{\"@type\":\"SearchAction\",\"target\":{\"@type\":\"EntryPoint\",\"urlTemplate\":\"https:\\\/\\\/apr-europe.com\\\/en\\\/?s={search_term_string}\"},\"query-input\":{\"@type\":\"PropertyValueSpecification\",\"valueRequired\":true,\"valueName\":\"search_term_string\"}}],\"inLanguage\":\"en-US\"}]}<\/script>\n<!-- \/ Yoast SEO plugin. -->","yoast_head_json":{"title":"PILOT SPORT GT \"SLICK\" - APR","robots":{"index":"index","follow":"follow","max-snippet":"max-snippet:-1","max-image-preview":"max-image-preview:large","max-video-preview":"max-video-preview:-1"},"canonical":"https:\/\/apr-europe.com\/en\/pilot-sport-gt-slick\/","og_locale":"en_US","og_type":"article","og_title":"PILOT SPORT GT \"SLICK\" - APR","og_description":"PILOT SPORT GT SLICK Gr\u00e2ce \u00e0 une technologie innovante issue du WEC, utilisant des frettages hybrides alli\u00e9s \u00e0 une carcasse de nouvelle g\u00e9n\u00e9ration, le nouveau pneumatique &#8220;PILOT SPORT GT&#8221; Michelin am\u00e9liore l\u2019endurance et la p\u00e9rennit\u00e9 des performances. La nouvelle gamme de pneumatique Michelin Pilot Sport GT L a pour objectif d\u2019offrir aux pilotes toujours plus [&hellip;]","og_url":"https:\/\/apr-europe.com\/en\/pilot-sport-gt-slick\/","og_site_name":"APR","article_modified_time":"2019-10-10T06:54:26+00:00","og_image":[{"width":240,"height":240,"url":"https:\/\/apr-europe.com\/wp-content\/uploads\/2019\/03\/PilotSportGT.png","type":"image\/png"}],"twitter_card":"summary_large_image","twitter_misc":{"Est. reading time":"1 minute"},"schema":{"@context":"https:\/\/schema.org","@graph":[{"@type":"WebPage","@id":"https:\/\/apr-europe.com\/en\/pilot-sport-gt-slick\/","url":"https:\/\/apr-europe.com\/en\/pilot-sport-gt-slick\/","name":"PILOT SPORT GT \"SLICK\" - APR","isPartOf":{"@id":"https:\/\/apr-europe.com\/en\/#website"},"primaryImageOfPage":{"@id":"https:\/\/apr-europe.com\/en\/pilot-sport-gt-slick\/#primaryimage"},"image":{"@id":"https:\/\/apr-europe.com\/en\/pilot-sport-gt-slick\/#primaryimage"},"thumbnailUrl":"https:\/\/apr-europe.com\/wp-content\/uploads\/2019\/03\/PilotSportGT.png","datePublished":"2019-10-09T12:09:56+00:00","dateModified":"2019-10-10T06:54:26+00:00","breadcrumb":{"@id":"https:\/\/apr-europe.com\/en\/pilot-sport-gt-slick\/#breadcrumb"},"inLanguage":"en-US","potentialAction":[{"@type":"ReadAction","target":["https:\/\/apr-europe.com\/en\/pilot-sport-gt-slick\/"]}]},{"@type":"ImageObject","inLanguage":"en-US","@id":"https:\/\/apr-europe.com\/en\/pilot-sport-gt-slick\/#primaryimage","url":"https:\/\/apr-europe.com\/wp-content\/uploads\/2019\/03\/PilotSportGT.png","contentUrl":"https:\/\/apr-europe.com\/wp-content\/uploads\/2019\/03\/PilotSportGT.png","width":240,"height":240},{"@type":"BreadcrumbList","@id":"https:\/\/apr-europe.com\/en\/pilot-sport-gt-slick\/#breadcrumb","itemListElement":[{"@type":"ListItem","position":1,"name":"Home","item":"https:\/\/apr-europe.com\/en\/"},{"@type":"ListItem","position":2,"name":"PILOT SPORT GT &#8220;SLICK&#8221;"}]},{"@type":"WebSite","@id":"https:\/\/apr-europe.com\/en\/#website","url":"https:\/\/apr-europe.com\/en\/","name":"APR","description":"Le sp\u00e9cialiste des pneus de comp\u00e9tition circuit auto et moto","potentialAction":[{"@type":"SearchAction","target":{"@type":"EntryPoint","urlTemplate":"https:\/\/apr-europe.com\/en\/?s={search_term_string}"},"query-input":{"@type":"PropertyValueSpecification","valueRequired":true,"valueName":"search_term_string"}}],"inLanguage":"en-US"}]}},"_links":{"self":[{"href":"https:\/\/apr-europe.com\/en\/wp-json\/wp\/v2\/pages\/2560","targetHints":{"allow":["GET"]}}],"collection":[{"href":"https:\/\/apr-europe.com\/en\/wp-json\/wp\/v2\/pages"}],"about":[{"href":"https:\/\/apr-europe.com\/en\/wp-json\/wp\/v2\/types\/page"}],"author":[{"embeddable":true,"href":"https:\/\/apr-europe.com\/en\/wp-json\/wp\/v2\/users\/745"}],"replies":[{"embeddable":true,"href":"https:\/\/apr-europe.com\/en\/wp-json\/wp\/v2\/comments?post=2560"}],"version-history":[{"count":0,"href":"https:\/\/apr-europe.com\/en\/wp-json\/wp\/v2\/pages\/2560\/revisions"}],"wp:featuredmedia":[{"embeddable":true,"href":"https:\/\/apr-europe.com\/en\/wp-json\/wp\/v2\/media\/544"}],"wp:attachment":[{"href":"https:\/\/apr-europe.com\/en\/wp-json\/wp\/v2\/media?parent=2560"}],"curies":[{"name":"wp","href":"https:\/\/api.w.org\/{rel}","templated":true}]}}